{"id":21,"date":"2015-01-09T21:12:26","date_gmt":"2015-01-09T21:12:26","guid":{"rendered":"http:\/\/www.psicologiasexologiamallorca.com\/?page_id=21"},"modified":"2024-11-12T10:13:49","modified_gmt":"2024-11-12T10:13:49","slug":"how-can-we-help-you","status":"publish","type":"page","link":"https:\/\/psicologiainfantilmallorca.com\/english\/how-can-we-help-you\/","title":{"rendered":"How can we help you ?"},"content":{"rendered":"\n<h3 style=\"center; text-align: center;\">Click on the problem that best suits your concern<\/h3>\n<div class=\"filabotons1\">\n\n&nbsp;\n<div class=\"featuresbox\">\n<div class=\"featuresboxbg\">\n<h3><a href=\"https:\/\/psicologiainfantilmallorca.com\/english\/general-child-health-psychology\/\">General Child Health Psychology<\/a><\/h3>\n<\/div>\n&nbsp;\n\n<\/div>\n<div class=\"featuresbox\">\n<div class=\"featuresboxbg\">\n<h3><a href=\"https:\/\/psicologiainfantilmallorca.com\/english\/educational-psychology\/\">Educational Psychology<\/a><\/h3>\n<\/div>\n&nbsp;\n\n<\/div>\n<div class=\"featuresbox\">\n<div class=\"featuresboxbg\">\n<h3><a href=\"https:\/\/psicologiainfantilmallorca.com\/english\/grief-and-loss\/\">Grief and loss<\/a><\/h3>\n<\/div>\n&nbsp;\n\n<\/div>\n<\/div>\n<div class=\"clear\"><\/div>\n<div class=\"filabotons1\">\n<div class=\"featuresbox\">\n<div class=\"featuresboxbg\">\n<h3><a href=\"https:\/\/psicologiainfantilmallorca.com\/english\/adaptation-problems\/\">Adaptation problems<\/a><\/h3>\n<\/div>\n&nbsp;\n\n<\/div>\n<div class=\"featuresbox\">\n<div class=\"featuresboxbg\">\n<h3><a href=\"https:\/\/psicologiainfantilmallorca.com\/english\/developmental-disorders\/\">Neurodevelopmental disorders<\/a><\/h3>\n<\/div>\n&nbsp;\n\n<\/div>\n<div class=\"featuresbox\">\n<div class=\"featuresboxbg\">\n<h3><a href=\"https:\/\/psicologiainfantilmallorca.com\/english\/eating-disorders\/\">Eating disorders<\/a><\/h3>\n<\/div>\n&nbsp;\n\n<\/div>\n<\/div>\n<div class=\"clear\"><\/div>\n<div class=\"filabotons1\">\n<div class=\"featuresbox\">\n<div class=\"featuresboxbg\">\n<h3><a href=\"https:\/\/psicologiainfantilmallorca.com\/english\/online-therapy\/\">Online therapy<\/a><\/h3>\n<\/div>\n&nbsp;\n\n<\/div>\n<div class=\"featuresbox\">\n<div class=\"featuresboxbg\">\n<h3><a href=\"https:\/\/psicologiainfantilmallorca.com\/english\/therapy-in-english\/\">Therapy in English<\/a><\/h3>\n<\/div>\n&nbsp;\n\n<\/div>\n<\/div>\n<div class=\"clear\"><\/div>\n<div class=\"clear\"><\/div>\n\n\n<div class=\"su-spacer\" style=\"height:50px\"><\/div>\n\n\n\n<p class=\"has-text-align-center\">Read more about the rest of the Services of <a href=\"https:\/\/www.psicologiasexologiamallorca.com\/en-que-podemos-ayudarte\/\">Instituto Psicolog\u00eda-Sexolog\u00eda Mallorca<\/a><\/p>\n\n\n\n<p><\/p>\n\n\n\n<p><\/p>\n","protected":false},"excerpt":{"rendered":"<p>Click on the problem that best suits your concern &nbsp; General Child Health Psychology &nbsp; Educational Psychology &nbsp; Grief and loss &nbsp; Adaptation problems &nbsp; Neurodevelopmental disorders &nbsp; Eating disorders &nbsp; Online therapy &nbsp; Therapy in English &nbsp; Read more about the rest of the Services of Instituto Psicolog\u00eda-Sexolog\u00eda Mallorca<\/p>\n","protected":false},"author":1,"featured_media":389,"parent":0,"menu_order":3,"comment_status":"closed","ping_status":"closed","template":"full-width.php","meta":{"_joinchat":[],"footnotes":""},"class_list":["post-21","page","type-page","status-publish","has-post-thumbnail","hentry"],"yoast_head":"<!-- This site is optimized with the Yoast SEO plugin v25.6 - https:\/\/yoast.com\/wordpress\/plugins\/seo\/ -->\n<title>Psicolog\u00eda General Sanitaria Infantil en Palma Mallorca, Psicolog\u00eda Educativa en Palma Mallorca,Duelos y p\u00e9rdidas en Palma Mallorca, Problemas de Adaptaci\u00f3n en Palma Mallorca, Trastornos del Desarrollo en Palma Mallorca, Trastornos de Conducta Alimentaria en Palma Mallorca, Terapia ONLINE en Palma Mallorca y Terapia en Ingl\u00e9s en Palma Mallorca<\/title>\n<meta name=\"description\" content=\"Psicolog\u00eda Infanto-Juvenil Mallorca es el departamento de atenci\u00f3n psicol\u00f3gica a la infancia y adolescencia Mallorca\" \/>\n<meta name=\"robots\" content=\"index, follow, max-snippet:-1, max-image-preview:large, max-video-preview:-1\" \/>\n<link rel=\"canonical\" href=\"https:\/\/psicologiainfantilmallorca.com\/english\/how-can-we-help-you\/\" \/>\n<meta property=\"og:locale\" content=\"en_GB\" \/>\n<meta property=\"og:type\" content=\"article\" \/>\n<meta property=\"og:title\" content=\"Psicolog\u00eda General Sanitaria Infantil en Palma Mallorca, Psicolog\u00eda Educativa en Palma Mallorca,Duelos y p\u00e9rdidas en Palma Mallorca, Problemas de Adaptaci\u00f3n en Palma Mallorca, Trastornos del Desarrollo en Palma Mallorca, Trastornos de Conducta Alimentaria en Palma Mallorca, Terapia ONLINE en Palma Mallorca y Terapia en Ingl\u00e9s en Palma Mallorca\" \/>\n<meta property=\"og:description\" content=\"Psicolog\u00eda Infanto-Juvenil Mallorca es el departamento de atenci\u00f3n psicol\u00f3gica a la infancia y adolescencia Mallorca\" \/>\n<meta property=\"og:url\" content=\"https:\/\/psicologiainfantilmallorca.com\/english\/how-can-we-help-you\/\" \/>\n<meta property=\"og:site_name\" content=\"PSICOLOGIA INFANTIL MALLORCA\" \/>\n<meta property=\"article:modified_time\" content=\"2024-11-12T10:13:49+00:00\" \/>\n<meta property=\"og:image\" content=\"https:\/\/psicologiainfantilmallorca.com\/english\/wp-content\/uploads\/2015\/01\/FullSizeRender.jpg\" \/>\n\t<meta property=\"og:image:width\" content=\"2448\" \/>\n\t<meta property=\"og:image:height\" content=\"522\" \/>\n\t<meta property=\"og:image:type\" content=\"image\/jpeg\" \/>\n<meta name=\"twitter:card\" content=\"summary_large_image\" \/>\n<meta name=\"twitter:label1\" content=\"Estimated reading time\" \/>\n\t<meta name=\"twitter:data1\" content=\"1 minute\" \/>\n<script type=\"application\/ld+json\" class=\"yoast-schema-graph\">{\"@context\":\"https:\/\/schema.org\",\"@graph\":[{\"@type\":\"WebPage\",\"@id\":\"https:\/\/psicologiainfantilmallorca.com\/english\/how-can-we-help-you\/\",\"url\":\"https:\/\/psicologiainfantilmallorca.com\/english\/how-can-we-help-you\/\",\"name\":\"Psicolog\u00eda General Sanitaria Infantil en Palma Mallorca, Psicolog\u00eda Educativa en Palma Mallorca,Duelos y p\u00e9rdidas en Palma Mallorca, Problemas de Adaptaci\u00f3n en Palma Mallorca, Trastornos del Desarrollo en Palma Mallorca, Trastornos de Conducta Alimentaria en Palma Mallorca, Terapia ONLINE en Palma Mallorca y Terapia en Ingl\u00e9s en Palma Mallorca\",\"isPartOf\":{\"@id\":\"https:\/\/psicologiainfantilmallorca.com\/english\/#website\"},\"primaryImageOfPage\":{\"@id\":\"https:\/\/psicologiainfantilmallorca.com\/english\/how-can-we-help-you\/#primaryimage\"},\"image\":{\"@id\":\"https:\/\/psicologiainfantilmallorca.com\/english\/how-can-we-help-you\/#primaryimage\"},\"thumbnailUrl\":\"https:\/\/psicologiainfantilmallorca.com\/english\/wp-content\/uploads\/2015\/01\/FullSizeRender.jpg\",\"datePublished\":\"2015-01-09T21:12:26+00:00\",\"dateModified\":\"2024-11-12T10:13:49+00:00\",\"description\":\"Psicolog\u00eda Infanto-Juvenil Mallorca es el departamento de atenci\u00f3n psicol\u00f3gica a la infancia y adolescencia Mallorca\",\"breadcrumb\":{\"@id\":\"https:\/\/psicologiainfantilmallorca.com\/english\/how-can-we-help-you\/#breadcrumb\"},\"inLanguage\":\"en-GB\",\"potentialAction\":[{\"@type\":\"ReadAction\",\"target\":[\"https:\/\/psicologiainfantilmallorca.com\/english\/how-can-we-help-you\/\"]}]},{\"@type\":\"ImageObject\",\"inLanguage\":\"en-GB\",\"@id\":\"https:\/\/psicologiainfantilmallorca.com\/english\/how-can-we-help-you\/#primaryimage\",\"url\":\"https:\/\/psicologiainfantilmallorca.com\/english\/wp-content\/uploads\/2015\/01\/FullSizeRender.jpg\",\"contentUrl\":\"https:\/\/psicologiainfantilmallorca.com\/english\/wp-content\/uploads\/2015\/01\/FullSizeRender.jpg\",\"width\":2448,\"height\":522},{\"@type\":\"BreadcrumbList\",\"@id\":\"https:\/\/psicologiainfantilmallorca.com\/english\/how-can-we-help-you\/#breadcrumb\",\"itemListElement\":[{\"@type\":\"ListItem\",\"position\":1,\"name\":\"Portada\",\"item\":\"https:\/\/psicologiainfantilmallorca.com\/english\/\"},{\"@type\":\"ListItem\",\"position\":2,\"name\":\"How can we help you ?\"}]},{\"@type\":\"WebSite\",\"@id\":\"https:\/\/psicologiainfantilmallorca.com\/english\/#website\",\"url\":\"https:\/\/psicologiainfantilmallorca.com\/english\/\",\"name\":\"PSICOLOGIA INFANTIL MALLORCA\",\"description\":\"psicologiainfantilmallorca.com\/english\",\"publisher\":{\"@id\":\"https:\/\/psicologiainfantilmallorca.com\/english\/#organization\"},\"potentialAction\":[{\"@type\":\"SearchAction\",\"target\":{\"@type\":\"EntryPoint\",\"urlTemplate\":\"https:\/\/psicologiainfantilmallorca.com\/english\/?s={search_term_string}\"},\"query-input\":{\"@type\":\"PropertyValueSpecification\",\"valueRequired\":true,\"valueName\":\"search_term_string\"}}],\"inLanguage\":\"en-GB\"},{\"@type\":\"Organization\",\"@id\":\"https:\/\/psicologiainfantilmallorca.com\/english\/#organization\",\"name\":\"Psicolog\u00eda Infantil Mallorca\",\"url\":\"https:\/\/psicologiainfantilmallorca.com\/english\/\",\"logo\":{\"@type\":\"ImageObject\",\"inLanguage\":\"en-GB\",\"@id\":\"https:\/\/psicologiainfantilmallorca.com\/english\/#\/schema\/logo\/image\/\",\"url\":\"https:\/\/psicologiainfantilmallorca.com\/english\/wp-content\/uploads\/2022\/09\/juvenil.png\",\"contentUrl\":\"https:\/\/psicologiainfantilmallorca.com\/english\/wp-content\/uploads\/2022\/09\/juvenil.png\",\"width\":889,\"height\":439,\"caption\":\"Psicolog\u00eda Infantil Mallorca\"},\"image\":{\"@id\":\"https:\/\/psicologiainfantilmallorca.com\/english\/#\/schema\/logo\/image\/\"}}]}<\/script>\n<!-- \/ Yoast SEO plugin. -->","yoast_head_json":{"title":"Psicolog\u00eda General Sanitaria Infantil en Palma Mallorca, Psicolog\u00eda Educativa en Palma Mallorca,Duelos y p\u00e9rdidas en Palma Mallorca, Problemas de Adaptaci\u00f3n en Palma Mallorca, Trastornos del Desarrollo en Palma Mallorca, Trastornos de Conducta Alimentaria en Palma Mallorca, Terapia ONLINE en Palma Mallorca y Terapia en Ingl\u00e9s en Palma Mallorca","description":"Psicolog\u00eda Infanto-Juvenil Mallorca es el departamento de atenci\u00f3n psicol\u00f3gica a la infancia y adolescencia Mallorca","robots":{"index":"index","follow":"follow","max-snippet":"max-snippet:-1","max-image-preview":"max-image-preview:large","max-video-preview":"max-video-preview:-1"},"canonical":"https:\/\/psicologiainfantilmallorca.com\/english\/how-can-we-help-you\/","og_locale":"en_GB","og_type":"article","og_title":"Psicolog\u00eda General Sanitaria Infantil en Palma Mallorca, Psicolog\u00eda Educativa en Palma Mallorca,Duelos y p\u00e9rdidas en Palma Mallorca, Problemas de Adaptaci\u00f3n en Palma Mallorca, Trastornos del Desarrollo en Palma Mallorca, Trastornos de Conducta Alimentaria en Palma Mallorca, Terapia ONLINE en Palma Mallorca y Terapia en Ingl\u00e9s en Palma Mallorca","og_description":"Psicolog\u00eda Infanto-Juvenil Mallorca es el departamento de atenci\u00f3n psicol\u00f3gica a la infancia y adolescencia Mallorca","og_url":"https:\/\/psicologiainfantilmallorca.com\/english\/how-can-we-help-you\/","og_site_name":"PSICOLOGIA INFANTIL MALLORCA","article_modified_time":"2024-11-12T10:13:49+00:00","og_image":[{"width":2448,"height":522,"url":"https:\/\/psicologiainfantilmallorca.com\/english\/wp-content\/uploads\/2015\/01\/FullSizeRender.jpg","type":"image\/jpeg"}],"twitter_card":"summary_large_image","twitter_misc":{"Estimated reading time":"1 minute"},"schema":{"@context":"https:\/\/schema.org","@graph":[{"@type":"WebPage","@id":"https:\/\/psicologiainfantilmallorca.com\/english\/how-can-we-help-you\/","url":"https:\/\/psicologiainfantilmallorca.com\/english\/how-can-we-help-you\/","name":"Psicolog\u00eda General Sanitaria Infantil en Palma Mallorca, Psicolog\u00eda Educativa en Palma Mallorca,Duelos y p\u00e9rdidas en Palma Mallorca, Problemas de Adaptaci\u00f3n en Palma Mallorca, Trastornos del Desarrollo en Palma Mallorca, Trastornos de Conducta Alimentaria en Palma Mallorca, Terapia ONLINE en Palma Mallorca y Terapia en Ingl\u00e9s en Palma Mallorca","isPartOf":{"@id":"https:\/\/psicologiainfantilmallorca.com\/english\/#website"},"primaryImageOfPage":{"@id":"https:\/\/psicologiainfantilmallorca.com\/english\/how-can-we-help-you\/#primaryimage"},"image":{"@id":"https:\/\/psicologiainfantilmallorca.com\/english\/how-can-we-help-you\/#primaryimage"},"thumbnailUrl":"https:\/\/psicologiainfantilmallorca.com\/english\/wp-content\/uploads\/2015\/01\/FullSizeRender.jpg","datePublished":"2015-01-09T21:12:26+00:00","dateModified":"2024-11-12T10:13:49+00:00","description":"Psicolog\u00eda Infanto-Juvenil Mallorca es el departamento de atenci\u00f3n psicol\u00f3gica a la infancia y adolescencia Mallorca","breadcrumb":{"@id":"https:\/\/psicologiainfantilmallorca.com\/english\/how-can-we-help-you\/#breadcrumb"},"inLanguage":"en-GB","potentialAction":[{"@type":"ReadAction","target":["https:\/\/psicologiainfantilmallorca.com\/english\/how-can-we-help-you\/"]}]},{"@type":"ImageObject","inLanguage":"en-GB","@id":"https:\/\/psicologiainfantilmallorca.com\/english\/how-can-we-help-you\/#primaryimage","url":"https:\/\/psicologiainfantilmallorca.com\/english\/wp-content\/uploads\/2015\/01\/FullSizeRender.jpg","contentUrl":"https:\/\/psicologiainfantilmallorca.com\/english\/wp-content\/uploads\/2015\/01\/FullSizeRender.jpg","width":2448,"height":522},{"@type":"BreadcrumbList","@id":"https:\/\/psicologiainfantilmallorca.com\/english\/how-can-we-help-you\/#breadcrumb","itemListElement":[{"@type":"ListItem","position":1,"name":"Portada","item":"https:\/\/psicologiainfantilmallorca.com\/english\/"},{"@type":"ListItem","position":2,"name":"How can we help you ?"}]},{"@type":"WebSite","@id":"https:\/\/psicologiainfantilmallorca.com\/english\/#website","url":"https:\/\/psicologiainfantilmallorca.com\/english\/","name":"PSICOLOGIA INFANTIL MALLORCA","description":"psicologiainfantilmallorca.com\/english","publisher":{"@id":"https:\/\/psicologiainfantilmallorca.com\/english\/#organization"},"potentialAction":[{"@type":"SearchAction","target":{"@type":"EntryPoint","urlTemplate":"https:\/\/psicologiainfantilmallorca.com\/english\/?s={search_term_string}"},"query-input":{"@type":"PropertyValueSpecification","valueRequired":true,"valueName":"search_term_string"}}],"inLanguage":"en-GB"},{"@type":"Organization","@id":"https:\/\/psicologiainfantilmallorca.com\/english\/#organization","name":"Psicolog\u00eda Infantil Mallorca","url":"https:\/\/psicologiainfantilmallorca.com\/english\/","logo":{"@type":"ImageObject","inLanguage":"en-GB","@id":"https:\/\/psicologiainfantilmallorca.com\/english\/#\/schema\/logo\/image\/","url":"https:\/\/psicologiainfantilmallorca.com\/english\/wp-content\/uploads\/2022\/09\/juvenil.png","contentUrl":"https:\/\/psicologiainfantilmallorca.com\/english\/wp-content\/uploads\/2022\/09\/juvenil.png","width":889,"height":439,"caption":"Psicolog\u00eda Infantil Mallorca"},"image":{"@id":"https:\/\/psicologiainfantilmallorca.com\/english\/#\/schema\/logo\/image\/"}}]}},"_links":{"self":[{"href":"https:\/\/psicologiainfantilmallorca.com\/english\/wp-json\/wp\/v2\/pages\/21","targetHints":{"allow":["GET"]}}],"collection":[{"href":"https:\/\/psicologiainfantilmallorca.com\/english\/wp-json\/wp\/v2\/pages"}],"about":[{"href":"https:\/\/psicologiainfantilmallorca.com\/english\/wp-json\/wp\/v2\/types\/page"}],"author":[{"embeddable":true,"href":"https:\/\/psicologiainfantilmallorca.com\/english\/wp-json\/wp\/v2\/users\/1"}],"replies":[{"embeddable":true,"href":"https:\/\/psicologiainfantilmallorca.com\/english\/wp-json\/wp\/v2\/comments?post=21"}],"version-history":[{"count":170,"href":"https:\/\/psicologiainfantilmallorca.com\/english\/wp-json\/wp\/v2\/pages\/21\/revisions"}],"predecessor-version":[{"id":3319,"href":"https:\/\/psicologiainfantilmallorca.com\/english\/wp-json\/wp\/v2\/pages\/21\/revisions\/3319"}],"wp:featuredmedia":[{"embeddable":true,"href":"https:\/\/psicologiainfantilmallorca.com\/english\/wp-json\/wp\/v2\/media\/389"}],"wp:attachment":[{"href":"https:\/\/psicologiainfantilmallorca.com\/english\/wp-json\/wp\/v2\/media?parent=21"}],"curies":[{"name":"wp","href":"https:\/\/api.w.org\/{rel}","templated":true}]}}