{"id":1127,"date":"2021-04-06T17:47:00","date_gmt":"2021-04-06T16:47:00","guid":{"rendered":"http:\/\/www.psicologiasexologiamallorca.com\/?page_id=1127"},"modified":"2025-10-10T10:56:55","modified_gmt":"2025-10-10T10:56:55","slug":"aviso-legal","status":"publish","type":"page","link":"https:\/\/psicologiainfantilmallorca.com\/english\/aviso-legal\/","title":{"rendered":"Aviso Legal"},"content":{"rendered":"\n<p><strong>1. Identificaci\u00f3n y contacto del propietario de la web.<\/strong><\/p>\n\n\n\n<p><a href=\"http:\/\/www.psicologiainfantilmallorca.com\">www.psicologiainfantilmallorca.com<\/a> \u00a0(en adelante la web), es propiedad de PAOLA OBRADOR PELLICER (en adelante el Titular) con domicilio en C\/ Costa de les Germanetes, 6, 2\u00baB 07010 Palma de Mallorca, Illes Balears, con CIF 43166185S, tel\u00e9fono (+34) 640 728 808 \u00a0y correo electr\u00f3nico : <a href=\"mailto:info@psicologiasexologiamallorca.com\">info@psicologiinfantilmallorca.com <\/a>\u00a0<\/p>\n\n\n\n<p><strong>Otros datos del propietario:<\/strong><\/p>\n\n\n\n<p>N\u00famero de colegiado: Num. De colegiado: B-01815<\/p>\n\n\n\n<p><strong>2. \u00c1mbito de aplicaci\u00f3n.<\/strong><\/p>\n\n\n\n<p>La navegaci\u00f3n por el sitio web del Titular implica asumir la condici\u00f3n de usuario y la aceptaci\u00f3n absoluta de lo manifestado en este Aviso Legal.<\/p>\n\n\n\n<p><strong>3. Edad.<\/strong><\/p>\n\n\n\n<p>En nuestra web no tratamos datos de menores de catorce a\u00f1os.<\/p>\n\n\n\n<p><strong>4. Propiedad intelectual o industrial.<\/strong><\/p>\n\n\n\n<p>Los contenidos de la Web, por ejemplo textos, im\u00e1genes, gr\u00e1ficos o c\u00f3digo fuente, est\u00e1n protegidos por derechos de propiedad intelectual e industrial.<\/p>\n\n\n\n<p>Tales contenidos no podr\u00e1n ser, por ejemplo, reproducidos o transformados sin el permiso previo y expl\u00edcito del Titular. Los usuarios pueden acceder a los contenidos y realizar copias privadas autorizadas siempre que los elementos reproducidos no sean cedidos posteriormente a terceros, ni se instalen en servidores en red, ni sean objeto de ning\u00fan tipo de explotaci\u00f3n.<\/p>\n\n\n\n<p><strong>5. Normas comunes de uso de la web.<\/strong><\/p>\n\n\n\n<p>El usuario se compromete a hacer un uso de la Web de acuerdo a las siguientes normas:<\/p>\n\n\n\n<ul class=\"wp-block-list\">\n<li>No publicar\u00e1 comunicaciones comerciales a trav\u00e9s del sitio web.<\/li>\n\n\n\n<li>No recopilar\u00e1 contenido o informaci\u00f3n de otros usuarios.<\/li>\n\n\n\n<li>No cargar\u00e1 virus ni c\u00f3digo malintencionado de ning\u00fan tipo.<\/li>\n\n\n\n<li>No solicitar\u00e1 informaci\u00f3n de inicio de sesi\u00f3n ni acceder\u00e1 a una cuenta perteneciente a otro usuario.<\/li>\n\n\n\n<li>No realizar\u00e1 actos il\u00edcitos, enga\u00f1osos, malintencionados o discriminatorios en el sitio web, de acuerdo a estas condiciones y al ordenamiento jur\u00eddico espa\u00f1ol.<\/li>\n\n\n\n<li>En general, no realizar\u00e1 actos que supongan da\u00f1os o lesiones de los derechos de terceros.<\/li>\n<\/ul>\n\n\n\n<p>El Titular podr\u00e1 eliminar cualquier contenido o suspender el servicio si, seg\u00fan su propio criterio, incumple cualquiera de las normas y obligaciones descritas en este Aviso Legal.<\/p>\n\n\n\n<p>Para cualquier consulta o aclaraci\u00f3n sobre estas normas puede contactarnos v\u00eda email.<\/p>\n\n\n\n<p><strong>6. Enlaces y limitaci\u00f3n de responsabilidad.<\/strong><\/p>\n\n\n\n<p>El establecimiento de un hiperenlace no implica en ning\u00fan caso la existencia de relaciones entre el Titular y el propietario del sitio web en la que se establezca, ni la aceptaci\u00f3n y aprobaci\u00f3n por parte del Titular de sus contenidos o servicios. Aquellas personas que se propongan establecer un hiperenlace, previamente deber\u00e1n solicitar autorizaci\u00f3n por escrito al Titular. En todo caso, el hiperenlace \u00fanicamente permitir\u00e1 el acceso a la p\u00e1gina de inicio de nuestro sitio web. Asimismo, deber\u00e1 abstenerse de realizar manifestaciones o indicaciones falsas, inexactas o incorrectas sobre el Titular, o incluir contenidos il\u00edcitos, contrarios a las buenas costumbres y al orden p\u00fablico.<\/p>\n\n\n\n<p>El Titular no se responsabiliza del uso que cada usuario le d\u00e9 a los materiales puestos a disposici\u00f3n en este sitio web ni de las actuaciones que realice en base a los mismos. El contenido de la Web es de car\u00e1cter general y meramente informativo.<\/p>\n\n\n\n<p>El Titular no asumir\u00e1 responsabilidad por el contenido o funcionamiento de webs de terceros a los que el usuario del sitio Web pueda acceder mediante cualquier tipo de enlace.<\/p>\n\n\n\n<p>El Titular declina cualquier responsabilidad, hasta donde permita el ordenamiento jur\u00eddico, por los da\u00f1os y perjuicios derivados de la presencia de virus, de las actuaciones de terceros que vulneren derechos de propiedad, al honor, a la intimidad o sobre publicidad il\u00edcita.<\/p>\n\n\n\n<p>Si alg\u00fan usuario o tercero considera que en la Web se est\u00e1 cometiendo alg\u00fan il\u00edcito de cualquier tipo, debe remitir una comunicaci\u00f3n al Titular a la direcci\u00f3n de email que aparece en nuestros datos identificativos. Deber\u00e1 identificarse debidamente, especificando los hechos que denuncia.<\/p>\n\n\n\n<p><strong>7. Privacidad.<\/strong><\/p>\n\n\n\n<p>Si en la Web se recabaran datos personales, el Titular ser\u00e1 responsable de los mismos y los tratar\u00e1 con absoluta confidencialidad y seguridad. Podr\u00e1 encontrar m\u00e1s informaci\u00f3n en nuestra pol\u00edtica de privacidad y cookies.<\/p>\n\n\n\n<h2 class=\"wp-block-heading\">8. Modificaciones<\/h2>\n\n\n\n<p>El Titular se reserva el derecho a realizar las modificaciones que considere oportunas, sin aviso previo, en el contenido de su sitio web. Tanto en lo referente a los contenidos del sitio web, como en las condiciones de uso del mismo, o en las condiciones generales de contrataci\u00f3n. Dichas modificaciones podr\u00e1n realizarse a trav\u00e9s de su sitio web por cualquier forma admisible en derecho y ser\u00e1n de obligado cumplimiento durante el tiempo en que se encuentren publicadas en el web y hasta que no sean modificadas v\u00e1lidamente por otras posteriores.<\/p>\n\n\n\n<p><strong>&nbsp;9. Legislaci\u00f3n aplicable, soluci\u00f3n de cuestiones controvertidas y foro competente.<\/strong><\/p>\n\n\n\n<p>El uso de la Web se regir\u00e1 por la legislaci\u00f3n espa\u00f1ola. Cualquier controversia que surja o guarde relaci\u00f3n con el uso de la Web, ser\u00e1 sometido a la jurisdicci\u00f3n no exclusiva de los Juzgados y Tribunales del municipio donde radica el domicilio social del Titular.<\/p>\n","protected":false},"excerpt":{"rendered":"<p>1. Identificaci\u00f3n y contacto del propietario de la web. www.psicologiainfantilmallorca.com \u00a0(en adelante la web), es propiedad de PAOLA OBRADOR PELLICER (en adelante el Titular) con domicilio en C\/ Costa de les Germanetes, 6, 2\u00baB 07010 Palma de Mallorca, Illes Balears, con CIF 43166185S, tel\u00e9fono (+34) 640 728 808 \u00a0y correo electr\u00f3nico : info@psicologiinfantilmallorca.com \u00a0 Otros&#8230; <\/p>\n","protected":false},"author":1,"featured_media":0,"parent":0,"menu_order":50,"comment_status":"closed","ping_status":"closed","template":"","meta":{"_joinchat":[],"footnotes":""},"class_list":["post-1127","page","type-page","status-publish","hentry"],"yoast_head":"<!-- This site is optimized with the Yoast SEO plugin v25.6 - https:\/\/yoast.com\/wordpress\/plugins\/seo\/ -->\n<title>Aviso Legal - PSICOLOGIA INFANTIL MALLORCA<\/title>\n<meta name=\"robots\" content=\"index, follow, max-snippet:-1, max-image-preview:large, max-video-preview:-1\" \/>\n<link rel=\"canonical\" href=\"https:\/\/psicologiainfantilmallorca.com\/english\/aviso-legal\/\" \/>\n<meta property=\"og:locale\" content=\"en_GB\" \/>\n<meta property=\"og:type\" content=\"article\" \/>\n<meta property=\"og:title\" content=\"Aviso Legal - PSICOLOGIA INFANTIL MALLORCA\" \/>\n<meta property=\"og:description\" content=\"1. Identificaci\u00f3n y contacto del propietario de la web. www.psicologiainfantilmallorca.com \u00a0(en adelante la web), es propiedad de PAOLA OBRADOR PELLICER (en adelante el Titular) con domicilio en C\/ Costa de les Germanetes, 6, 2\u00baB 07010 Palma de Mallorca, Illes Balears, con CIF 43166185S, tel\u00e9fono (+34) 640 728 808 \u00a0y correo electr\u00f3nico : info@psicologiinfantilmallorca.com \u00a0 Otros...\" \/>\n<meta property=\"og:url\" content=\"https:\/\/psicologiainfantilmallorca.com\/english\/aviso-legal\/\" \/>\n<meta property=\"og:site_name\" content=\"PSICOLOGIA INFANTIL MALLORCA\" \/>\n<meta property=\"article:modified_time\" content=\"2025-10-10T10:56:55+00:00\" \/>\n<meta name=\"twitter:card\" content=\"summary_large_image\" \/>\n<meta name=\"twitter:label1\" content=\"Estimated reading time\" \/>\n\t<meta name=\"twitter:data1\" content=\"4 minutes\" \/>\n<script type=\"application\/ld+json\" class=\"yoast-schema-graph\">{\"@context\":\"https:\/\/schema.org\",\"@graph\":[{\"@type\":\"WebPage\",\"@id\":\"https:\/\/psicologiainfantilmallorca.com\/english\/aviso-legal\/\",\"url\":\"https:\/\/psicologiainfantilmallorca.com\/english\/aviso-legal\/\",\"name\":\"Aviso Legal - PSICOLOGIA INFANTIL MALLORCA\",\"isPartOf\":{\"@id\":\"https:\/\/psicologiainfantilmallorca.com\/english\/#website\"},\"datePublished\":\"2021-04-06T16:47:00+00:00\",\"dateModified\":\"2025-10-10T10:56:55+00:00\",\"breadcrumb\":{\"@id\":\"https:\/\/psicologiainfantilmallorca.com\/english\/aviso-legal\/#breadcrumb\"},\"inLanguage\":\"en-GB\",\"potentialAction\":[{\"@type\":\"ReadAction\",\"target\":[\"https:\/\/psicologiainfantilmallorca.com\/english\/aviso-legal\/\"]}]},{\"@type\":\"BreadcrumbList\",\"@id\":\"https:\/\/psicologiainfantilmallorca.com\/english\/aviso-legal\/#breadcrumb\",\"itemListElement\":[{\"@type\":\"ListItem\",\"position\":1,\"name\":\"Portada\",\"item\":\"https:\/\/psicologiainfantilmallorca.com\/english\/\"},{\"@type\":\"ListItem\",\"position\":2,\"name\":\"Aviso Legal\"}]},{\"@type\":\"WebSite\",\"@id\":\"https:\/\/psicologiainfantilmallorca.com\/english\/#website\",\"url\":\"https:\/\/psicologiainfantilmallorca.com\/english\/\",\"name\":\"PSICOLOGIA INFANTIL MALLORCA\",\"description\":\"psicologiainfantilmallorca.com\/english\",\"publisher\":{\"@id\":\"https:\/\/psicologiainfantilmallorca.com\/english\/#organization\"},\"potentialAction\":[{\"@type\":\"SearchAction\",\"target\":{\"@type\":\"EntryPoint\",\"urlTemplate\":\"https:\/\/psicologiainfantilmallorca.com\/english\/?s={search_term_string}\"},\"query-input\":{\"@type\":\"PropertyValueSpecification\",\"valueRequired\":true,\"valueName\":\"search_term_string\"}}],\"inLanguage\":\"en-GB\"},{\"@type\":\"Organization\",\"@id\":\"https:\/\/psicologiainfantilmallorca.com\/english\/#organization\",\"name\":\"Psicolog\u00eda Infantil Mallorca\",\"url\":\"https:\/\/psicologiainfantilmallorca.com\/english\/\",\"logo\":{\"@type\":\"ImageObject\",\"inLanguage\":\"en-GB\",\"@id\":\"https:\/\/psicologiainfantilmallorca.com\/english\/#\/schema\/logo\/image\/\",\"url\":\"https:\/\/psicologiainfantilmallorca.com\/english\/wp-content\/uploads\/2022\/09\/juvenil.png\",\"contentUrl\":\"https:\/\/psicologiainfantilmallorca.com\/english\/wp-content\/uploads\/2022\/09\/juvenil.png\",\"width\":889,\"height\":439,\"caption\":\"Psicolog\u00eda Infantil Mallorca\"},\"image\":{\"@id\":\"https:\/\/psicologiainfantilmallorca.com\/english\/#\/schema\/logo\/image\/\"}}]}<\/script>\n<!-- \/ Yoast SEO plugin. -->","yoast_head_json":{"title":"Aviso Legal - PSICOLOGIA INFANTIL MALLORCA","robots":{"index":"index","follow":"follow","max-snippet":"max-snippet:-1","max-image-preview":"max-image-preview:large","max-video-preview":"max-video-preview:-1"},"canonical":"https:\/\/psicologiainfantilmallorca.com\/english\/aviso-legal\/","og_locale":"en_GB","og_type":"article","og_title":"Aviso Legal - PSICOLOGIA INFANTIL MALLORCA","og_description":"1. Identificaci\u00f3n y contacto del propietario de la web. www.psicologiainfantilmallorca.com \u00a0(en adelante la web), es propiedad de PAOLA OBRADOR PELLICER (en adelante el Titular) con domicilio en C\/ Costa de les Germanetes, 6, 2\u00baB 07010 Palma de Mallorca, Illes Balears, con CIF 43166185S, tel\u00e9fono (+34) 640 728 808 \u00a0y correo electr\u00f3nico : info@psicologiinfantilmallorca.com \u00a0 Otros...","og_url":"https:\/\/psicologiainfantilmallorca.com\/english\/aviso-legal\/","og_site_name":"PSICOLOGIA INFANTIL MALLORCA","article_modified_time":"2025-10-10T10:56:55+00:00","twitter_card":"summary_large_image","twitter_misc":{"Estimated reading time":"4 minutes"},"schema":{"@context":"https:\/\/schema.org","@graph":[{"@type":"WebPage","@id":"https:\/\/psicologiainfantilmallorca.com\/english\/aviso-legal\/","url":"https:\/\/psicologiainfantilmallorca.com\/english\/aviso-legal\/","name":"Aviso Legal - PSICOLOGIA INFANTIL MALLORCA","isPartOf":{"@id":"https:\/\/psicologiainfantilmallorca.com\/english\/#website"},"datePublished":"2021-04-06T16:47:00+00:00","dateModified":"2025-10-10T10:56:55+00:00","breadcrumb":{"@id":"https:\/\/psicologiainfantilmallorca.com\/english\/aviso-legal\/#breadcrumb"},"inLanguage":"en-GB","potentialAction":[{"@type":"ReadAction","target":["https:\/\/psicologiainfantilmallorca.com\/english\/aviso-legal\/"]}]},{"@type":"BreadcrumbList","@id":"https:\/\/psicologiainfantilmallorca.com\/english\/aviso-legal\/#breadcrumb","itemListElement":[{"@type":"ListItem","position":1,"name":"Portada","item":"https:\/\/psicologiainfantilmallorca.com\/english\/"},{"@type":"ListItem","position":2,"name":"Aviso Legal"}]},{"@type":"WebSite","@id":"https:\/\/psicologiainfantilmallorca.com\/english\/#website","url":"https:\/\/psicologiainfantilmallorca.com\/english\/","name":"PSICOLOGIA INFANTIL MALLORCA","description":"psicologiainfantilmallorca.com\/english","publisher":{"@id":"https:\/\/psicologiainfantilmallorca.com\/english\/#organization"},"potentialAction":[{"@type":"SearchAction","target":{"@type":"EntryPoint","urlTemplate":"https:\/\/psicologiainfantilmallorca.com\/english\/?s={search_term_string}"},"query-input":{"@type":"PropertyValueSpecification","valueRequired":true,"valueName":"search_term_string"}}],"inLanguage":"en-GB"},{"@type":"Organization","@id":"https:\/\/psicologiainfantilmallorca.com\/english\/#organization","name":"Psicolog\u00eda Infantil Mallorca","url":"https:\/\/psicologiainfantilmallorca.com\/english\/","logo":{"@type":"ImageObject","inLanguage":"en-GB","@id":"https:\/\/psicologiainfantilmallorca.com\/english\/#\/schema\/logo\/image\/","url":"https:\/\/psicologiainfantilmallorca.com\/english\/wp-content\/uploads\/2022\/09\/juvenil.png","contentUrl":"https:\/\/psicologiainfantilmallorca.com\/english\/wp-content\/uploads\/2022\/09\/juvenil.png","width":889,"height":439,"caption":"Psicolog\u00eda Infantil Mallorca"},"image":{"@id":"https:\/\/psicologiainfantilmallorca.com\/english\/#\/schema\/logo\/image\/"}}]}},"_links":{"self":[{"href":"https:\/\/psicologiainfantilmallorca.com\/english\/wp-json\/wp\/v2\/pages\/1127","targetHints":{"allow":["GET"]}}],"collection":[{"href":"https:\/\/psicologiainfantilmallorca.com\/english\/wp-json\/wp\/v2\/pages"}],"about":[{"href":"https:\/\/psicologiainfantilmallorca.com\/english\/wp-json\/wp\/v2\/types\/page"}],"author":[{"embeddable":true,"href":"https:\/\/psicologiainfantilmallorca.com\/english\/wp-json\/wp\/v2\/users\/1"}],"replies":[{"embeddable":true,"href":"https:\/\/psicologiainfantilmallorca.com\/english\/wp-json\/wp\/v2\/comments?post=1127"}],"version-history":[{"count":3,"href":"https:\/\/psicologiainfantilmallorca.com\/english\/wp-json\/wp\/v2\/pages\/1127\/revisions"}],"predecessor-version":[{"id":3445,"href":"https:\/\/psicologiainfantilmallorca.com\/english\/wp-json\/wp\/v2\/pages\/1127\/revisions\/3445"}],"wp:attachment":[{"href":"https:\/\/psicologiainfantilmallorca.com\/english\/wp-json\/wp\/v2\/media?parent=1127"}],"curies":[{"name":"wp","href":"https:\/\/api.w.org\/{rel}","templated":true}]}}