{"id":3214,"date":"2023-02-02T12:51:06","date_gmt":"2023-02-02T12:51:06","guid":{"rendered":"https:\/\/psicologiainfantilmallorca.com\/catala\/?page_id=3214"},"modified":"2023-02-02T12:51:08","modified_gmt":"2023-02-02T12:51:08","slug":"terapia-en-angles","status":"publish","type":"page","link":"https:\/\/psicologiainfantilmallorca.com\/catala\/terapia-en-angles\/","title":{"rendered":"Ter\u00e0pia en angl\u00e8s"},"content":{"rendered":"\n<figure class=\"wp-block-image size-full\"><a href=\"https:\/\/psicologiainfantilmallorca.com\/catala\/wp-content\/uploads\/2023\/02\/terapia-en-angles.jpg\"><img loading=\"lazy\" decoding=\"async\" width=\"1000\" height=\"667\" src=\"https:\/\/psicologiainfantilmallorca.com\/catala\/wp-content\/uploads\/2023\/02\/terapia-en-angles.jpg\" alt=\"\" class=\"wp-image-3215\" srcset=\"https:\/\/psicologiainfantilmallorca.com\/catala\/wp-content\/uploads\/2023\/02\/terapia-en-angles.jpg 1000w, https:\/\/psicologiainfantilmallorca.com\/catala\/wp-content\/uploads\/2023\/02\/terapia-en-angles-300x200.jpg 300w, https:\/\/psicologiainfantilmallorca.com\/catala\/wp-content\/uploads\/2023\/02\/terapia-en-angles-768x512.jpg 768w, https:\/\/psicologiainfantilmallorca.com\/catala\/wp-content\/uploads\/2023\/02\/terapia-en-angles-272x182.jpg 272w\" sizes=\"auto, (max-width: 1000px) 100vw, 1000px\" \/><\/a><\/figure>\n\n\n\n<p>La major part dels nostres serveis tamb\u00e9 els oferim en llengua anglesa.<\/p>\n\n\n\n<p>Pots fer clic sobre el nom de cada tema per a obtenir m\u00e9s informaci\u00f3:<\/p>\n\n\n\n<p><a href=\"https:\/\/psicologiainfantilmallorca.com\/catala\/psicologia-general-sanitaria-infantil\/\">Psicologia General Sanit\u00e0ria Infantil<\/a><\/p>\n\n\n\n<p><a href=\"https:\/\/psicologiainfantilmallorca.com\/catala\/psicologia-educativa\/\">Psicologia Educativa<\/a><\/p>\n\n\n\n<p><a href=\"https:\/\/psicologiainfantilmallorca.com\/catala\/problemes-dadaptacio\/\">Problemes d&#8217;adaptaci\u00f3<\/a><\/p>\n\n\n\n<p><a href=\"https:\/\/psicologiainfantilmallorca.com\/catala\/dols-i-perdues\/\">Dols i p\u00e8rdues<\/a><\/p>\n","protected":false},"excerpt":{"rendered":"<p>La major part dels nostres serveis tamb\u00e9 els oferim en llengua anglesa. Pots fer clic sobre el nom de cada tema per a obtenir m\u00e9s informaci\u00f3: Psicologia General Sanit\u00e0ria Infantil Psicologia Educativa Problemes d&#8217;adaptaci\u00f3 Dols i p\u00e8rdues<\/p>\n","protected":false},"author":1,"featured_media":0,"parent":0,"menu_order":0,"comment_status":"closed","ping_status":"closed","template":"template-woo-sidebar.php","meta":{"_joinchat":[],"footnotes":""},"class_list":["post-3214","page","type-page","status-publish","hentry"],"yoast_head":"<!-- This site is optimized with the Yoast SEO plugin v25.6 - https:\/\/yoast.com\/wordpress\/plugins\/seo\/ -->\n<title>Ter\u00e0pia en angl\u00e8s - PSICOLOGIA INFANTIL MALLORCA<\/title>\n<meta name=\"robots\" content=\"index, follow, max-snippet:-1, max-image-preview:large, max-video-preview:-1\" \/>\n<link rel=\"canonical\" href=\"https:\/\/psicologiainfantilmallorca.com\/catala\/terapia-en-angles\/\" \/>\n<meta property=\"og:locale\" content=\"ca_ES\" \/>\n<meta property=\"og:type\" content=\"article\" \/>\n<meta property=\"og:title\" content=\"Ter\u00e0pia en angl\u00e8s - PSICOLOGIA INFANTIL MALLORCA\" \/>\n<meta property=\"og:description\" content=\"La major part dels nostres serveis tamb\u00e9 els oferim en llengua anglesa. Pots fer clic sobre el nom de cada tema per a obtenir m\u00e9s informaci\u00f3: Psicologia General Sanit\u00e0ria Infantil Psicologia Educativa Problemes d&#8217;adaptaci\u00f3 Dols i p\u00e8rdues\" \/>\n<meta property=\"og:url\" content=\"https:\/\/psicologiainfantilmallorca.com\/catala\/terapia-en-angles\/\" \/>\n<meta property=\"og:site_name\" content=\"PSICOLOGIA INFANTIL MALLORCA\" \/>\n<meta property=\"article:modified_time\" content=\"2023-02-02T12:51:08+00:00\" \/>\n<meta property=\"og:image\" content=\"https:\/\/psicologiainfantilmallorca.com\/catala\/wp-content\/uploads\/2023\/02\/terapia-en-angles.jpg\" \/>\n<meta name=\"twitter:card\" content=\"summary_large_image\" \/>\n<meta name=\"twitter:label1\" content=\"Temps estimat de lectura\" \/>\n\t<meta name=\"twitter:data1\" content=\"1 minut\" \/>\n<script type=\"application\/ld+json\" class=\"yoast-schema-graph\">{\"@context\":\"https:\/\/schema.org\",\"@graph\":[{\"@type\":\"WebPage\",\"@id\":\"https:\/\/psicologiainfantilmallorca.com\/catala\/terapia-en-angles\/\",\"url\":\"https:\/\/psicologiainfantilmallorca.com\/catala\/terapia-en-angles\/\",\"name\":\"Ter\u00e0pia en angl\u00e8s - PSICOLOGIA INFANTIL MALLORCA\",\"isPartOf\":{\"@id\":\"https:\/\/psicologiainfantilmallorca.com\/catala\/#website\"},\"primaryImageOfPage\":{\"@id\":\"https:\/\/psicologiainfantilmallorca.com\/catala\/terapia-en-angles\/#primaryimage\"},\"image\":{\"@id\":\"https:\/\/psicologiainfantilmallorca.com\/catala\/terapia-en-angles\/#primaryimage\"},\"thumbnailUrl\":\"https:\/\/psicologiainfantilmallorca.com\/catala\/wp-content\/uploads\/2023\/02\/terapia-en-angles.jpg\",\"datePublished\":\"2023-02-02T12:51:06+00:00\",\"dateModified\":\"2023-02-02T12:51:08+00:00\",\"breadcrumb\":{\"@id\":\"https:\/\/psicologiainfantilmallorca.com\/catala\/terapia-en-angles\/#breadcrumb\"},\"inLanguage\":\"ca\",\"potentialAction\":[{\"@type\":\"ReadAction\",\"target\":[\"https:\/\/psicologiainfantilmallorca.com\/catala\/terapia-en-angles\/\"]}]},{\"@type\":\"ImageObject\",\"inLanguage\":\"ca\",\"@id\":\"https:\/\/psicologiainfantilmallorca.com\/catala\/terapia-en-angles\/#primaryimage\",\"url\":\"https:\/\/psicologiainfantilmallorca.com\/catala\/wp-content\/uploads\/2023\/02\/terapia-en-angles.jpg\",\"contentUrl\":\"https:\/\/psicologiainfantilmallorca.com\/catala\/wp-content\/uploads\/2023\/02\/terapia-en-angles.jpg\",\"width\":1000,\"height\":667},{\"@type\":\"BreadcrumbList\",\"@id\":\"https:\/\/psicologiainfantilmallorca.com\/catala\/terapia-en-angles\/#breadcrumb\",\"itemListElement\":[{\"@type\":\"ListItem\",\"position\":1,\"name\":\"Portada\",\"item\":\"https:\/\/psicologiainfantilmallorca.com\/catala\/\"},{\"@type\":\"ListItem\",\"position\":2,\"name\":\"Ter\u00e0pia en angl\u00e8s\"}]},{\"@type\":\"WebSite\",\"@id\":\"https:\/\/psicologiainfantilmallorca.com\/catala\/#website\",\"url\":\"https:\/\/psicologiainfantilmallorca.com\/catala\/\",\"name\":\"PSICOLOGIA INFANTIL MALLORCA\",\"description\":\"psicologiainfantilmallorca.com\",\"potentialAction\":[{\"@type\":\"SearchAction\",\"target\":{\"@type\":\"EntryPoint\",\"urlTemplate\":\"https:\/\/psicologiainfantilmallorca.com\/catala\/?s={search_term_string}\"},\"query-input\":{\"@type\":\"PropertyValueSpecification\",\"valueRequired\":true,\"valueName\":\"search_term_string\"}}],\"inLanguage\":\"ca\"}]}<\/script>\n<!-- \/ Yoast SEO plugin. -->","yoast_head_json":{"title":"Ter\u00e0pia en angl\u00e8s - PSICOLOGIA INFANTIL MALLORCA","robots":{"index":"index","follow":"follow","max-snippet":"max-snippet:-1","max-image-preview":"max-image-preview:large","max-video-preview":"max-video-preview:-1"},"canonical":"https:\/\/psicologiainfantilmallorca.com\/catala\/terapia-en-angles\/","og_locale":"ca_ES","og_type":"article","og_title":"Ter\u00e0pia en angl\u00e8s - PSICOLOGIA INFANTIL MALLORCA","og_description":"La major part dels nostres serveis tamb\u00e9 els oferim en llengua anglesa. Pots fer clic sobre el nom de cada tema per a obtenir m\u00e9s informaci\u00f3: Psicologia General Sanit\u00e0ria Infantil Psicologia Educativa Problemes d&#8217;adaptaci\u00f3 Dols i p\u00e8rdues","og_url":"https:\/\/psicologiainfantilmallorca.com\/catala\/terapia-en-angles\/","og_site_name":"PSICOLOGIA INFANTIL MALLORCA","article_modified_time":"2023-02-02T12:51:08+00:00","og_image":[{"url":"https:\/\/psicologiainfantilmallorca.com\/catala\/wp-content\/uploads\/2023\/02\/terapia-en-angles.jpg","type":"","width":"","height":""}],"twitter_card":"summary_large_image","twitter_misc":{"Temps estimat de lectura":"1 minut"},"schema":{"@context":"https:\/\/schema.org","@graph":[{"@type":"WebPage","@id":"https:\/\/psicologiainfantilmallorca.com\/catala\/terapia-en-angles\/","url":"https:\/\/psicologiainfantilmallorca.com\/catala\/terapia-en-angles\/","name":"Ter\u00e0pia en angl\u00e8s - PSICOLOGIA INFANTIL MALLORCA","isPartOf":{"@id":"https:\/\/psicologiainfantilmallorca.com\/catala\/#website"},"primaryImageOfPage":{"@id":"https:\/\/psicologiainfantilmallorca.com\/catala\/terapia-en-angles\/#primaryimage"},"image":{"@id":"https:\/\/psicologiainfantilmallorca.com\/catala\/terapia-en-angles\/#primaryimage"},"thumbnailUrl":"https:\/\/psicologiainfantilmallorca.com\/catala\/wp-content\/uploads\/2023\/02\/terapia-en-angles.jpg","datePublished":"2023-02-02T12:51:06+00:00","dateModified":"2023-02-02T12:51:08+00:00","breadcrumb":{"@id":"https:\/\/psicologiainfantilmallorca.com\/catala\/terapia-en-angles\/#breadcrumb"},"inLanguage":"ca","potentialAction":[{"@type":"ReadAction","target":["https:\/\/psicologiainfantilmallorca.com\/catala\/terapia-en-angles\/"]}]},{"@type":"ImageObject","inLanguage":"ca","@id":"https:\/\/psicologiainfantilmallorca.com\/catala\/terapia-en-angles\/#primaryimage","url":"https:\/\/psicologiainfantilmallorca.com\/catala\/wp-content\/uploads\/2023\/02\/terapia-en-angles.jpg","contentUrl":"https:\/\/psicologiainfantilmallorca.com\/catala\/wp-content\/uploads\/2023\/02\/terapia-en-angles.jpg","width":1000,"height":667},{"@type":"BreadcrumbList","@id":"https:\/\/psicologiainfantilmallorca.com\/catala\/terapia-en-angles\/#breadcrumb","itemListElement":[{"@type":"ListItem","position":1,"name":"Portada","item":"https:\/\/psicologiainfantilmallorca.com\/catala\/"},{"@type":"ListItem","position":2,"name":"Ter\u00e0pia en angl\u00e8s"}]},{"@type":"WebSite","@id":"https:\/\/psicologiainfantilmallorca.com\/catala\/#website","url":"https:\/\/psicologiainfantilmallorca.com\/catala\/","name":"PSICOLOGIA INFANTIL MALLORCA","description":"psicologiainfantilmallorca.com","potentialAction":[{"@type":"SearchAction","target":{"@type":"EntryPoint","urlTemplate":"https:\/\/psicologiainfantilmallorca.com\/catala\/?s={search_term_string}"},"query-input":{"@type":"PropertyValueSpecification","valueRequired":true,"valueName":"search_term_string"}}],"inLanguage":"ca"}]}},"_links":{"self":[{"href":"https:\/\/psicologiainfantilmallorca.com\/catala\/wp-json\/wp\/v2\/pages\/3214","targetHints":{"allow":["GET"]}}],"collection":[{"href":"https:\/\/psicologiainfantilmallorca.com\/catala\/wp-json\/wp\/v2\/pages"}],"about":[{"href":"https:\/\/psicologiainfantilmallorca.com\/catala\/wp-json\/wp\/v2\/types\/page"}],"author":[{"embeddable":true,"href":"https:\/\/psicologiainfantilmallorca.com\/catala\/wp-json\/wp\/v2\/users\/1"}],"replies":[{"embeddable":true,"href":"https:\/\/psicologiainfantilmallorca.com\/catala\/wp-json\/wp\/v2\/comments?post=3214"}],"version-history":[{"count":1,"href":"https:\/\/psicologiainfantilmallorca.com\/catala\/wp-json\/wp\/v2\/pages\/3214\/revisions"}],"predecessor-version":[{"id":3216,"href":"https:\/\/psicologiainfantilmallorca.com\/catala\/wp-json\/wp\/v2\/pages\/3214\/revisions\/3216"}],"wp:attachment":[{"href":"https:\/\/psicologiainfantilmallorca.com\/catala\/wp-json\/wp\/v2\/media?parent=3214"}],"curies":[{"name":"wp","href":"https:\/\/api.w.org\/{rel}","templated":true}]}}