{"id":3211,"date":"2023-02-02T12:46:11","date_gmt":"2023-02-02T12:46:11","guid":{"rendered":"https:\/\/psicologiainfantilmallorca.com\/catala\/?page_id=3211"},"modified":"2023-02-02T12:46:12","modified_gmt":"2023-02-02T12:46:12","slug":"terapia-online","status":"publish","type":"page","link":"https:\/\/psicologiainfantilmallorca.com\/catala\/terapia-online\/","title":{"rendered":"Ter\u00e0pia ONLINE"},"content":{"rendered":"\n<figure class=\"wp-block-image size-full\"><a href=\"https:\/\/psicologiainfantilmallorca.com\/catala\/wp-content\/uploads\/2023\/02\/terapia-online.jpg\"><img loading=\"lazy\" decoding=\"async\" width=\"1000\" height=\"320\" src=\"https:\/\/psicologiainfantilmallorca.com\/catala\/wp-content\/uploads\/2023\/02\/terapia-online.jpg\" alt=\"\" class=\"wp-image-3212\" srcset=\"https:\/\/psicologiainfantilmallorca.com\/catala\/wp-content\/uploads\/2023\/02\/terapia-online.jpg 1000w, https:\/\/psicologiainfantilmallorca.com\/catala\/wp-content\/uploads\/2023\/02\/terapia-online-300x96.jpg 300w, https:\/\/psicologiainfantilmallorca.com\/catala\/wp-content\/uploads\/2023\/02\/terapia-online-768x246.jpg 768w\" sizes=\"auto, (max-width: 1000px) 100vw, 1000px\" \/><\/a><\/figure>\n\n\n\n<p>La ter\u00e0pia online \u00e9s equiparable a la ter\u00e0pia presencial i t\u00e9 les mateixes fases, que podr\u00e0s trobar a <a href=\"preguntas-frecuentes\">Preguntes freq\u00fcents<\/a>.<\/p>\n\n\n\n<p>Per a qui est\u00e0 indicada?<\/p>\n\n\n\n<p>Est\u00e0 indicada per a aquelles persones que aix\u00ed ho prefereixin per estalvi de temps o per comoditat o b\u00e9 per a les quals, per dificultats personals (lloc de resid\u00e8ncia, edat avan\u00e7ada, problemes de transport, problemes m\u00e8dics, discapacitat f\u00edsica\u2026), no puguin acudir personalment a consulta.<\/p>\n\n\n\n<p>Com es realitza?<\/p>\n\n\n\n<p>En primer lloc, concertarem la cita. S&#8217;ha d&#8217;abonar l&#8217;import de la sessi\u00f3 per transfer\u00e8ncia o un altre m\u00e8tode de pagament pr\u00e8viament acordat, i enviar posteriorment el comprovant a l&#8217;e-mail. Ser\u00e0 necessari instal\u00b7lar el programa de videotrucades si no es t\u00e9 i comprovar el seu funcionament, per tal de que el dia de la visita s\u2019acudeixi com si d&#8217;una cita presencial es tract\u00e9s. Al final de la sessi\u00f3 en l\u00ednia s&#8217;organitzaran les tasques que s&#8217;hauran de realitzar per a la seg\u00fcent sessi\u00f3, i aquell material que en una sessi\u00f3 presencial es donaria en paper, s&#8217;enviar\u00e0 per correu electr\u00f2nic.<\/p>\n\n\n\n<p>Recomanacions:<\/p>\n\n\n\n<ul class=\"wp-block-list\"><li>\u00c9s recomanable l&#8217;\u00fas d\u2019auriculars amb micr\u00f2fon ja que, d&#8217;aquesta manera, ajudem al fet que la conversa tingui menys talls i acoblis de so; d&#8217;aquesta manera, ens escoltarem millor i la conversa ser\u00e0 m\u00e9s fluida.<\/li><li>\u00c9s important tenir una bona qualitat de connexi\u00f3 a Internet per a poder dur a terme la sessi\u00f3 sense interrupcions i \u00e9s convenient comprovar-ho abans de la sessi\u00f3.<\/li><li>\u00c9s convenient disposar de c\u00e0mera web que ens permeti veure&#8217;ns, ja que en un proc\u00e9s terap\u00e8utic \u00e9s important el llenguatge no verbal.<\/li><li>Tamb\u00e9 \u00e9s fonamental estar en una habitaci\u00f3 sols\/es per a evitar distraccions.<\/li><\/ul>\n\n\n\n<p><strong>Important: <\/strong>Est\u00e0 terminantment prohibit l&#8217;enregistrament i\/o distribuci\u00f3 de la  sessi\u00f3.<\/p>\n","protected":false},"excerpt":{"rendered":"<p>La ter\u00e0pia online \u00e9s equiparable a la ter\u00e0pia presencial i t\u00e9 les mateixes fases, que podr\u00e0s trobar a Preguntes freq\u00fcents. Per a qui est\u00e0 indicada? Est\u00e0 indicada per a aquelles persones que aix\u00ed ho prefereixin per estalvi de temps o per comoditat o b\u00e9 per a les quals, per dificultats personals (lloc de resid\u00e8ncia, edat&#8230; <\/p>\n","protected":false},"author":1,"featured_media":0,"parent":0,"menu_order":0,"comment_status":"closed","ping_status":"closed","template":"template-woo-sidebar.php","meta":{"_joinchat":[],"footnotes":""},"class_list":["post-3211","page","type-page","status-publish","hentry"],"yoast_head":"<!-- This site is optimized with the Yoast SEO plugin v25.6 - https:\/\/yoast.com\/wordpress\/plugins\/seo\/ -->\n<title>Ter\u00e0pia ONLINE - PSICOLOGIA INFANTIL MALLORCA<\/title>\n<meta name=\"robots\" content=\"index, follow, max-snippet:-1, max-image-preview:large, max-video-preview:-1\" \/>\n<link rel=\"canonical\" href=\"https:\/\/psicologiainfantilmallorca.com\/catala\/terapia-online\/\" \/>\n<meta property=\"og:locale\" content=\"ca_ES\" \/>\n<meta property=\"og:type\" content=\"article\" \/>\n<meta property=\"og:title\" content=\"Ter\u00e0pia ONLINE - PSICOLOGIA INFANTIL MALLORCA\" \/>\n<meta property=\"og:description\" content=\"La ter\u00e0pia online \u00e9s equiparable a la ter\u00e0pia presencial i t\u00e9 les mateixes fases, que podr\u00e0s trobar a Preguntes freq\u00fcents. Per a qui est\u00e0 indicada? Est\u00e0 indicada per a aquelles persones que aix\u00ed ho prefereixin per estalvi de temps o per comoditat o b\u00e9 per a les quals, per dificultats personals (lloc de resid\u00e8ncia, edat...\" \/>\n<meta property=\"og:url\" content=\"https:\/\/psicologiainfantilmallorca.com\/catala\/terapia-online\/\" \/>\n<meta property=\"og:site_name\" content=\"PSICOLOGIA INFANTIL MALLORCA\" \/>\n<meta property=\"article:modified_time\" content=\"2023-02-02T12:46:12+00:00\" \/>\n<meta property=\"og:image\" content=\"https:\/\/psicologiainfantilmallorca.com\/catala\/wp-content\/uploads\/2023\/02\/terapia-online.jpg\" \/>\n<meta name=\"twitter:card\" content=\"summary_large_image\" \/>\n<meta name=\"twitter:label1\" content=\"Temps estimat de lectura\" \/>\n\t<meta name=\"twitter:data1\" content=\"2 minuts\" \/>\n<script type=\"application\/ld+json\" class=\"yoast-schema-graph\">{\"@context\":\"https:\/\/schema.org\",\"@graph\":[{\"@type\":\"WebPage\",\"@id\":\"https:\/\/psicologiainfantilmallorca.com\/catala\/terapia-online\/\",\"url\":\"https:\/\/psicologiainfantilmallorca.com\/catala\/terapia-online\/\",\"name\":\"Ter\u00e0pia ONLINE - PSICOLOGIA INFANTIL MALLORCA\",\"isPartOf\":{\"@id\":\"https:\/\/psicologiainfantilmallorca.com\/catala\/#website\"},\"primaryImageOfPage\":{\"@id\":\"https:\/\/psicologiainfantilmallorca.com\/catala\/terapia-online\/#primaryimage\"},\"image\":{\"@id\":\"https:\/\/psicologiainfantilmallorca.com\/catala\/terapia-online\/#primaryimage\"},\"thumbnailUrl\":\"https:\/\/psicologiainfantilmallorca.com\/catala\/wp-content\/uploads\/2023\/02\/terapia-online.jpg\",\"datePublished\":\"2023-02-02T12:46:11+00:00\",\"dateModified\":\"2023-02-02T12:46:12+00:00\",\"breadcrumb\":{\"@id\":\"https:\/\/psicologiainfantilmallorca.com\/catala\/terapia-online\/#breadcrumb\"},\"inLanguage\":\"ca\",\"potentialAction\":[{\"@type\":\"ReadAction\",\"target\":[\"https:\/\/psicologiainfantilmallorca.com\/catala\/terapia-online\/\"]}]},{\"@type\":\"ImageObject\",\"inLanguage\":\"ca\",\"@id\":\"https:\/\/psicologiainfantilmallorca.com\/catala\/terapia-online\/#primaryimage\",\"url\":\"https:\/\/psicologiainfantilmallorca.com\/catala\/wp-content\/uploads\/2023\/02\/terapia-online.jpg\",\"contentUrl\":\"https:\/\/psicologiainfantilmallorca.com\/catala\/wp-content\/uploads\/2023\/02\/terapia-online.jpg\",\"width\":1000,\"height\":320},{\"@type\":\"BreadcrumbList\",\"@id\":\"https:\/\/psicologiainfantilmallorca.com\/catala\/terapia-online\/#breadcrumb\",\"itemListElement\":[{\"@type\":\"ListItem\",\"position\":1,\"name\":\"Portada\",\"item\":\"https:\/\/psicologiainfantilmallorca.com\/catala\/\"},{\"@type\":\"ListItem\",\"position\":2,\"name\":\"Ter\u00e0pia ONLINE\"}]},{\"@type\":\"WebSite\",\"@id\":\"https:\/\/psicologiainfantilmallorca.com\/catala\/#website\",\"url\":\"https:\/\/psicologiainfantilmallorca.com\/catala\/\",\"name\":\"PSICOLOGIA INFANTIL MALLORCA\",\"description\":\"psicologiainfantilmallorca.com\",\"potentialAction\":[{\"@type\":\"SearchAction\",\"target\":{\"@type\":\"EntryPoint\",\"urlTemplate\":\"https:\/\/psicologiainfantilmallorca.com\/catala\/?s={search_term_string}\"},\"query-input\":{\"@type\":\"PropertyValueSpecification\",\"valueRequired\":true,\"valueName\":\"search_term_string\"}}],\"inLanguage\":\"ca\"}]}<\/script>\n<!-- \/ Yoast SEO plugin. -->","yoast_head_json":{"title":"Ter\u00e0pia ONLINE - PSICOLOGIA INFANTIL MALLORCA","robots":{"index":"index","follow":"follow","max-snippet":"max-snippet:-1","max-image-preview":"max-image-preview:large","max-video-preview":"max-video-preview:-1"},"canonical":"https:\/\/psicologiainfantilmallorca.com\/catala\/terapia-online\/","og_locale":"ca_ES","og_type":"article","og_title":"Ter\u00e0pia ONLINE - PSICOLOGIA INFANTIL MALLORCA","og_description":"La ter\u00e0pia online \u00e9s equiparable a la ter\u00e0pia presencial i t\u00e9 les mateixes fases, que podr\u00e0s trobar a Preguntes freq\u00fcents. Per a qui est\u00e0 indicada? Est\u00e0 indicada per a aquelles persones que aix\u00ed ho prefereixin per estalvi de temps o per comoditat o b\u00e9 per a les quals, per dificultats personals (lloc de resid\u00e8ncia, edat...","og_url":"https:\/\/psicologiainfantilmallorca.com\/catala\/terapia-online\/","og_site_name":"PSICOLOGIA INFANTIL MALLORCA","article_modified_time":"2023-02-02T12:46:12+00:00","og_image":[{"url":"https:\/\/psicologiainfantilmallorca.com\/catala\/wp-content\/uploads\/2023\/02\/terapia-online.jpg","type":"","width":"","height":""}],"twitter_card":"summary_large_image","twitter_misc":{"Temps estimat de lectura":"2 minuts"},"schema":{"@context":"https:\/\/schema.org","@graph":[{"@type":"WebPage","@id":"https:\/\/psicologiainfantilmallorca.com\/catala\/terapia-online\/","url":"https:\/\/psicologiainfantilmallorca.com\/catala\/terapia-online\/","name":"Ter\u00e0pia ONLINE - PSICOLOGIA INFANTIL MALLORCA","isPartOf":{"@id":"https:\/\/psicologiainfantilmallorca.com\/catala\/#website"},"primaryImageOfPage":{"@id":"https:\/\/psicologiainfantilmallorca.com\/catala\/terapia-online\/#primaryimage"},"image":{"@id":"https:\/\/psicologiainfantilmallorca.com\/catala\/terapia-online\/#primaryimage"},"thumbnailUrl":"https:\/\/psicologiainfantilmallorca.com\/catala\/wp-content\/uploads\/2023\/02\/terapia-online.jpg","datePublished":"2023-02-02T12:46:11+00:00","dateModified":"2023-02-02T12:46:12+00:00","breadcrumb":{"@id":"https:\/\/psicologiainfantilmallorca.com\/catala\/terapia-online\/#breadcrumb"},"inLanguage":"ca","potentialAction":[{"@type":"ReadAction","target":["https:\/\/psicologiainfantilmallorca.com\/catala\/terapia-online\/"]}]},{"@type":"ImageObject","inLanguage":"ca","@id":"https:\/\/psicologiainfantilmallorca.com\/catala\/terapia-online\/#primaryimage","url":"https:\/\/psicologiainfantilmallorca.com\/catala\/wp-content\/uploads\/2023\/02\/terapia-online.jpg","contentUrl":"https:\/\/psicologiainfantilmallorca.com\/catala\/wp-content\/uploads\/2023\/02\/terapia-online.jpg","width":1000,"height":320},{"@type":"BreadcrumbList","@id":"https:\/\/psicologiainfantilmallorca.com\/catala\/terapia-online\/#breadcrumb","itemListElement":[{"@type":"ListItem","position":1,"name":"Portada","item":"https:\/\/psicologiainfantilmallorca.com\/catala\/"},{"@type":"ListItem","position":2,"name":"Ter\u00e0pia ONLINE"}]},{"@type":"WebSite","@id":"https:\/\/psicologiainfantilmallorca.com\/catala\/#website","url":"https:\/\/psicologiainfantilmallorca.com\/catala\/","name":"PSICOLOGIA INFANTIL MALLORCA","description":"psicologiainfantilmallorca.com","potentialAction":[{"@type":"SearchAction","target":{"@type":"EntryPoint","urlTemplate":"https:\/\/psicologiainfantilmallorca.com\/catala\/?s={search_term_string}"},"query-input":{"@type":"PropertyValueSpecification","valueRequired":true,"valueName":"search_term_string"}}],"inLanguage":"ca"}]}},"_links":{"self":[{"href":"https:\/\/psicologiainfantilmallorca.com\/catala\/wp-json\/wp\/v2\/pages\/3211","targetHints":{"allow":["GET"]}}],"collection":[{"href":"https:\/\/psicologiainfantilmallorca.com\/catala\/wp-json\/wp\/v2\/pages"}],"about":[{"href":"https:\/\/psicologiainfantilmallorca.com\/catala\/wp-json\/wp\/v2\/types\/page"}],"author":[{"embeddable":true,"href":"https:\/\/psicologiainfantilmallorca.com\/catala\/wp-json\/wp\/v2\/users\/1"}],"replies":[{"embeddable":true,"href":"https:\/\/psicologiainfantilmallorca.com\/catala\/wp-json\/wp\/v2\/comments?post=3211"}],"version-history":[{"count":1,"href":"https:\/\/psicologiainfantilmallorca.com\/catala\/wp-json\/wp\/v2\/pages\/3211\/revisions"}],"predecessor-version":[{"id":3213,"href":"https:\/\/psicologiainfantilmallorca.com\/catala\/wp-json\/wp\/v2\/pages\/3211\/revisions\/3213"}],"wp:attachment":[{"href":"https:\/\/psicologiainfantilmallorca.com\/catala\/wp-json\/wp\/v2\/media?parent=3211"}],"curies":[{"name":"wp","href":"https:\/\/api.w.org\/{rel}","templated":true}]}}