{"id":3208,"date":"2023-02-02T12:37:36","date_gmt":"2023-02-02T12:37:36","guid":{"rendered":"https:\/\/psicologiainfantilmallorca.com\/catala\/?page_id=3208"},"modified":"2023-02-02T12:37:36","modified_gmt":"2023-02-02T12:37:36","slug":"trastorns-de-la-conducta-alimentaria","status":"publish","type":"page","link":"https:\/\/psicologiainfantilmallorca.com\/catala\/trastorns-de-la-conducta-alimentaria\/","title":{"rendered":"Trastorns de la Conducta Aliment\u00e0ria"},"content":{"rendered":"\n<figure class=\"wp-block-image size-full\"><a href=\"https:\/\/psicologiainfantilmallorca.com\/catala\/wp-content\/uploads\/2023\/02\/trastorns-conducta-alimentaria.jpg\"><img loading=\"lazy\" decoding=\"async\" width=\"1000\" height=\"665\" src=\"https:\/\/psicologiainfantilmallorca.com\/catala\/wp-content\/uploads\/2023\/02\/trastorns-conducta-alimentaria.jpg\" alt=\"\" class=\"wp-image-3209\" srcset=\"https:\/\/psicologiainfantilmallorca.com\/catala\/wp-content\/uploads\/2023\/02\/trastorns-conducta-alimentaria.jpg 1000w, https:\/\/psicologiainfantilmallorca.com\/catala\/wp-content\/uploads\/2023\/02\/trastorns-conducta-alimentaria-300x200.jpg 300w, https:\/\/psicologiainfantilmallorca.com\/catala\/wp-content\/uploads\/2023\/02\/trastorns-conducta-alimentaria-768x511.jpg 768w, https:\/\/psicologiainfantilmallorca.com\/catala\/wp-content\/uploads\/2023\/02\/trastorns-conducta-alimentaria-272x182.jpg 272w\" sizes=\"auto, (max-width: 1000px) 100vw, 1000px\" \/><\/a><\/figure>\n\n\n\n<p>Els trastorns de conducta aliment\u00e0ria (TCA) s\u00f3n quadres cl\u00ednics relacionats amb un patr\u00f3 persistent d&#8217;alimentaci\u00f3 no saludable i de dur a terme dietes restrictives o insanes amb l&#8217;objectiu de baixar o mantenir un baix pes corporal i\/o d&#8217;aconseguir la regulaci\u00f3 emocional que no s&#8217;aconsegueix d&#8217;altres formes.<\/p>\n\n\n\n<p>A partir d&#8217;aquesta definici\u00f3 general, cada TCA t\u00e9 les seves pr\u00f2pies implicacions a nivell tant comportamental, com emocional i cognitiu.<\/p>\n\n\n\n<p>En aquesta \u00e0rea treballem, normalment en col\u00b7laboraci\u00f3 amb altres professionals de la salut com dietistes, endocrins, etc., per a aconseguir de manera interdisciplin\u00e0ria l&#8217;objectiu terap\u00e8utic no nom\u00e9s d&#8217;aconseguir el normop\u00e8s sin\u00f3 tamb\u00e9 el benestar emocional, que a m\u00e9s de millorar la qualitat de vida, preveu possibles recaigudes futures. A m\u00e9s, molt sovint els TCA apareixen juntament amb altres problemes emocionals (ansietat, depressi\u00f3, addiccions, trastorns de personalitat\u2026) que tamb\u00e9 podem abordar com a part de la ter\u00e0pia.<\/p>\n\n\n\n<p>Tradicionalment, els TCA s&#8217;han relacionat amb un perfil de dones joves o adolescents, per\u00f2 s\u00f3n patologies indiferents al g\u00e8nere i cada vegada apareixen a edats m\u00e9s primerenques, aix\u00ed com tamb\u00e9 es poden manifestar entre persones adultes.<\/p>\n\n\n\n<p>Els trastorns de conducta aliment\u00e0ria m\u00e9s comuns, encara que n\u2019existeixen d\u2019altres, s\u00f3n:<\/p>\n\n\n\n<ul class=\"wp-block-list\"><li>Anor\u00e8xia nerviosa<\/li><li>Bul\u00edmia nerviosa<\/li><li>Trastorn per afartament<\/li><\/ul>\n\n\n\n<p>Aquestes s\u00f3n algunes de les consultes m\u00e9s freq\u00fcents en aquesta \u00e0rea. No obstant aix\u00f2, s\u00f3n molts els aspectes que poden portar-nos a buscar ajuda. Si el vostre motiu de consulta no es troba aqu\u00ed, per\u00f2 penseu que podem ajudar-vos, podeu posar-vos en contacte amb nosaltres directament i fer la vostra consulta, de manera que puguem dir-vos amb m\u00e9s exactitud si podem ajudar-vos o on podr\u00edeu acudir.<\/p>\n","protected":false},"excerpt":{"rendered":"<p>Els trastorns de conducta aliment\u00e0ria (TCA) s\u00f3n quadres cl\u00ednics relacionats amb un patr\u00f3 persistent d&#8217;alimentaci\u00f3 no saludable i de dur a terme dietes restrictives o insanes amb l&#8217;objectiu de baixar o mantenir un baix pes corporal i\/o d&#8217;aconseguir la regulaci\u00f3 emocional que no s&#8217;aconsegueix d&#8217;altres formes. A partir d&#8217;aquesta definici\u00f3 general, cada TCA t\u00e9 les&#8230; <\/p>\n","protected":false},"author":1,"featured_media":0,"parent":0,"menu_order":0,"comment_status":"closed","ping_status":"closed","template":"template-woo-sidebar.php","meta":{"_joinchat":[],"footnotes":""},"class_list":["post-3208","page","type-page","status-publish","hentry"],"yoast_head":"<!-- This site is optimized with the Yoast SEO plugin v25.6 - https:\/\/yoast.com\/wordpress\/plugins\/seo\/ -->\n<title>Trastorns de la Conducta Aliment\u00e0ria - PSICOLOGIA INFANTIL MALLORCA<\/title>\n<meta name=\"robots\" content=\"index, follow, max-snippet:-1, max-image-preview:large, max-video-preview:-1\" \/>\n<link rel=\"canonical\" href=\"https:\/\/psicologiainfantilmallorca.com\/catala\/trastorns-de-la-conducta-alimentaria\/\" \/>\n<meta property=\"og:locale\" content=\"ca_ES\" \/>\n<meta property=\"og:type\" content=\"article\" \/>\n<meta property=\"og:title\" content=\"Trastorns de la Conducta Aliment\u00e0ria - PSICOLOGIA INFANTIL MALLORCA\" \/>\n<meta property=\"og:description\" content=\"Els trastorns de conducta aliment\u00e0ria (TCA) s\u00f3n quadres cl\u00ednics relacionats amb un patr\u00f3 persistent d&#8217;alimentaci\u00f3 no saludable i de dur a terme dietes restrictives o insanes amb l&#8217;objectiu de baixar o mantenir un baix pes corporal i\/o d&#8217;aconseguir la regulaci\u00f3 emocional que no s&#8217;aconsegueix d&#8217;altres formes. A partir d&#8217;aquesta definici\u00f3 general, cada TCA t\u00e9 les...\" \/>\n<meta property=\"og:url\" content=\"https:\/\/psicologiainfantilmallorca.com\/catala\/trastorns-de-la-conducta-alimentaria\/\" \/>\n<meta property=\"og:site_name\" content=\"PSICOLOGIA INFANTIL MALLORCA\" \/>\n<meta property=\"og:image\" content=\"https:\/\/psicologiainfantilmallorca.com\/catala\/wp-content\/uploads\/2023\/02\/trastorns-conducta-alimentaria.jpg\" \/>\n<meta name=\"twitter:card\" content=\"summary_large_image\" \/>\n<meta name=\"twitter:label1\" content=\"Temps estimat de lectura\" \/>\n\t<meta name=\"twitter:data1\" content=\"2 minuts\" \/>\n<script type=\"application\/ld+json\" class=\"yoast-schema-graph\">{\"@context\":\"https:\/\/schema.org\",\"@graph\":[{\"@type\":\"WebPage\",\"@id\":\"https:\/\/psicologiainfantilmallorca.com\/catala\/trastorns-de-la-conducta-alimentaria\/\",\"url\":\"https:\/\/psicologiainfantilmallorca.com\/catala\/trastorns-de-la-conducta-alimentaria\/\",\"name\":\"Trastorns de la Conducta Aliment\u00e0ria - PSICOLOGIA INFANTIL MALLORCA\",\"isPartOf\":{\"@id\":\"https:\/\/psicologiainfantilmallorca.com\/catala\/#website\"},\"primaryImageOfPage\":{\"@id\":\"https:\/\/psicologiainfantilmallorca.com\/catala\/trastorns-de-la-conducta-alimentaria\/#primaryimage\"},\"image\":{\"@id\":\"https:\/\/psicologiainfantilmallorca.com\/catala\/trastorns-de-la-conducta-alimentaria\/#primaryimage\"},\"thumbnailUrl\":\"https:\/\/psicologiainfantilmallorca.com\/catala\/wp-content\/uploads\/2023\/02\/trastorns-conducta-alimentaria.jpg\",\"datePublished\":\"2023-02-02T12:37:36+00:00\",\"breadcrumb\":{\"@id\":\"https:\/\/psicologiainfantilmallorca.com\/catala\/trastorns-de-la-conducta-alimentaria\/#breadcrumb\"},\"inLanguage\":\"ca\",\"potentialAction\":[{\"@type\":\"ReadAction\",\"target\":[\"https:\/\/psicologiainfantilmallorca.com\/catala\/trastorns-de-la-conducta-alimentaria\/\"]}]},{\"@type\":\"ImageObject\",\"inLanguage\":\"ca\",\"@id\":\"https:\/\/psicologiainfantilmallorca.com\/catala\/trastorns-de-la-conducta-alimentaria\/#primaryimage\",\"url\":\"https:\/\/psicologiainfantilmallorca.com\/catala\/wp-content\/uploads\/2023\/02\/trastorns-conducta-alimentaria.jpg\",\"contentUrl\":\"https:\/\/psicologiainfantilmallorca.com\/catala\/wp-content\/uploads\/2023\/02\/trastorns-conducta-alimentaria.jpg\",\"width\":1000,\"height\":665},{\"@type\":\"BreadcrumbList\",\"@id\":\"https:\/\/psicologiainfantilmallorca.com\/catala\/trastorns-de-la-conducta-alimentaria\/#breadcrumb\",\"itemListElement\":[{\"@type\":\"ListItem\",\"position\":1,\"name\":\"Portada\",\"item\":\"https:\/\/psicologiainfantilmallorca.com\/catala\/\"},{\"@type\":\"ListItem\",\"position\":2,\"name\":\"Trastorns de la Conducta Aliment\u00e0ria\"}]},{\"@type\":\"WebSite\",\"@id\":\"https:\/\/psicologiainfantilmallorca.com\/catala\/#website\",\"url\":\"https:\/\/psicologiainfantilmallorca.com\/catala\/\",\"name\":\"PSICOLOGIA INFANTIL MALLORCA\",\"description\":\"psicologiainfantilmallorca.com\",\"potentialAction\":[{\"@type\":\"SearchAction\",\"target\":{\"@type\":\"EntryPoint\",\"urlTemplate\":\"https:\/\/psicologiainfantilmallorca.com\/catala\/?s={search_term_string}\"},\"query-input\":{\"@type\":\"PropertyValueSpecification\",\"valueRequired\":true,\"valueName\":\"search_term_string\"}}],\"inLanguage\":\"ca\"}]}<\/script>\n<!-- \/ Yoast SEO plugin. -->","yoast_head_json":{"title":"Trastorns de la Conducta Aliment\u00e0ria - PSICOLOGIA INFANTIL MALLORCA","robots":{"index":"index","follow":"follow","max-snippet":"max-snippet:-1","max-image-preview":"max-image-preview:large","max-video-preview":"max-video-preview:-1"},"canonical":"https:\/\/psicologiainfantilmallorca.com\/catala\/trastorns-de-la-conducta-alimentaria\/","og_locale":"ca_ES","og_type":"article","og_title":"Trastorns de la Conducta Aliment\u00e0ria - PSICOLOGIA INFANTIL MALLORCA","og_description":"Els trastorns de conducta aliment\u00e0ria (TCA) s\u00f3n quadres cl\u00ednics relacionats amb un patr\u00f3 persistent d&#8217;alimentaci\u00f3 no saludable i de dur a terme dietes restrictives o insanes amb l&#8217;objectiu de baixar o mantenir un baix pes corporal i\/o d&#8217;aconseguir la regulaci\u00f3 emocional que no s&#8217;aconsegueix d&#8217;altres formes. A partir d&#8217;aquesta definici\u00f3 general, cada TCA t\u00e9 les...","og_url":"https:\/\/psicologiainfantilmallorca.com\/catala\/trastorns-de-la-conducta-alimentaria\/","og_site_name":"PSICOLOGIA INFANTIL MALLORCA","og_image":[{"url":"https:\/\/psicologiainfantilmallorca.com\/catala\/wp-content\/uploads\/2023\/02\/trastorns-conducta-alimentaria.jpg","type":"","width":"","height":""}],"twitter_card":"summary_large_image","twitter_misc":{"Temps estimat de lectura":"2 minuts"},"schema":{"@context":"https:\/\/schema.org","@graph":[{"@type":"WebPage","@id":"https:\/\/psicologiainfantilmallorca.com\/catala\/trastorns-de-la-conducta-alimentaria\/","url":"https:\/\/psicologiainfantilmallorca.com\/catala\/trastorns-de-la-conducta-alimentaria\/","name":"Trastorns de la Conducta Aliment\u00e0ria - PSICOLOGIA INFANTIL MALLORCA","isPartOf":{"@id":"https:\/\/psicologiainfantilmallorca.com\/catala\/#website"},"primaryImageOfPage":{"@id":"https:\/\/psicologiainfantilmallorca.com\/catala\/trastorns-de-la-conducta-alimentaria\/#primaryimage"},"image":{"@id":"https:\/\/psicologiainfantilmallorca.com\/catala\/trastorns-de-la-conducta-alimentaria\/#primaryimage"},"thumbnailUrl":"https:\/\/psicologiainfantilmallorca.com\/catala\/wp-content\/uploads\/2023\/02\/trastorns-conducta-alimentaria.jpg","datePublished":"2023-02-02T12:37:36+00:00","breadcrumb":{"@id":"https:\/\/psicologiainfantilmallorca.com\/catala\/trastorns-de-la-conducta-alimentaria\/#breadcrumb"},"inLanguage":"ca","potentialAction":[{"@type":"ReadAction","target":["https:\/\/psicologiainfantilmallorca.com\/catala\/trastorns-de-la-conducta-alimentaria\/"]}]},{"@type":"ImageObject","inLanguage":"ca","@id":"https:\/\/psicologiainfantilmallorca.com\/catala\/trastorns-de-la-conducta-alimentaria\/#primaryimage","url":"https:\/\/psicologiainfantilmallorca.com\/catala\/wp-content\/uploads\/2023\/02\/trastorns-conducta-alimentaria.jpg","contentUrl":"https:\/\/psicologiainfantilmallorca.com\/catala\/wp-content\/uploads\/2023\/02\/trastorns-conducta-alimentaria.jpg","width":1000,"height":665},{"@type":"BreadcrumbList","@id":"https:\/\/psicologiainfantilmallorca.com\/catala\/trastorns-de-la-conducta-alimentaria\/#breadcrumb","itemListElement":[{"@type":"ListItem","position":1,"name":"Portada","item":"https:\/\/psicologiainfantilmallorca.com\/catala\/"},{"@type":"ListItem","position":2,"name":"Trastorns de la Conducta Aliment\u00e0ria"}]},{"@type":"WebSite","@id":"https:\/\/psicologiainfantilmallorca.com\/catala\/#website","url":"https:\/\/psicologiainfantilmallorca.com\/catala\/","name":"PSICOLOGIA INFANTIL MALLORCA","description":"psicologiainfantilmallorca.com","potentialAction":[{"@type":"SearchAction","target":{"@type":"EntryPoint","urlTemplate":"https:\/\/psicologiainfantilmallorca.com\/catala\/?s={search_term_string}"},"query-input":{"@type":"PropertyValueSpecification","valueRequired":true,"valueName":"search_term_string"}}],"inLanguage":"ca"}]}},"_links":{"self":[{"href":"https:\/\/psicologiainfantilmallorca.com\/catala\/wp-json\/wp\/v2\/pages\/3208","targetHints":{"allow":["GET"]}}],"collection":[{"href":"https:\/\/psicologiainfantilmallorca.com\/catala\/wp-json\/wp\/v2\/pages"}],"about":[{"href":"https:\/\/psicologiainfantilmallorca.com\/catala\/wp-json\/wp\/v2\/types\/page"}],"author":[{"embeddable":true,"href":"https:\/\/psicologiainfantilmallorca.com\/catala\/wp-json\/wp\/v2\/users\/1"}],"replies":[{"embeddable":true,"href":"https:\/\/psicologiainfantilmallorca.com\/catala\/wp-json\/wp\/v2\/comments?post=3208"}],"version-history":[{"count":1,"href":"https:\/\/psicologiainfantilmallorca.com\/catala\/wp-json\/wp\/v2\/pages\/3208\/revisions"}],"predecessor-version":[{"id":3210,"href":"https:\/\/psicologiainfantilmallorca.com\/catala\/wp-json\/wp\/v2\/pages\/3208\/revisions\/3210"}],"wp:attachment":[{"href":"https:\/\/psicologiainfantilmallorca.com\/catala\/wp-json\/wp\/v2\/media?parent=3208"}],"curies":[{"name":"wp","href":"https:\/\/api.w.org\/{rel}","templated":true}]}}