{"id":3205,"date":"2023-02-02T12:33:53","date_gmt":"2023-02-02T12:33:53","guid":{"rendered":"https:\/\/psicologiainfantilmallorca.com\/catala\/?page_id=3205"},"modified":"2024-11-12T10:06:39","modified_gmt":"2024-11-12T10:06:39","slug":"trastorns-del-desenvolupament","status":"publish","type":"page","link":"https:\/\/psicologiainfantilmallorca.com\/catala\/trastorns-del-desenvolupament\/","title":{"rendered":"Trastorns del Neurodesenvolupament"},"content":{"rendered":"\n<figure class=\"wp-block-image size-full\"><a href=\"https:\/\/psicologiainfantilmallorca.com\/catala\/wp-content\/uploads\/2023\/02\/trastorns-del-desenvolupament.jpg\"><img loading=\"lazy\" decoding=\"async\" width=\"1000\" height=\"558\" src=\"https:\/\/psicologiainfantilmallorca.com\/catala\/wp-content\/uploads\/2023\/02\/trastorns-del-desenvolupament.jpg\" alt=\"Trastorns del Neurodesenvolupament\" class=\"wp-image-3206\" srcset=\"https:\/\/psicologiainfantilmallorca.com\/catala\/wp-content\/uploads\/2023\/02\/trastorns-del-desenvolupament.jpg 1000w, https:\/\/psicologiainfantilmallorca.com\/catala\/wp-content\/uploads\/2023\/02\/trastorns-del-desenvolupament-300x167.jpg 300w, https:\/\/psicologiainfantilmallorca.com\/catala\/wp-content\/uploads\/2023\/02\/trastorns-del-desenvolupament-768x429.jpg 768w\" sizes=\"auto, (max-width: 1000px) 100vw, 1000px\" \/><\/a><\/figure>\n\n\n\n<p>Els trastorns del neurodesenvolupament s\u00f3n aquells que presenten una alteraci\u00f3, disfunci\u00f3 o dificultat del funcionament intel\u00b7lectual i de la conducta adaptativa. Consisteixen en un conjunt de dificultats cognitives i conductuals que tenen el seu origen en un desenvolupament no apropiat del cervell durant la seva maduraci\u00f3, les manifestacions del qual poden apar\u00e8ixer a la primera inf\u00e0ncia o durant el proc\u00e9s de desenvolupament. Aquest tipus de trastorns poden afectar l\u2019adquisici\u00f3, la retenci\u00f3 o l\u2019aplicaci\u00f3 d&#8217;habilitats espec\u00edfiques o conjunts d&#8217;informaci\u00f3. Per tot aix\u00f2, comporten alteracions en l\u2019atenci\u00f3, la percepci\u00f3, la mem\u00f2ria, el llenguatge, la resoluci\u00f3 de problemes o la interacci\u00f3 social. En aquest sentit, l\u2019activitat dels nens es veu limitada o afectada en comparaci\u00f3 amb altres infants de la seva edat i condicions.<\/p>\n\n\n\n<h2 class=\"wp-block-heading\">Els trastorns del neurodesenvolupament amb els quals treballem s\u00f3n:<\/h2>\n\n\n\n<ul class=\"wp-block-list\"><li>Trastorn del desenvolupament intel\u00b7lectual<\/li><li>Trastorn de la comunicaci\u00f3 (trastorn del llenguatge, fonol\u00f2gic, de la flu\u00efdesa&#8230;)<\/li><li>Trastorn de l\u2019espectre de l\u2019autisme<\/li><li>Trastorn per d\u00e8ficit d&#8217;atenci\u00f3\/hiperactivitat (TDAH)<\/li><li>Trastorn de l\u2019aprenentatge (dificultats en lecto-escriptura, matem\u00e0tiques&#8230;)<\/li><li>Trastorn de les habilitats motores (trastorn del desenvolupament de la coordinaci\u00f3, trastorn de moviments estereotipats&#8230;)<\/li><\/ul>\n\n\n\n<p>Aquestes s\u00f3n algunes de les consultes m\u00e9s freq\u00fcents en aquesta \u00e0rea. Tanmateix, s\u00f3n molts els aspectes que ens poden dur a buscar ajuda. Si el vostre motiu de consulta no es troba aqu\u00ed, per\u00f2 pensau que podem ajudar-vos, podeu posar-vos en contacte amb nosaltres directament i fer la vostra consulta, de manera que poguem dir-vos amb m\u00e9s exactitud si podem ajudar-vos o on podr\u00edeu acudir.<\/p>\n","protected":false},"excerpt":{"rendered":"<p>Els trastorns del neurodesenvolupament s\u00f3n aquells que presenten una alteraci\u00f3, disfunci\u00f3 o dificultat del funcionament intel\u00b7lectual i de la conducta adaptativa. Consisteixen en un conjunt de dificultats cognitives i conductuals que tenen el seu origen en un desenvolupament no apropiat del cervell durant la seva maduraci\u00f3, les manifestacions del qual poden apar\u00e8ixer a la primera&#8230; <\/p>\n","protected":false},"author":1,"featured_media":0,"parent":0,"menu_order":0,"comment_status":"closed","ping_status":"closed","template":"template-woo-sidebar.php","meta":{"_joinchat":[],"footnotes":""},"class_list":["post-3205","page","type-page","status-publish","hentry"],"yoast_head":"<!-- This site is optimized with the Yoast SEO plugin v25.6 - https:\/\/yoast.com\/wordpress\/plugins\/seo\/ -->\n<title>Trastorns del Neurodesenvolupament - Psicologia infantil Mallorca<\/title>\n<meta name=\"description\" content=\"Treballem amb els trastorns del neurodesenvolupament que puguin afectar l&#039;adquisici\u00f3, la retenci\u00f3 o l&#039;aplicaci\u00f3 d&#039;habilitats espec\u00edfiques.\" \/>\n<meta name=\"robots\" content=\"index, follow, max-snippet:-1, max-image-preview:large, max-video-preview:-1\" \/>\n<link rel=\"canonical\" href=\"https:\/\/psicologiainfantilmallorca.com\/catala\/trastorns-del-desenvolupament\/\" \/>\n<meta property=\"og:locale\" content=\"ca_ES\" \/>\n<meta property=\"og:type\" content=\"article\" \/>\n<meta property=\"og:title\" content=\"Trastorns del Neurodesenvolupament - Psicologia infantil Mallorca\" \/>\n<meta property=\"og:description\" content=\"Treballem amb els trastorns del neurodesenvolupament que puguin afectar l&#039;adquisici\u00f3, la retenci\u00f3 o l&#039;aplicaci\u00f3 d&#039;habilitats espec\u00edfiques.\" \/>\n<meta property=\"og:url\" content=\"https:\/\/psicologiainfantilmallorca.com\/catala\/trastorns-del-desenvolupament\/\" \/>\n<meta property=\"og:site_name\" content=\"PSICOLOGIA INFANTIL MALLORCA\" \/>\n<meta property=\"article:modified_time\" content=\"2024-11-12T10:06:39+00:00\" \/>\n<meta property=\"og:image\" content=\"https:\/\/psicologiainfantilmallorca.com\/catala\/wp-content\/uploads\/2023\/02\/trastorns-del-desenvolupament.jpg\" \/>\n<meta name=\"twitter:card\" content=\"summary_large_image\" \/>\n<meta name=\"twitter:label1\" content=\"Temps estimat de lectura\" \/>\n\t<meta name=\"twitter:data1\" content=\"2 minuts\" \/>\n<script type=\"application\/ld+json\" class=\"yoast-schema-graph\">{\"@context\":\"https:\/\/schema.org\",\"@graph\":[{\"@type\":\"WebPage\",\"@id\":\"https:\/\/psicologiainfantilmallorca.com\/catala\/trastorns-del-desenvolupament\/\",\"url\":\"https:\/\/psicologiainfantilmallorca.com\/catala\/trastorns-del-desenvolupament\/\",\"name\":\"Trastorns del Neurodesenvolupament - Psicologia infantil Mallorca\",\"isPartOf\":{\"@id\":\"https:\/\/psicologiainfantilmallorca.com\/catala\/#website\"},\"primaryImageOfPage\":{\"@id\":\"https:\/\/psicologiainfantilmallorca.com\/catala\/trastorns-del-desenvolupament\/#primaryimage\"},\"image\":{\"@id\":\"https:\/\/psicologiainfantilmallorca.com\/catala\/trastorns-del-desenvolupament\/#primaryimage\"},\"thumbnailUrl\":\"https:\/\/psicologiainfantilmallorca.com\/catala\/wp-content\/uploads\/2023\/02\/trastorns-del-desenvolupament.jpg\",\"datePublished\":\"2023-02-02T12:33:53+00:00\",\"dateModified\":\"2024-11-12T10:06:39+00:00\",\"description\":\"Treballem amb els trastorns del neurodesenvolupament que puguin afectar l'adquisici\u00f3, la retenci\u00f3 o l'aplicaci\u00f3 d'habilitats espec\u00edfiques.\",\"breadcrumb\":{\"@id\":\"https:\/\/psicologiainfantilmallorca.com\/catala\/trastorns-del-desenvolupament\/#breadcrumb\"},\"inLanguage\":\"ca\",\"potentialAction\":[{\"@type\":\"ReadAction\",\"target\":[\"https:\/\/psicologiainfantilmallorca.com\/catala\/trastorns-del-desenvolupament\/\"]}]},{\"@type\":\"ImageObject\",\"inLanguage\":\"ca\",\"@id\":\"https:\/\/psicologiainfantilmallorca.com\/catala\/trastorns-del-desenvolupament\/#primaryimage\",\"url\":\"https:\/\/psicologiainfantilmallorca.com\/catala\/wp-content\/uploads\/2023\/02\/trastorns-del-desenvolupament.jpg\",\"contentUrl\":\"https:\/\/psicologiainfantilmallorca.com\/catala\/wp-content\/uploads\/2023\/02\/trastorns-del-desenvolupament.jpg\",\"width\":1000,\"height\":558},{\"@type\":\"BreadcrumbList\",\"@id\":\"https:\/\/psicologiainfantilmallorca.com\/catala\/trastorns-del-desenvolupament\/#breadcrumb\",\"itemListElement\":[{\"@type\":\"ListItem\",\"position\":1,\"name\":\"Portada\",\"item\":\"https:\/\/psicologiainfantilmallorca.com\/catala\/\"},{\"@type\":\"ListItem\",\"position\":2,\"name\":\"Trastorns del Neurodesenvolupament\"}]},{\"@type\":\"WebSite\",\"@id\":\"https:\/\/psicologiainfantilmallorca.com\/catala\/#website\",\"url\":\"https:\/\/psicologiainfantilmallorca.com\/catala\/\",\"name\":\"PSICOLOGIA INFANTIL MALLORCA\",\"description\":\"psicologiainfantilmallorca.com\",\"potentialAction\":[{\"@type\":\"SearchAction\",\"target\":{\"@type\":\"EntryPoint\",\"urlTemplate\":\"https:\/\/psicologiainfantilmallorca.com\/catala\/?s={search_term_string}\"},\"query-input\":{\"@type\":\"PropertyValueSpecification\",\"valueRequired\":true,\"valueName\":\"search_term_string\"}}],\"inLanguage\":\"ca\"}]}<\/script>\n<!-- \/ Yoast SEO plugin. -->","yoast_head_json":{"title":"Trastorns del Neurodesenvolupament - Psicologia infantil Mallorca","description":"Treballem amb els trastorns del neurodesenvolupament que puguin afectar l'adquisici\u00f3, la retenci\u00f3 o l'aplicaci\u00f3 d'habilitats espec\u00edfiques.","robots":{"index":"index","follow":"follow","max-snippet":"max-snippet:-1","max-image-preview":"max-image-preview:large","max-video-preview":"max-video-preview:-1"},"canonical":"https:\/\/psicologiainfantilmallorca.com\/catala\/trastorns-del-desenvolupament\/","og_locale":"ca_ES","og_type":"article","og_title":"Trastorns del Neurodesenvolupament - Psicologia infantil Mallorca","og_description":"Treballem amb els trastorns del neurodesenvolupament que puguin afectar l'adquisici\u00f3, la retenci\u00f3 o l'aplicaci\u00f3 d'habilitats espec\u00edfiques.","og_url":"https:\/\/psicologiainfantilmallorca.com\/catala\/trastorns-del-desenvolupament\/","og_site_name":"PSICOLOGIA INFANTIL MALLORCA","article_modified_time":"2024-11-12T10:06:39+00:00","og_image":[{"url":"https:\/\/psicologiainfantilmallorca.com\/catala\/wp-content\/uploads\/2023\/02\/trastorns-del-desenvolupament.jpg","type":"","width":"","height":""}],"twitter_card":"summary_large_image","twitter_misc":{"Temps estimat de lectura":"2 minuts"},"schema":{"@context":"https:\/\/schema.org","@graph":[{"@type":"WebPage","@id":"https:\/\/psicologiainfantilmallorca.com\/catala\/trastorns-del-desenvolupament\/","url":"https:\/\/psicologiainfantilmallorca.com\/catala\/trastorns-del-desenvolupament\/","name":"Trastorns del Neurodesenvolupament - Psicologia infantil Mallorca","isPartOf":{"@id":"https:\/\/psicologiainfantilmallorca.com\/catala\/#website"},"primaryImageOfPage":{"@id":"https:\/\/psicologiainfantilmallorca.com\/catala\/trastorns-del-desenvolupament\/#primaryimage"},"image":{"@id":"https:\/\/psicologiainfantilmallorca.com\/catala\/trastorns-del-desenvolupament\/#primaryimage"},"thumbnailUrl":"https:\/\/psicologiainfantilmallorca.com\/catala\/wp-content\/uploads\/2023\/02\/trastorns-del-desenvolupament.jpg","datePublished":"2023-02-02T12:33:53+00:00","dateModified":"2024-11-12T10:06:39+00:00","description":"Treballem amb els trastorns del neurodesenvolupament que puguin afectar l'adquisici\u00f3, la retenci\u00f3 o l'aplicaci\u00f3 d'habilitats espec\u00edfiques.","breadcrumb":{"@id":"https:\/\/psicologiainfantilmallorca.com\/catala\/trastorns-del-desenvolupament\/#breadcrumb"},"inLanguage":"ca","potentialAction":[{"@type":"ReadAction","target":["https:\/\/psicologiainfantilmallorca.com\/catala\/trastorns-del-desenvolupament\/"]}]},{"@type":"ImageObject","inLanguage":"ca","@id":"https:\/\/psicologiainfantilmallorca.com\/catala\/trastorns-del-desenvolupament\/#primaryimage","url":"https:\/\/psicologiainfantilmallorca.com\/catala\/wp-content\/uploads\/2023\/02\/trastorns-del-desenvolupament.jpg","contentUrl":"https:\/\/psicologiainfantilmallorca.com\/catala\/wp-content\/uploads\/2023\/02\/trastorns-del-desenvolupament.jpg","width":1000,"height":558},{"@type":"BreadcrumbList","@id":"https:\/\/psicologiainfantilmallorca.com\/catala\/trastorns-del-desenvolupament\/#breadcrumb","itemListElement":[{"@type":"ListItem","position":1,"name":"Portada","item":"https:\/\/psicologiainfantilmallorca.com\/catala\/"},{"@type":"ListItem","position":2,"name":"Trastorns del Neurodesenvolupament"}]},{"@type":"WebSite","@id":"https:\/\/psicologiainfantilmallorca.com\/catala\/#website","url":"https:\/\/psicologiainfantilmallorca.com\/catala\/","name":"PSICOLOGIA INFANTIL MALLORCA","description":"psicologiainfantilmallorca.com","potentialAction":[{"@type":"SearchAction","target":{"@type":"EntryPoint","urlTemplate":"https:\/\/psicologiainfantilmallorca.com\/catala\/?s={search_term_string}"},"query-input":{"@type":"PropertyValueSpecification","valueRequired":true,"valueName":"search_term_string"}}],"inLanguage":"ca"}]}},"_links":{"self":[{"href":"https:\/\/psicologiainfantilmallorca.com\/catala\/wp-json\/wp\/v2\/pages\/3205","targetHints":{"allow":["GET"]}}],"collection":[{"href":"https:\/\/psicologiainfantilmallorca.com\/catala\/wp-json\/wp\/v2\/pages"}],"about":[{"href":"https:\/\/psicologiainfantilmallorca.com\/catala\/wp-json\/wp\/v2\/types\/page"}],"author":[{"embeddable":true,"href":"https:\/\/psicologiainfantilmallorca.com\/catala\/wp-json\/wp\/v2\/users\/1"}],"replies":[{"embeddable":true,"href":"https:\/\/psicologiainfantilmallorca.com\/catala\/wp-json\/wp\/v2\/comments?post=3205"}],"version-history":[{"count":4,"href":"https:\/\/psicologiainfantilmallorca.com\/catala\/wp-json\/wp\/v2\/pages\/3205\/revisions"}],"predecessor-version":[{"id":3419,"href":"https:\/\/psicologiainfantilmallorca.com\/catala\/wp-json\/wp\/v2\/pages\/3205\/revisions\/3419"}],"wp:attachment":[{"href":"https:\/\/psicologiainfantilmallorca.com\/catala\/wp-json\/wp\/v2\/media?parent=3205"}],"curies":[{"name":"wp","href":"https:\/\/api.w.org\/{rel}","templated":true}]}}