{"id":3202,"date":"2023-02-02T12:30:16","date_gmt":"2023-02-02T12:30:16","guid":{"rendered":"https:\/\/psicologiainfantilmallorca.com\/catala\/?page_id=3202"},"modified":"2023-02-02T12:30:16","modified_gmt":"2023-02-02T12:30:16","slug":"problemes-dadaptacio","status":"publish","type":"page","link":"https:\/\/psicologiainfantilmallorca.com\/catala\/problemes-dadaptacio\/","title":{"rendered":"Problemes d&#8217;adaptaci\u00f3"},"content":{"rendered":"\n<figure class=\"wp-block-image size-full\"><a href=\"https:\/\/psicologiainfantilmallorca.com\/catala\/wp-content\/uploads\/2023\/02\/problemes-d-adaptacio.jpg\"><img loading=\"lazy\" decoding=\"async\" width=\"1000\" height=\"592\" src=\"https:\/\/psicologiainfantilmallorca.com\/catala\/wp-content\/uploads\/2023\/02\/problemes-d-adaptacio.jpg\" alt=\"\" class=\"wp-image-3203\" srcset=\"https:\/\/psicologiainfantilmallorca.com\/catala\/wp-content\/uploads\/2023\/02\/problemes-d-adaptacio.jpg 1000w, https:\/\/psicologiainfantilmallorca.com\/catala\/wp-content\/uploads\/2023\/02\/problemes-d-adaptacio-300x178.jpg 300w, https:\/\/psicologiainfantilmallorca.com\/catala\/wp-content\/uploads\/2023\/02\/problemes-d-adaptacio-768x455.jpg 768w\" sizes=\"auto, (max-width: 1000px) 100vw, 1000px\" \/><\/a><\/figure>\n\n\n\n<p>Al llarg de la vida d&#8217;un nen o adolescent es van donant una s\u00e8rie de canvis que produeixen estr\u00e8s. El problema apareix quan no s\u00f3n capa\u00e7os o presenten dificultats per adaptar-se de manera correcta a les noves situacions o circumst\u00e0ncies. Quan aix\u00f2 passa, tenen sensaci\u00f3 de malestar i d&#8217;incertesa i aquest fet sol acompanyar-se de conductes desadaptatives. Per aix\u00f2, \u00e9s convenient rebre assessorament psicol\u00f2gic per poder aprendre a gestionar aquests canvis.<\/p>\n\n\n\n<p>Els problemes d&#8217;adaptaci\u00f3 m\u00e9s comuns que provoquen dificultats d&#8217;adaptaci\u00f3 en infants i adolescents s\u00f3n:<\/p>\n\n\n\n<ul class=\"wp-block-list\"><li>Divorci dels pares\/mares<\/li><li>Assetjament escolar<\/li><li>Naixement d&#8217;un\/a germ\u00e0\/ana<\/li><li>Canvi de col\u00b7legi o inici de l&#8217;institut<\/li><li>Mudan\u00e7a<\/li><li>Ruptura d&#8217;una relaci\u00f3 d&#8217;amistat<\/li><li>P\u00e8rdua d&#8217;un \u00e9sser estimat<\/li><li>Malaltia que requereix hospitalitzacions freq\u00fcents<\/li><li>Malaltia d&#8217;alg\u00fa de l&#8217;entorn proper<\/li><\/ul>\n\n\n\n<p>Aquestes s\u00f3n algunes de les consultes m\u00e9s freq\u00fcents en aquesta \u00e0rea. No obstant aix\u00f2, s\u00f3n molts els aspectes que poden portar-nos a buscar ajuda. Si el vostre motiu de consulta no es troba aqu\u00ed, per\u00f2 penseu que podem ajudar-vos, podeu posar-vos en contacte amb nosaltres directament i fer la vostra consulta, de manera que puguem dir-vos amb m\u00e9s exactitud si podem ajudar-vos o on podr\u00edeu acudir.<\/p>\n","protected":false},"excerpt":{"rendered":"<p>Al llarg de la vida d&#8217;un nen o adolescent es van donant una s\u00e8rie de canvis que produeixen estr\u00e8s. El problema apareix quan no s\u00f3n capa\u00e7os o presenten dificultats per adaptar-se de manera correcta a les noves situacions o circumst\u00e0ncies. Quan aix\u00f2 passa, tenen sensaci\u00f3 de malestar i d&#8217;incertesa i aquest fet sol acompanyar-se de&#8230; <\/p>\n","protected":false},"author":1,"featured_media":0,"parent":0,"menu_order":0,"comment_status":"closed","ping_status":"closed","template":"template-woo-sidebar.php","meta":{"_joinchat":[],"footnotes":""},"class_list":["post-3202","page","type-page","status-publish","hentry"],"yoast_head":"<!-- This site is optimized with the Yoast SEO plugin v25.6 - https:\/\/yoast.com\/wordpress\/plugins\/seo\/ -->\n<title>Problemes d&#039;adaptaci\u00f3 - PSICOLOGIA INFANTIL MALLORCA<\/title>\n<meta name=\"robots\" content=\"index, follow, max-snippet:-1, max-image-preview:large, max-video-preview:-1\" \/>\n<link rel=\"canonical\" href=\"https:\/\/psicologiainfantilmallorca.com\/catala\/problemes-dadaptacio\/\" \/>\n<meta property=\"og:locale\" content=\"ca_ES\" \/>\n<meta property=\"og:type\" content=\"article\" \/>\n<meta property=\"og:title\" content=\"Problemes d&#039;adaptaci\u00f3 - PSICOLOGIA INFANTIL MALLORCA\" \/>\n<meta property=\"og:description\" content=\"Al llarg de la vida d&#8217;un nen o adolescent es van donant una s\u00e8rie de canvis que produeixen estr\u00e8s. El problema apareix quan no s\u00f3n capa\u00e7os o presenten dificultats per adaptar-se de manera correcta a les noves situacions o circumst\u00e0ncies. Quan aix\u00f2 passa, tenen sensaci\u00f3 de malestar i d&#8217;incertesa i aquest fet sol acompanyar-se de...\" \/>\n<meta property=\"og:url\" content=\"https:\/\/psicologiainfantilmallorca.com\/catala\/problemes-dadaptacio\/\" \/>\n<meta property=\"og:site_name\" content=\"PSICOLOGIA INFANTIL MALLORCA\" \/>\n<meta property=\"og:image\" content=\"https:\/\/psicologiainfantilmallorca.com\/catala\/wp-content\/uploads\/2023\/02\/problemes-d-adaptacio.jpg\" \/>\n<meta name=\"twitter:card\" content=\"summary_large_image\" \/>\n<meta name=\"twitter:label1\" content=\"Temps estimat de lectura\" \/>\n\t<meta name=\"twitter:data1\" content=\"2 minuts\" \/>\n<script type=\"application\/ld+json\" class=\"yoast-schema-graph\">{\"@context\":\"https:\/\/schema.org\",\"@graph\":[{\"@type\":\"WebPage\",\"@id\":\"https:\/\/psicologiainfantilmallorca.com\/catala\/problemes-dadaptacio\/\",\"url\":\"https:\/\/psicologiainfantilmallorca.com\/catala\/problemes-dadaptacio\/\",\"name\":\"Problemes d'adaptaci\u00f3 - PSICOLOGIA INFANTIL MALLORCA\",\"isPartOf\":{\"@id\":\"https:\/\/psicologiainfantilmallorca.com\/catala\/#website\"},\"primaryImageOfPage\":{\"@id\":\"https:\/\/psicologiainfantilmallorca.com\/catala\/problemes-dadaptacio\/#primaryimage\"},\"image\":{\"@id\":\"https:\/\/psicologiainfantilmallorca.com\/catala\/problemes-dadaptacio\/#primaryimage\"},\"thumbnailUrl\":\"https:\/\/psicologiainfantilmallorca.com\/catala\/wp-content\/uploads\/2023\/02\/problemes-d-adaptacio.jpg\",\"datePublished\":\"2023-02-02T12:30:16+00:00\",\"breadcrumb\":{\"@id\":\"https:\/\/psicologiainfantilmallorca.com\/catala\/problemes-dadaptacio\/#breadcrumb\"},\"inLanguage\":\"ca\",\"potentialAction\":[{\"@type\":\"ReadAction\",\"target\":[\"https:\/\/psicologiainfantilmallorca.com\/catala\/problemes-dadaptacio\/\"]}]},{\"@type\":\"ImageObject\",\"inLanguage\":\"ca\",\"@id\":\"https:\/\/psicologiainfantilmallorca.com\/catala\/problemes-dadaptacio\/#primaryimage\",\"url\":\"https:\/\/psicologiainfantilmallorca.com\/catala\/wp-content\/uploads\/2023\/02\/problemes-d-adaptacio.jpg\",\"contentUrl\":\"https:\/\/psicologiainfantilmallorca.com\/catala\/wp-content\/uploads\/2023\/02\/problemes-d-adaptacio.jpg\",\"width\":1000,\"height\":592},{\"@type\":\"BreadcrumbList\",\"@id\":\"https:\/\/psicologiainfantilmallorca.com\/catala\/problemes-dadaptacio\/#breadcrumb\",\"itemListElement\":[{\"@type\":\"ListItem\",\"position\":1,\"name\":\"Portada\",\"item\":\"https:\/\/psicologiainfantilmallorca.com\/catala\/\"},{\"@type\":\"ListItem\",\"position\":2,\"name\":\"Problemes d&#8217;adaptaci\u00f3\"}]},{\"@type\":\"WebSite\",\"@id\":\"https:\/\/psicologiainfantilmallorca.com\/catala\/#website\",\"url\":\"https:\/\/psicologiainfantilmallorca.com\/catala\/\",\"name\":\"PSICOLOGIA INFANTIL MALLORCA\",\"description\":\"psicologiainfantilmallorca.com\",\"potentialAction\":[{\"@type\":\"SearchAction\",\"target\":{\"@type\":\"EntryPoint\",\"urlTemplate\":\"https:\/\/psicologiainfantilmallorca.com\/catala\/?s={search_term_string}\"},\"query-input\":{\"@type\":\"PropertyValueSpecification\",\"valueRequired\":true,\"valueName\":\"search_term_string\"}}],\"inLanguage\":\"ca\"}]}<\/script>\n<!-- \/ Yoast SEO plugin. -->","yoast_head_json":{"title":"Problemes d'adaptaci\u00f3 - PSICOLOGIA INFANTIL MALLORCA","robots":{"index":"index","follow":"follow","max-snippet":"max-snippet:-1","max-image-preview":"max-image-preview:large","max-video-preview":"max-video-preview:-1"},"canonical":"https:\/\/psicologiainfantilmallorca.com\/catala\/problemes-dadaptacio\/","og_locale":"ca_ES","og_type":"article","og_title":"Problemes d'adaptaci\u00f3 - PSICOLOGIA INFANTIL MALLORCA","og_description":"Al llarg de la vida d&#8217;un nen o adolescent es van donant una s\u00e8rie de canvis que produeixen estr\u00e8s. El problema apareix quan no s\u00f3n capa\u00e7os o presenten dificultats per adaptar-se de manera correcta a les noves situacions o circumst\u00e0ncies. Quan aix\u00f2 passa, tenen sensaci\u00f3 de malestar i d&#8217;incertesa i aquest fet sol acompanyar-se de...","og_url":"https:\/\/psicologiainfantilmallorca.com\/catala\/problemes-dadaptacio\/","og_site_name":"PSICOLOGIA INFANTIL MALLORCA","og_image":[{"url":"https:\/\/psicologiainfantilmallorca.com\/catala\/wp-content\/uploads\/2023\/02\/problemes-d-adaptacio.jpg","type":"","width":"","height":""}],"twitter_card":"summary_large_image","twitter_misc":{"Temps estimat de lectura":"2 minuts"},"schema":{"@context":"https:\/\/schema.org","@graph":[{"@type":"WebPage","@id":"https:\/\/psicologiainfantilmallorca.com\/catala\/problemes-dadaptacio\/","url":"https:\/\/psicologiainfantilmallorca.com\/catala\/problemes-dadaptacio\/","name":"Problemes d'adaptaci\u00f3 - PSICOLOGIA INFANTIL MALLORCA","isPartOf":{"@id":"https:\/\/psicologiainfantilmallorca.com\/catala\/#website"},"primaryImageOfPage":{"@id":"https:\/\/psicologiainfantilmallorca.com\/catala\/problemes-dadaptacio\/#primaryimage"},"image":{"@id":"https:\/\/psicologiainfantilmallorca.com\/catala\/problemes-dadaptacio\/#primaryimage"},"thumbnailUrl":"https:\/\/psicologiainfantilmallorca.com\/catala\/wp-content\/uploads\/2023\/02\/problemes-d-adaptacio.jpg","datePublished":"2023-02-02T12:30:16+00:00","breadcrumb":{"@id":"https:\/\/psicologiainfantilmallorca.com\/catala\/problemes-dadaptacio\/#breadcrumb"},"inLanguage":"ca","potentialAction":[{"@type":"ReadAction","target":["https:\/\/psicologiainfantilmallorca.com\/catala\/problemes-dadaptacio\/"]}]},{"@type":"ImageObject","inLanguage":"ca","@id":"https:\/\/psicologiainfantilmallorca.com\/catala\/problemes-dadaptacio\/#primaryimage","url":"https:\/\/psicologiainfantilmallorca.com\/catala\/wp-content\/uploads\/2023\/02\/problemes-d-adaptacio.jpg","contentUrl":"https:\/\/psicologiainfantilmallorca.com\/catala\/wp-content\/uploads\/2023\/02\/problemes-d-adaptacio.jpg","width":1000,"height":592},{"@type":"BreadcrumbList","@id":"https:\/\/psicologiainfantilmallorca.com\/catala\/problemes-dadaptacio\/#breadcrumb","itemListElement":[{"@type":"ListItem","position":1,"name":"Portada","item":"https:\/\/psicologiainfantilmallorca.com\/catala\/"},{"@type":"ListItem","position":2,"name":"Problemes d&#8217;adaptaci\u00f3"}]},{"@type":"WebSite","@id":"https:\/\/psicologiainfantilmallorca.com\/catala\/#website","url":"https:\/\/psicologiainfantilmallorca.com\/catala\/","name":"PSICOLOGIA INFANTIL MALLORCA","description":"psicologiainfantilmallorca.com","potentialAction":[{"@type":"SearchAction","target":{"@type":"EntryPoint","urlTemplate":"https:\/\/psicologiainfantilmallorca.com\/catala\/?s={search_term_string}"},"query-input":{"@type":"PropertyValueSpecification","valueRequired":true,"valueName":"search_term_string"}}],"inLanguage":"ca"}]}},"_links":{"self":[{"href":"https:\/\/psicologiainfantilmallorca.com\/catala\/wp-json\/wp\/v2\/pages\/3202","targetHints":{"allow":["GET"]}}],"collection":[{"href":"https:\/\/psicologiainfantilmallorca.com\/catala\/wp-json\/wp\/v2\/pages"}],"about":[{"href":"https:\/\/psicologiainfantilmallorca.com\/catala\/wp-json\/wp\/v2\/types\/page"}],"author":[{"embeddable":true,"href":"https:\/\/psicologiainfantilmallorca.com\/catala\/wp-json\/wp\/v2\/users\/1"}],"replies":[{"embeddable":true,"href":"https:\/\/psicologiainfantilmallorca.com\/catala\/wp-json\/wp\/v2\/comments?post=3202"}],"version-history":[{"count":1,"href":"https:\/\/psicologiainfantilmallorca.com\/catala\/wp-json\/wp\/v2\/pages\/3202\/revisions"}],"predecessor-version":[{"id":3204,"href":"https:\/\/psicologiainfantilmallorca.com\/catala\/wp-json\/wp\/v2\/pages\/3202\/revisions\/3204"}],"wp:attachment":[{"href":"https:\/\/psicologiainfantilmallorca.com\/catala\/wp-json\/wp\/v2\/media?parent=3202"}],"curies":[{"name":"wp","href":"https:\/\/api.w.org\/{rel}","templated":true}]}}