{"id":3187,"date":"2023-02-02T12:11:19","date_gmt":"2023-02-02T12:11:19","guid":{"rendered":"https:\/\/psicologiainfantilmallorca.com\/catala\/?page_id=3187"},"modified":"2024-11-13T10:26:34","modified_gmt":"2024-11-13T10:26:34","slug":"psicologia-general-sanitaria-infantil","status":"publish","type":"page","link":"https:\/\/psicologiainfantilmallorca.com\/catala\/psicologia-general-sanitaria-infantil\/","title":{"rendered":"Psicologia General Sanit\u00e0ria Infantil"},"content":{"rendered":"\n<figure class=\"wp-block-image size-full\"><a href=\"https:\/\/psicologiainfantilmallorca.com\/catala\/wp-content\/uploads\/2023\/02\/psicologia-general-sanitaria-infantil.jpg\"><img loading=\"lazy\" decoding=\"async\" width=\"1000\" height=\"669\" src=\"https:\/\/psicologiainfantilmallorca.com\/catala\/wp-content\/uploads\/2023\/02\/psicologia-general-sanitaria-infantil.jpg\" alt=\"\" class=\"wp-image-3188\" srcset=\"https:\/\/psicologiainfantilmallorca.com\/catala\/wp-content\/uploads\/2023\/02\/psicologia-general-sanitaria-infantil.jpg 1000w, https:\/\/psicologiainfantilmallorca.com\/catala\/wp-content\/uploads\/2023\/02\/psicologia-general-sanitaria-infantil-300x201.jpg 300w, https:\/\/psicologiainfantilmallorca.com\/catala\/wp-content\/uploads\/2023\/02\/psicologia-general-sanitaria-infantil-768x514.jpg 768w, https:\/\/psicologiainfantilmallorca.com\/catala\/wp-content\/uploads\/2023\/02\/psicologia-general-sanitaria-infantil-272x182.jpg 272w\" sizes=\"auto, (max-width: 1000px) 100vw, 1000px\" \/><\/a><\/figure>\n\n\n\n<p>La inf\u00e0ncia i l&#8217;adolesc\u00e8ncia s\u00f3n etapes cr\u00edtiques que influeixen posteriorment a la vida adulta. Superar amb \u00e8xit les diferents problem\u00e0tiques que vagin sorgint en aquestes etapes ser\u00e0 clau per a un desenvolupament saludable i adaptatiu.<\/p>\n\n\n\n<p>La psicologia general sanit\u00e0ria infantojuvenil s&#8217;encarrega de la salut psicol\u00f2gica de nens\/es i adolescents i de proporcionar-los eines perqu\u00e8 tinguin benestar psicol\u00f2gic i emocional. Inclou l&#8217;avaluaci\u00f3, el diagn\u00f2stic i el possible tractament psicol\u00f2gic, a c\u00e0rrec dels psic\u00f2legs generals sanitaris formats i qualificats. Des de la ter\u00e0pia cognitiu-conductual, la qual ha estat avalada cient\u00edficament demostrant els seus resultats, treballem amb un enfocament integral del\/de la nen\/a o l&#8217;adolescent, modificant-ne els pensaments, les emocions i les conductes.<\/p>\n\n\n\n<p>Aquests s\u00f3n alguns dels temes en qu\u00e8 us podem ajudar:<\/p>\n\n\n\n<ul class=\"wp-block-list\"><li>Problemes d&#8217;ansietat<\/li><li>Pors i f\u00f2bies<\/li><li>Baix estat d&#8217;\u00e0nim i depressi\u00f3<\/li><li>Inseguretat<\/li><li>Problemes d&#8217;addicci\u00f3<\/li><li>Hipocondria<\/li><li>Problemes de son<\/li><li>Estr\u00e8s posttraum\u00e0tic<\/li><li>Baixa autoestima<\/li><li>Depend\u00e8ncia emocional<\/li><li>Preocupacions constants<\/li><li>Impulsivitat o problemes amb el control d&#8217;impulsos<\/li><li>Problemes amb la imatge corporal<\/li><li>Dificultats en les relacions socials<\/li><li>Trastorns de l\u2019excreci\u00f3 (enuresis, encopresis&#8230;)<\/li><\/ul>\n\n\n\n<p>Aquestes s\u00f3n algunes de les consultes m\u00e9s freq\u00fcents en aquesta \u00e0rea. No obstant aix\u00f2, s\u00f3n molts els aspectes que poden portar-nos a buscar ajuda. Si el vostre motiu de consulta no es troba aqu\u00ed, per\u00f2 penseu que podem ajudar-vos, podeu posar-vos en contacte amb nosaltres directament i fer la vostra consulta, de manera que puguem dir-vos amb m\u00e9s exactitud si podem ajudar-vos o on podr\u00edeu acudir.<\/p>\n\n\n\n<p><\/p>\n","protected":false},"excerpt":{"rendered":"<p>La inf\u00e0ncia i l&#8217;adolesc\u00e8ncia s\u00f3n etapes cr\u00edtiques que influeixen posteriorment a la vida adulta. Superar amb \u00e8xit les diferents problem\u00e0tiques que vagin sorgint en aquestes etapes ser\u00e0 clau per a un desenvolupament saludable i adaptatiu. La psicologia general sanit\u00e0ria infantojuvenil s&#8217;encarrega de la salut psicol\u00f2gica de nens\/es i adolescents i de proporcionar-los eines perqu\u00e8 tinguin&#8230; <\/p>\n","protected":false},"author":1,"featured_media":0,"parent":0,"menu_order":0,"comment_status":"closed","ping_status":"closed","template":"template-woo-sidebar.php","meta":{"_joinchat":[],"footnotes":""},"class_list":["post-3187","page","type-page","status-publish","hentry"],"yoast_head":"<!-- This site is optimized with the Yoast SEO plugin v25.6 - https:\/\/yoast.com\/wordpress\/plugins\/seo\/ -->\n<title>Psicologia General Sanit\u00e0ria Infantil - PSICOLOGIA INFANTIL MALLORCA<\/title>\n<meta name=\"robots\" content=\"index, follow, max-snippet:-1, max-image-preview:large, max-video-preview:-1\" \/>\n<link rel=\"canonical\" href=\"https:\/\/psicologiainfantilmallorca.com\/catala\/psicologia-general-sanitaria-infantil\/\" \/>\n<meta property=\"og:locale\" content=\"ca_ES\" \/>\n<meta property=\"og:type\" content=\"article\" \/>\n<meta property=\"og:title\" content=\"Psicologia General Sanit\u00e0ria Infantil - PSICOLOGIA INFANTIL MALLORCA\" \/>\n<meta property=\"og:description\" content=\"La inf\u00e0ncia i l&#8217;adolesc\u00e8ncia s\u00f3n etapes cr\u00edtiques que influeixen posteriorment a la vida adulta. Superar amb \u00e8xit les diferents problem\u00e0tiques que vagin sorgint en aquestes etapes ser\u00e0 clau per a un desenvolupament saludable i adaptatiu. La psicologia general sanit\u00e0ria infantojuvenil s&#8217;encarrega de la salut psicol\u00f2gica de nens\/es i adolescents i de proporcionar-los eines perqu\u00e8 tinguin...\" \/>\n<meta property=\"og:url\" content=\"https:\/\/psicologiainfantilmallorca.com\/catala\/psicologia-general-sanitaria-infantil\/\" \/>\n<meta property=\"og:site_name\" content=\"PSICOLOGIA INFANTIL MALLORCA\" \/>\n<meta property=\"article:modified_time\" content=\"2024-11-13T10:26:34+00:00\" \/>\n<meta property=\"og:image\" content=\"https:\/\/psicologiainfantilmallorca.com\/catala\/wp-content\/uploads\/2023\/02\/psicologia-general-sanitaria-infantil.jpg\" \/>\n<meta name=\"twitter:card\" content=\"summary_large_image\" \/>\n<meta name=\"twitter:label1\" content=\"Temps estimat de lectura\" \/>\n\t<meta name=\"twitter:data1\" content=\"2 minuts\" \/>\n<script type=\"application\/ld+json\" class=\"yoast-schema-graph\">{\"@context\":\"https:\/\/schema.org\",\"@graph\":[{\"@type\":\"WebPage\",\"@id\":\"https:\/\/psicologiainfantilmallorca.com\/catala\/psicologia-general-sanitaria-infantil\/\",\"url\":\"https:\/\/psicologiainfantilmallorca.com\/catala\/psicologia-general-sanitaria-infantil\/\",\"name\":\"Psicologia General Sanit\u00e0ria Infantil - PSICOLOGIA INFANTIL MALLORCA\",\"isPartOf\":{\"@id\":\"https:\/\/psicologiainfantilmallorca.com\/catala\/#website\"},\"primaryImageOfPage\":{\"@id\":\"https:\/\/psicologiainfantilmallorca.com\/catala\/psicologia-general-sanitaria-infantil\/#primaryimage\"},\"image\":{\"@id\":\"https:\/\/psicologiainfantilmallorca.com\/catala\/psicologia-general-sanitaria-infantil\/#primaryimage\"},\"thumbnailUrl\":\"https:\/\/psicologiainfantilmallorca.com\/catala\/wp-content\/uploads\/2023\/02\/psicologia-general-sanitaria-infantil.jpg\",\"datePublished\":\"2023-02-02T12:11:19+00:00\",\"dateModified\":\"2024-11-13T10:26:34+00:00\",\"breadcrumb\":{\"@id\":\"https:\/\/psicologiainfantilmallorca.com\/catala\/psicologia-general-sanitaria-infantil\/#breadcrumb\"},\"inLanguage\":\"ca\",\"potentialAction\":[{\"@type\":\"ReadAction\",\"target\":[\"https:\/\/psicologiainfantilmallorca.com\/catala\/psicologia-general-sanitaria-infantil\/\"]}]},{\"@type\":\"ImageObject\",\"inLanguage\":\"ca\",\"@id\":\"https:\/\/psicologiainfantilmallorca.com\/catala\/psicologia-general-sanitaria-infantil\/#primaryimage\",\"url\":\"https:\/\/psicologiainfantilmallorca.com\/catala\/wp-content\/uploads\/2023\/02\/psicologia-general-sanitaria-infantil.jpg\",\"contentUrl\":\"https:\/\/psicologiainfantilmallorca.com\/catala\/wp-content\/uploads\/2023\/02\/psicologia-general-sanitaria-infantil.jpg\",\"width\":1000,\"height\":669},{\"@type\":\"BreadcrumbList\",\"@id\":\"https:\/\/psicologiainfantilmallorca.com\/catala\/psicologia-general-sanitaria-infantil\/#breadcrumb\",\"itemListElement\":[{\"@type\":\"ListItem\",\"position\":1,\"name\":\"Portada\",\"item\":\"https:\/\/psicologiainfantilmallorca.com\/catala\/\"},{\"@type\":\"ListItem\",\"position\":2,\"name\":\"Psicologia General Sanit\u00e0ria Infantil\"}]},{\"@type\":\"WebSite\",\"@id\":\"https:\/\/psicologiainfantilmallorca.com\/catala\/#website\",\"url\":\"https:\/\/psicologiainfantilmallorca.com\/catala\/\",\"name\":\"PSICOLOGIA INFANTIL MALLORCA\",\"description\":\"psicologiainfantilmallorca.com\",\"potentialAction\":[{\"@type\":\"SearchAction\",\"target\":{\"@type\":\"EntryPoint\",\"urlTemplate\":\"https:\/\/psicologiainfantilmallorca.com\/catala\/?s={search_term_string}\"},\"query-input\":{\"@type\":\"PropertyValueSpecification\",\"valueRequired\":true,\"valueName\":\"search_term_string\"}}],\"inLanguage\":\"ca\"}]}<\/script>\n<!-- \/ Yoast SEO plugin. -->","yoast_head_json":{"title":"Psicologia General Sanit\u00e0ria Infantil - PSICOLOGIA INFANTIL MALLORCA","robots":{"index":"index","follow":"follow","max-snippet":"max-snippet:-1","max-image-preview":"max-image-preview:large","max-video-preview":"max-video-preview:-1"},"canonical":"https:\/\/psicologiainfantilmallorca.com\/catala\/psicologia-general-sanitaria-infantil\/","og_locale":"ca_ES","og_type":"article","og_title":"Psicologia General Sanit\u00e0ria Infantil - PSICOLOGIA INFANTIL MALLORCA","og_description":"La inf\u00e0ncia i l&#8217;adolesc\u00e8ncia s\u00f3n etapes cr\u00edtiques que influeixen posteriorment a la vida adulta. Superar amb \u00e8xit les diferents problem\u00e0tiques que vagin sorgint en aquestes etapes ser\u00e0 clau per a un desenvolupament saludable i adaptatiu. La psicologia general sanit\u00e0ria infantojuvenil s&#8217;encarrega de la salut psicol\u00f2gica de nens\/es i adolescents i de proporcionar-los eines perqu\u00e8 tinguin...","og_url":"https:\/\/psicologiainfantilmallorca.com\/catala\/psicologia-general-sanitaria-infantil\/","og_site_name":"PSICOLOGIA INFANTIL MALLORCA","article_modified_time":"2024-11-13T10:26:34+00:00","og_image":[{"url":"https:\/\/psicologiainfantilmallorca.com\/catala\/wp-content\/uploads\/2023\/02\/psicologia-general-sanitaria-infantil.jpg","type":"","width":"","height":""}],"twitter_card":"summary_large_image","twitter_misc":{"Temps estimat de lectura":"2 minuts"},"schema":{"@context":"https:\/\/schema.org","@graph":[{"@type":"WebPage","@id":"https:\/\/psicologiainfantilmallorca.com\/catala\/psicologia-general-sanitaria-infantil\/","url":"https:\/\/psicologiainfantilmallorca.com\/catala\/psicologia-general-sanitaria-infantil\/","name":"Psicologia General Sanit\u00e0ria Infantil - PSICOLOGIA INFANTIL MALLORCA","isPartOf":{"@id":"https:\/\/psicologiainfantilmallorca.com\/catala\/#website"},"primaryImageOfPage":{"@id":"https:\/\/psicologiainfantilmallorca.com\/catala\/psicologia-general-sanitaria-infantil\/#primaryimage"},"image":{"@id":"https:\/\/psicologiainfantilmallorca.com\/catala\/psicologia-general-sanitaria-infantil\/#primaryimage"},"thumbnailUrl":"https:\/\/psicologiainfantilmallorca.com\/catala\/wp-content\/uploads\/2023\/02\/psicologia-general-sanitaria-infantil.jpg","datePublished":"2023-02-02T12:11:19+00:00","dateModified":"2024-11-13T10:26:34+00:00","breadcrumb":{"@id":"https:\/\/psicologiainfantilmallorca.com\/catala\/psicologia-general-sanitaria-infantil\/#breadcrumb"},"inLanguage":"ca","potentialAction":[{"@type":"ReadAction","target":["https:\/\/psicologiainfantilmallorca.com\/catala\/psicologia-general-sanitaria-infantil\/"]}]},{"@type":"ImageObject","inLanguage":"ca","@id":"https:\/\/psicologiainfantilmallorca.com\/catala\/psicologia-general-sanitaria-infantil\/#primaryimage","url":"https:\/\/psicologiainfantilmallorca.com\/catala\/wp-content\/uploads\/2023\/02\/psicologia-general-sanitaria-infantil.jpg","contentUrl":"https:\/\/psicologiainfantilmallorca.com\/catala\/wp-content\/uploads\/2023\/02\/psicologia-general-sanitaria-infantil.jpg","width":1000,"height":669},{"@type":"BreadcrumbList","@id":"https:\/\/psicologiainfantilmallorca.com\/catala\/psicologia-general-sanitaria-infantil\/#breadcrumb","itemListElement":[{"@type":"ListItem","position":1,"name":"Portada","item":"https:\/\/psicologiainfantilmallorca.com\/catala\/"},{"@type":"ListItem","position":2,"name":"Psicologia General Sanit\u00e0ria Infantil"}]},{"@type":"WebSite","@id":"https:\/\/psicologiainfantilmallorca.com\/catala\/#website","url":"https:\/\/psicologiainfantilmallorca.com\/catala\/","name":"PSICOLOGIA INFANTIL MALLORCA","description":"psicologiainfantilmallorca.com","potentialAction":[{"@type":"SearchAction","target":{"@type":"EntryPoint","urlTemplate":"https:\/\/psicologiainfantilmallorca.com\/catala\/?s={search_term_string}"},"query-input":{"@type":"PropertyValueSpecification","valueRequired":true,"valueName":"search_term_string"}}],"inLanguage":"ca"}]}},"_links":{"self":[{"href":"https:\/\/psicologiainfantilmallorca.com\/catala\/wp-json\/wp\/v2\/pages\/3187","targetHints":{"allow":["GET"]}}],"collection":[{"href":"https:\/\/psicologiainfantilmallorca.com\/catala\/wp-json\/wp\/v2\/pages"}],"about":[{"href":"https:\/\/psicologiainfantilmallorca.com\/catala\/wp-json\/wp\/v2\/types\/page"}],"author":[{"embeddable":true,"href":"https:\/\/psicologiainfantilmallorca.com\/catala\/wp-json\/wp\/v2\/users\/1"}],"replies":[{"embeddable":true,"href":"https:\/\/psicologiainfantilmallorca.com\/catala\/wp-json\/wp\/v2\/comments?post=3187"}],"version-history":[{"count":4,"href":"https:\/\/psicologiainfantilmallorca.com\/catala\/wp-json\/wp\/v2\/pages\/3187\/revisions"}],"predecessor-version":[{"id":3423,"href":"https:\/\/psicologiainfantilmallorca.com\/catala\/wp-json\/wp\/v2\/pages\/3187\/revisions\/3423"}],"wp:attachment":[{"href":"https:\/\/psicologiainfantilmallorca.com\/catala\/wp-json\/wp\/v2\/media?parent=3187"}],"curies":[{"name":"wp","href":"https:\/\/api.w.org\/{rel}","templated":true}]}}