{"id":29,"date":"2015-01-09T21:17:06","date_gmt":"2015-01-09T21:17:06","guid":{"rendered":"http:\/\/www.psicologiasexologiamallorca.com\/?page_id=29"},"modified":"2025-08-05T09:32:03","modified_gmt":"2025-08-05T09:32:03","slug":"contacte","status":"publish","type":"page","link":"https:\/\/psicologiainfantilmallorca.com\/catala\/contacte\/","title":{"rendered":"Contacte"},"content":{"rendered":"\n<iframe\n  src=\"https:\/\/www.google.com\/maps?q=Costa+de+les+Germanetes+6+2B+07010+Palma+Balearic+Islands&#038;output=embed\"\n  width=\"100%\"\n  height=\"450\"\n  style=\"border:0;\"\n  allowfullscreen=\"\"\n  loading=\"lazy\"\n  referrerpolicy=\"no-referrer-when-downgrade\"\n><\/iframe>\n\n\n\n<div style=\"height:29px\" aria-hidden=\"true\" class=\"wp-block-spacer\"><\/div>\n\n\n<div class=\"one_half name of animation\">\n\n\n<p><span style=\"color: #99cc00;\"><strong data-rich-text-format-boundary=\"true\">Direcci\u00f3n<\/strong><\/span><\/p>\n<p><strong>Psicologia Infanto-Juvenil Mallorca<br \/><\/strong><\/p>\n<p>C\/ Costa de les Germanetes, 6, 2\u00ba B. <br \/>(parkings propers Pza. Sta Payesa y Sa Riera)<br \/>07010 Palma de Mallorca <br \/>Tel\u00e8fon: 871 512 446 \/ 640 728 808<br \/>Email: <a href=\"mailto:info@psicologiainfantilmallorca.com\">info@psicologiainfantilmallorca.com<\/a> \u00a0\u00a0<\/p>\n\n<\/div>\n\n\n<div class=\"one_half name of animation last_column\"><\/pre>\n\n<div class=\"wpcf7 no-js\" id=\"wpcf7-f232-o1\" lang=\"es-ES\" dir=\"ltr\" data-wpcf7-id=\"232\">\n<div class=\"screen-reader-response\"><p role=\"status\" aria-live=\"polite\" aria-atomic=\"true\"><\/p> <ul><\/ul><\/div>\n<form action=\"\/catala\/wp-json\/wp\/v2\/pages\/29#wpcf7-f232-o1\" method=\"post\" class=\"wpcf7-form init\" aria-label=\"Formulario de contacto\" novalidate=\"novalidate\" data-status=\"init\">\n<fieldset class=\"hidden-fields-container\"><input type=\"hidden\" name=\"_wpcf7\" value=\"232\" \/><input type=\"hidden\" name=\"_wpcf7_version\" value=\"6.1.1\" \/><input type=\"hidden\" name=\"_wpcf7_locale\" value=\"es_ES\" \/><input type=\"hidden\" name=\"_wpcf7_unit_tag\" value=\"wpcf7-f232-o1\" \/><input type=\"hidden\" name=\"_wpcf7_container_post\" value=\"0\" \/><input type=\"hidden\" name=\"_wpcf7_posted_data_hash\" value=\"\" \/><input type=\"hidden\" name=\"_wpcf7_recaptcha_response\" value=\"\" \/>\n<\/fieldset>\n<p class=\"tituloFormulario\">Formulari de Contacte\n<\/p>\n<p>El seu nom (obligatori)\n<\/p>\n<p><span class=\"wpcf7-form-control-wrap\" data-name=\"your-name\"><input size=\"40\" maxlength=\"400\" class=\"wpcf7-form-control wpcf7-text wpcf7-validates-as-required\" aria-required=\"true\" aria-invalid=\"false\" value=\"\" type=\"text\" name=\"your-name\" \/><\/span>\n<\/p>\n<p>El seu e-mail (obligatori)\n<\/p>\n<p><span class=\"wpcf7-form-control-wrap\" data-name=\"your-email\"><input size=\"40\" maxlength=\"400\" class=\"wpcf7-form-control wpcf7-email wpcf7-validates-as-required wpcf7-text wpcf7-validates-as-email\" aria-required=\"true\" aria-invalid=\"false\" value=\"\" type=\"email\" name=\"your-email\" \/><\/span>\n<\/p>\n<p>Tel\u00e8fon (obligatori)\n<\/p>\n<p><span class=\"wpcf7-form-control-wrap\" data-name=\"telefono\"><input size=\"40\" maxlength=\"9\" class=\"wpcf7-form-control wpcf7-tel wpcf7-validates-as-required wpcf7-text wpcf7-validates-as-tel\" aria-required=\"true\" aria-invalid=\"false\" value=\"\" type=\"tel\" name=\"telefono\" \/><\/span>\n<\/p>\n<p>El seu missatge\n<\/p>\n<p><span class=\"wpcf7-form-control-wrap\" data-name=\"your-message\"><textarea cols=\"40\" rows=\"10\" maxlength=\"2000\" class=\"wpcf7-form-control wpcf7-textarea\" aria-invalid=\"false\" placeholder=\"En qu\u00e8 podem ajudar-vos?\" name=\"your-message\"><\/textarea><\/span>\n<\/p>\n<p><span class=\"wpcf7-form-control-wrap\" data-name=\"accept-this\"><span class=\"wpcf7-form-control wpcf7-acceptance\"><span class=\"wpcf7-list-item\"><input type=\"checkbox\" name=\"accept-this\" value=\"1\" aria-invalid=\"false\" \/><\/span><\/span><\/span> He llegit i accepto la <a href=\"https:\/\/psicologiainfantilmallorca.com\/politica-de-privacidad\/\" target=\"_blank\">Pol\u00edtica de Privacitat.<\/a>\n<\/p>\n<p class=\"botonEnviar\"><input class=\"wpcf7-form-control wpcf7-submit has-spinner\" type=\"submit\" value=\"Enviar\" \/>\n<\/p><input type=\"hidden\" id=\"ct_checkjs_cf7_2dace78f80bc92e6d7493423d729448e\" name=\"ct_checkjs_cf7\" value=\"0\" \/><script >setTimeout(function(){var ct_input_name = \"ct_checkjs_cf7_2dace78f80bc92e6d7493423d729448e\";if (document.getElementById(ct_input_name) !== null) {var ct_input_value = document.getElementById(ct_input_name).value;document.getElementById(ct_input_name).value = document.getElementById(ct_input_name).value.replace(ct_input_value, 'b76a698de428508aee038f6ae22c92e23cf757b9f1b4422e08f7a4305c0d2c84');}}, 1000);<\/script><input\n                    class=\"apbct_special_field apbct_email_id__wp_contact_form_7\"\n                    name=\"apbct__email_id__wp_contact_form_7\"\n                    aria-label=\"apbct__label_id__wp_contact_form_7\"\n                    type=\"text\" size=\"30\" maxlength=\"200\" autocomplete=\"off\"\n                    value=\"\"\n                \/><div class=\"wpcf7-response-output\" aria-hidden=\"true\"><\/div>\n<\/form>\n<\/div>\n\n<\/div>\n","protected":false},"excerpt":{"rendered":"","protected":false},"author":1,"featured_media":1489,"parent":0,"menu_order":7,"comment_status":"closed","ping_status":"closed","template":"full-width.php","meta":{"_joinchat":[],"footnotes":""},"class_list":["post-29","page","type-page","status-publish","has-post-thumbnail","hentry"],"yoast_head":"<!-- This site is optimized with the Yoast SEO plugin v25.6 - https:\/\/yoast.com\/wordpress\/plugins\/seo\/ -->\n<title>Psicolog\u00eda General Sanitaria Infantil en Palma Mallorca, Psicolog\u00eda Educativa en Palma Mallorca,Duelos y p\u00e9rdidas en Palma Mallorca, Problemas de Adaptaci\u00f3n en Palma Mallorca, Trastornos del Desarrollo en Palma Mallorca, Trastornos de Conducta Alimentaria en Palma Mallorca, Terapia ONLINE en Palma Mallorca y Terapia en Ingl\u00e9s en Palma Mallorca<\/title>\n<meta name=\"description\" content=\"Psicolog\u00eda Infanto-Juvenil Mallorca es el departamento de atenci\u00f3n psicol\u00f3gica a la infancia y adolescencia Mallorca\" \/>\n<meta name=\"robots\" content=\"index, follow, max-snippet:-1, max-image-preview:large, max-video-preview:-1\" \/>\n<link rel=\"canonical\" href=\"https:\/\/psicologiainfantilmallorca.com\/catala\/contacte\/\" \/>\n<meta property=\"og:locale\" content=\"ca_ES\" \/>\n<meta property=\"og:type\" content=\"article\" \/>\n<meta property=\"og:title\" content=\"Psicolog\u00eda General Sanitaria Infantil en Palma Mallorca, Psicolog\u00eda Educativa en Palma Mallorca,Duelos y p\u00e9rdidas en Palma Mallorca, Problemas de Adaptaci\u00f3n en Palma Mallorca, Trastornos del Desarrollo en Palma Mallorca, Trastornos de Conducta Alimentaria en Palma Mallorca, Terapia ONLINE en Palma Mallorca y Terapia en Ingl\u00e9s en Palma Mallorca\" \/>\n<meta property=\"og:description\" content=\"Psicolog\u00eda Infanto-Juvenil Mallorca es el departamento de atenci\u00f3n psicol\u00f3gica a la infancia y adolescencia Mallorca\" \/>\n<meta property=\"og:url\" content=\"https:\/\/psicologiainfantilmallorca.com\/catala\/contacte\/\" \/>\n<meta property=\"og:site_name\" content=\"PSICOLOGIA INFANTIL MALLORCA\" \/>\n<meta property=\"article:modified_time\" content=\"2025-08-05T09:32:03+00:00\" \/>\n<meta property=\"og:image\" content=\"https:\/\/psicologiainfantilmallorca.com\/catala\/wp-content\/uploads\/2019\/06\/Contact-us.jpg\" \/>\n\t<meta property=\"og:image:width\" content=\"1920\" \/>\n\t<meta property=\"og:image:height\" content=\"500\" \/>\n\t<meta property=\"og:image:type\" content=\"image\/jpeg\" \/>\n<meta name=\"twitter:card\" content=\"summary_large_image\" \/>\n<meta name=\"twitter:label1\" content=\"Temps estimat de lectura\" \/>\n\t<meta name=\"twitter:data1\" content=\"1 minut\" \/>\n<script type=\"application\/ld+json\" class=\"yoast-schema-graph\">{\"@context\":\"https:\/\/schema.org\",\"@graph\":[{\"@type\":\"WebPage\",\"@id\":\"https:\/\/psicologiainfantilmallorca.com\/catala\/contacte\/\",\"url\":\"https:\/\/psicologiainfantilmallorca.com\/catala\/contacte\/\",\"name\":\"Psicolog\u00eda General Sanitaria Infantil en Palma Mallorca, Psicolog\u00eda Educativa en Palma Mallorca,Duelos y p\u00e9rdidas en Palma Mallorca, Problemas de Adaptaci\u00f3n en Palma Mallorca, Trastornos del Desarrollo en Palma Mallorca, Trastornos de Conducta Alimentaria en Palma Mallorca, Terapia ONLINE en Palma Mallorca y Terapia en Ingl\u00e9s en Palma Mallorca\",\"isPartOf\":{\"@id\":\"https:\/\/psicologiainfantilmallorca.com\/catala\/#website\"},\"primaryImageOfPage\":{\"@id\":\"https:\/\/psicologiainfantilmallorca.com\/catala\/contacte\/#primaryimage\"},\"image\":{\"@id\":\"https:\/\/psicologiainfantilmallorca.com\/catala\/contacte\/#primaryimage\"},\"thumbnailUrl\":\"https:\/\/psicologiainfantilmallorca.com\/catala\/wp-content\/uploads\/2019\/06\/Contact-us.jpg\",\"datePublished\":\"2015-01-09T21:17:06+00:00\",\"dateModified\":\"2025-08-05T09:32:03+00:00\",\"description\":\"Psicolog\u00eda Infanto-Juvenil Mallorca es el departamento de atenci\u00f3n psicol\u00f3gica a la infancia y adolescencia Mallorca\",\"breadcrumb\":{\"@id\":\"https:\/\/psicologiainfantilmallorca.com\/catala\/contacte\/#breadcrumb\"},\"inLanguage\":\"ca\",\"potentialAction\":[{\"@type\":\"ReadAction\",\"target\":[\"https:\/\/psicologiainfantilmallorca.com\/catala\/contacte\/\"]}]},{\"@type\":\"ImageObject\",\"inLanguage\":\"ca\",\"@id\":\"https:\/\/psicologiainfantilmallorca.com\/catala\/contacte\/#primaryimage\",\"url\":\"https:\/\/psicologiainfantilmallorca.com\/catala\/wp-content\/uploads\/2019\/06\/Contact-us.jpg\",\"contentUrl\":\"https:\/\/psicologiainfantilmallorca.com\/catala\/wp-content\/uploads\/2019\/06\/Contact-us.jpg\",\"width\":1920,\"height\":500},{\"@type\":\"BreadcrumbList\",\"@id\":\"https:\/\/psicologiainfantilmallorca.com\/catala\/contacte\/#breadcrumb\",\"itemListElement\":[{\"@type\":\"ListItem\",\"position\":1,\"name\":\"Portada\",\"item\":\"https:\/\/psicologiainfantilmallorca.com\/catala\/\"},{\"@type\":\"ListItem\",\"position\":2,\"name\":\"Contacte\"}]},{\"@type\":\"WebSite\",\"@id\":\"https:\/\/psicologiainfantilmallorca.com\/catala\/#website\",\"url\":\"https:\/\/psicologiainfantilmallorca.com\/catala\/\",\"name\":\"PSICOLOGIA INFANTIL MALLORCA\",\"description\":\"psicologiainfantilmallorca.com\",\"potentialAction\":[{\"@type\":\"SearchAction\",\"target\":{\"@type\":\"EntryPoint\",\"urlTemplate\":\"https:\/\/psicologiainfantilmallorca.com\/catala\/?s={search_term_string}\"},\"query-input\":{\"@type\":\"PropertyValueSpecification\",\"valueRequired\":true,\"valueName\":\"search_term_string\"}}],\"inLanguage\":\"ca\"}]}<\/script>\n<!-- \/ Yoast SEO plugin. -->","yoast_head_json":{"title":"Psicolog\u00eda General Sanitaria Infantil en Palma Mallorca, Psicolog\u00eda Educativa en Palma Mallorca,Duelos y p\u00e9rdidas en Palma Mallorca, Problemas de Adaptaci\u00f3n en Palma Mallorca, Trastornos del Desarrollo en Palma Mallorca, Trastornos de Conducta Alimentaria en Palma Mallorca, Terapia ONLINE en Palma Mallorca y Terapia en Ingl\u00e9s en Palma Mallorca","description":"Psicolog\u00eda Infanto-Juvenil Mallorca es el departamento de atenci\u00f3n psicol\u00f3gica a la infancia y adolescencia Mallorca","robots":{"index":"index","follow":"follow","max-snippet":"max-snippet:-1","max-image-preview":"max-image-preview:large","max-video-preview":"max-video-preview:-1"},"canonical":"https:\/\/psicologiainfantilmallorca.com\/catala\/contacte\/","og_locale":"ca_ES","og_type":"article","og_title":"Psicolog\u00eda General Sanitaria Infantil en Palma Mallorca, Psicolog\u00eda Educativa en Palma Mallorca,Duelos y p\u00e9rdidas en Palma Mallorca, Problemas de Adaptaci\u00f3n en Palma Mallorca, Trastornos del Desarrollo en Palma Mallorca, Trastornos de Conducta Alimentaria en Palma Mallorca, Terapia ONLINE en Palma Mallorca y Terapia en Ingl\u00e9s en Palma Mallorca","og_description":"Psicolog\u00eda Infanto-Juvenil Mallorca es el departamento de atenci\u00f3n psicol\u00f3gica a la infancia y adolescencia Mallorca","og_url":"https:\/\/psicologiainfantilmallorca.com\/catala\/contacte\/","og_site_name":"PSICOLOGIA INFANTIL MALLORCA","article_modified_time":"2025-08-05T09:32:03+00:00","og_image":[{"width":1920,"height":500,"url":"https:\/\/psicologiainfantilmallorca.com\/catala\/wp-content\/uploads\/2019\/06\/Contact-us.jpg","type":"image\/jpeg"}],"twitter_card":"summary_large_image","twitter_misc":{"Temps estimat de lectura":"1 minut"},"schema":{"@context":"https:\/\/schema.org","@graph":[{"@type":"WebPage","@id":"https:\/\/psicologiainfantilmallorca.com\/catala\/contacte\/","url":"https:\/\/psicologiainfantilmallorca.com\/catala\/contacte\/","name":"Psicolog\u00eda General Sanitaria Infantil en Palma Mallorca, Psicolog\u00eda Educativa en Palma Mallorca,Duelos y p\u00e9rdidas en Palma Mallorca, Problemas de Adaptaci\u00f3n en Palma Mallorca, Trastornos del Desarrollo en Palma Mallorca, Trastornos de Conducta Alimentaria en Palma Mallorca, Terapia ONLINE en Palma Mallorca y Terapia en Ingl\u00e9s en Palma Mallorca","isPartOf":{"@id":"https:\/\/psicologiainfantilmallorca.com\/catala\/#website"},"primaryImageOfPage":{"@id":"https:\/\/psicologiainfantilmallorca.com\/catala\/contacte\/#primaryimage"},"image":{"@id":"https:\/\/psicologiainfantilmallorca.com\/catala\/contacte\/#primaryimage"},"thumbnailUrl":"https:\/\/psicologiainfantilmallorca.com\/catala\/wp-content\/uploads\/2019\/06\/Contact-us.jpg","datePublished":"2015-01-09T21:17:06+00:00","dateModified":"2025-08-05T09:32:03+00:00","description":"Psicolog\u00eda Infanto-Juvenil Mallorca es el departamento de atenci\u00f3n psicol\u00f3gica a la infancia y adolescencia Mallorca","breadcrumb":{"@id":"https:\/\/psicologiainfantilmallorca.com\/catala\/contacte\/#breadcrumb"},"inLanguage":"ca","potentialAction":[{"@type":"ReadAction","target":["https:\/\/psicologiainfantilmallorca.com\/catala\/contacte\/"]}]},{"@type":"ImageObject","inLanguage":"ca","@id":"https:\/\/psicologiainfantilmallorca.com\/catala\/contacte\/#primaryimage","url":"https:\/\/psicologiainfantilmallorca.com\/catala\/wp-content\/uploads\/2019\/06\/Contact-us.jpg","contentUrl":"https:\/\/psicologiainfantilmallorca.com\/catala\/wp-content\/uploads\/2019\/06\/Contact-us.jpg","width":1920,"height":500},{"@type":"BreadcrumbList","@id":"https:\/\/psicologiainfantilmallorca.com\/catala\/contacte\/#breadcrumb","itemListElement":[{"@type":"ListItem","position":1,"name":"Portada","item":"https:\/\/psicologiainfantilmallorca.com\/catala\/"},{"@type":"ListItem","position":2,"name":"Contacte"}]},{"@type":"WebSite","@id":"https:\/\/psicologiainfantilmallorca.com\/catala\/#website","url":"https:\/\/psicologiainfantilmallorca.com\/catala\/","name":"PSICOLOGIA INFANTIL MALLORCA","description":"psicologiainfantilmallorca.com","potentialAction":[{"@type":"SearchAction","target":{"@type":"EntryPoint","urlTemplate":"https:\/\/psicologiainfantilmallorca.com\/catala\/?s={search_term_string}"},"query-input":{"@type":"PropertyValueSpecification","valueRequired":true,"valueName":"search_term_string"}}],"inLanguage":"ca"}]}},"_links":{"self":[{"href":"https:\/\/psicologiainfantilmallorca.com\/catala\/wp-json\/wp\/v2\/pages\/29","targetHints":{"allow":["GET"]}}],"collection":[{"href":"https:\/\/psicologiainfantilmallorca.com\/catala\/wp-json\/wp\/v2\/pages"}],"about":[{"href":"https:\/\/psicologiainfantilmallorca.com\/catala\/wp-json\/wp\/v2\/types\/page"}],"author":[{"embeddable":true,"href":"https:\/\/psicologiainfantilmallorca.com\/catala\/wp-json\/wp\/v2\/users\/1"}],"replies":[{"embeddable":true,"href":"https:\/\/psicologiainfantilmallorca.com\/catala\/wp-json\/wp\/v2\/comments?post=29"}],"version-history":[{"count":97,"href":"https:\/\/psicologiainfantilmallorca.com\/catala\/wp-json\/wp\/v2\/pages\/29\/revisions"}],"predecessor-version":[{"id":3543,"href":"https:\/\/psicologiainfantilmallorca.com\/catala\/wp-json\/wp\/v2\/pages\/29\/revisions\/3543"}],"wp:featuredmedia":[{"embeddable":true,"href":"https:\/\/psicologiainfantilmallorca.com\/catala\/wp-json\/wp\/v2\/media\/1489"}],"wp:attachment":[{"href":"https:\/\/psicologiainfantilmallorca.com\/catala\/wp-json\/wp\/v2\/media?parent=29"}],"curies":[{"name":"wp","href":"https:\/\/api.w.org\/{rel}","templated":true}]}}