{"id":25,"date":"2015-01-09T21:15:33","date_gmt":"2015-01-09T21:15:33","guid":{"rendered":"http:\/\/www.psicologiasexologiamallorca.com\/?page_id=25"},"modified":"2024-11-12T08:34:56","modified_gmt":"2024-11-12T08:34:56","slug":"preguntas-frecuentes","status":"publish","type":"page","link":"https:\/\/psicologiainfantilmallorca.com\/catala\/preguntas-frecuentes\/","title":{"rendered":"Preguntes freq\u00fcents"},"content":{"rendered":"\n<p class=\"has-text-color has-background has-medium-font-size\" style=\"background-color:#a7d429;color:#ffffff\"><strong><strong>El\/La meu\/va fill\/a necessita realment atenci\u00f3 psicol\u00f2gica o s\u00f3n coses t\u00edpiques de l&#8217;edat?<\/strong><\/strong><\/p>\n\n\n\n<p>Ens resulta molt dif\u00edcil saber-ho sense con\u00e8ixer el teu cas. No obstant aix\u00f2, tota situaci\u00f3 en la nostra vida que generi pensaments, emocions i comportaments que facin sofrir als nostres fills o a nosaltres mateixos i\/o ens dificulti el dia a dia, \u00e9s molt probable que sigui susceptible d&#8217;atenci\u00f3 psicol\u00f2gica.<\/p>\n\n\n\n<p>Davant el dubte, la nostra recomanaci\u00f3 \u00e9s que consultis sense comprom\u00eds, tal vegada optant per la Visita Informativa Gratu\u00efta que oferim, a trav\u00e9s d\u2019una trucada o un e-mail, i d&#8217;aquesta manera assegurar-te de si \u00e9s aix\u00f2 el que est\u00e0s buscant i de si podem ajudar al\/a la teu\/va fill\/a amb el seu problema concret.<\/p>\n\n\n\n<p class=\"has-text-color has-background has-medium-font-size\" style=\"background-color:#a7d429;color:#ffffff\"><strong>En qu\u00e8 consisteix una psicoter\u00e0pia?<\/strong><\/p>\n\n\n\n<p>Acudir a una consulta d&#8217;atenci\u00f3 psicol\u00f2gica \u00e9s un pas important i a vegades dif\u00edcil de decidir, sobretot pel que fa al benestar dels nostres fills. Per tant, per a nosaltres \u00e9s important que et sentis informat\/ada sobre el proc\u00e9s que iniciarem.<\/p>\n\n\n\n<p>En alguns casos, pot ser suficient un assessorament puntual de poques sessions, per\u00f2 molt sovint el problema \u00e9s una mica m\u00e9s complex i requereix d&#8217;un proc\u00e9s terap\u00e8utic que consta de les seg\u00fcents fases:<\/p>\n\n\n\n<p>&nbsp;&nbsp;&nbsp;&nbsp;&nbsp;&nbsp;&nbsp;&nbsp;&nbsp;&nbsp;&nbsp; 1. Primera visita amb els pares, mares i\/o tutors. No \u00e9s imprescindible que acudeixin els dos, per\u00f2 s\u00ed recomanable, pel fet que l&#8217;objectiu d&#8217;aquesta primera visita \u00e9s recaptar el m\u00e0xim d&#8217;informaci\u00f3 possible. Si valoreu que acudeixin terceres persones implicades en l&#8217;educaci\u00f3 del menor, tamb\u00e9 seria possible.<\/p>\n\n\n\n<p>&nbsp;&nbsp;&nbsp;&nbsp;&nbsp;&nbsp;&nbsp;&nbsp;&nbsp;&nbsp;&nbsp; 2. Avaluaci\u00f3 del problema i de les persones implicades: durant algunes sessions ens encarreguem de con\u00e8ixer en profunditat els comportaments, emocions i\/o pensaments problem\u00e0tics, aix\u00ed com tamb\u00e9 la breu hist\u00f2ria psicosocial del\/de la nen\/a o l&#8217;adolescent i la fam\u00edlia. \u00c9s necessari per a esbrinar l&#8217;origen i manteniment del problema, i per a una correcta intervenci\u00f3. Una diferenciaci\u00f3 concreta a l\u2019hora de treballar amb nens respecte a treballar amb adults, \u00e9s que s&#8217;interv\u00e9 sobre tots els \u00e0mbits: fam\u00edlia, fills i col\u00b7legi, per a aconseguir els millors resultats en el menor temps possible.<\/p>\n\n\n\n<p>&nbsp;&nbsp;&nbsp;&nbsp;&nbsp;&nbsp;&nbsp;&nbsp;&nbsp;&nbsp;&nbsp; 3. Devoluci\u00f3 de la informaci\u00f3: informem del que s\u2019ha avaluat i de la manera de resoldre el problema o pal\u00b7liar els s\u00edmptomes, tant als pares com als\/a les nens\/es. Aquest dia posem en com\u00fa els nostres objectius terap\u00e8utics, i els consensuem amb el\/la menor, a m\u00e9s d&#8217;explicar la intervenci\u00f3 posterior.<\/p>\n\n\n\n<p>&nbsp;&nbsp;&nbsp;&nbsp;&nbsp;&nbsp;&nbsp;&nbsp;&nbsp;&nbsp;&nbsp; 4. Intervenci\u00f3: per\u00edode en el qual fem els canvis necessaris, s&#8217;aprenen t\u00e8cniques psicol\u00f2giques que puguin servir d&#8217;ajuda, etc. \u00c9s freq\u00fcent que en aquesta fase hi hagi \u201ctasques per a casa\u201d com a part del tractament. En aquest moment del proc\u00e9s \u00e9s primordial el \u201ctreball en equip\u201d entre els pares, el\/la nen\/a o adolescent, els germans, l&#8217;escola\u2026 en definitiva, entre tots els agents implicats.<\/p>\n\n\n\n<p>&nbsp;&nbsp;&nbsp;&nbsp;&nbsp;&nbsp;&nbsp;&nbsp;&nbsp;&nbsp;&nbsp; 5. Seguiment: una vegada aconseguits els objectius, es realitzen algunes sessions de seguiment m\u00e9s espaiades en el temps per a comprovar que els canvis favorables es mantenen i prevenir recaigudes. Fins i tot havent realitzat la psicoter\u00e0pia presencial, aquests seguiments a vegades poden ser telef\u00f2nics.<\/p>\n\n\n\n<p>En qualsevol cas, les fases descrites s\u00f3n l&#8217;eix b\u00e0sic amb el qual treballem, per\u00f2 l&#8217;avaluaci\u00f3 i tractament es realitza sempre de forma personalitzada ja que, en funci\u00f3 de cada cas, s\u00f3n convenients unes estrat\u00e8gies o d&#8217;altres per a solucionar o millorar el problema.<\/p>\n\n\n\n<p class=\"has-text-color has-background has-medium-font-size\" style=\"background-color:#a7d429;color:#ffffff\"><strong>Entre el col\u00b7legi, les extraescolars, la ter\u00e0pia\u2026 No seran massa coses per a ell\/ella?<\/strong><\/p>\n\n\n\n<p>Aix\u00f2 dep\u00e8n de cada cas, per\u00f2 si hi ha una interfer\u00e8ncia important del problema a la vida del menor, la ter\u00e0pia sol resultar una desc\u00e0rrega i un alleugeriment per als nens i adolescents que la reben.<\/p>\n\n\n\n<p class=\"has-text-color has-background has-medium-font-size\" style=\"background-color:#a7d429;color:#ffffff\"><strong>Qu\u00e8 faig si el meu fill\/a no vol assistir a ter\u00e0pia?<\/strong><\/p>\n\n\n\n<p>La nostra recomanaci\u00f3 \u00e9s que optis per la Visita Informativa Gratu\u00efta, de manera que et puguem assessorar de forma individualitzada, ja que \u00e9s una situaci\u00f3 complicada, i l&#8217;ideal \u00e9s que el menor acudeixi a ter\u00e0pia de forma volunt\u00e0ria. En alguns problemes, sobretot pel que fa a intervencions conductuals, pot fins i tot no ser necessari intervenir directament amb el\/la menor.<\/p>\n\n\n\n<p class=\"has-text-color has-background has-medium-font-size\" style=\"background-color:#a7d429;color:#ffffff\"><strong>Puc portar el\/la meu\/va fill\/a a ter\u00e0pia si l&#8217;altre progenitor no vol?<\/strong><\/p>\n\n\n\n<p>En termes generals \u00e9s necessari, per tal d&#8217;iniciar una intervenci\u00f3 psicol\u00f2gica amb un menor, que les persones que ostenten la seva p\u00e0tria potestat l&#8217;autoritzin, a excepci\u00f3 de q\u00fcestions legals aplicables. Consulta&#8217;ns per a m\u00e9s informaci\u00f3.<\/p>\n\n\n\n<p class=\"has-text-color has-background has-medium-font-size\" style=\"background-color:#a7d429;color:#ffffff\"><strong>Amb quina freq\u00fc\u00e8ncia he d&#8217;anar a la consulta?<\/strong><\/p>\n\n\n\n<p>La freq\u00fc\u00e8ncia habitual \u00e9s setmanal, ja que \u00e9s possible arribar als objectius m\u00e9s r\u00e0pidament. Sobretot amb els nens m\u00e9s petits, ja que ells perceben el temps de manera diferent dels adults, i dues setmanes sense acudir pot fer que es desvinculin del tractament. De totes maneres, en funci\u00f3 de les caracter\u00edstiques de cada cas, podem establir una altra freq\u00fc\u00e8ncia de sessions.<\/p>\n\n\n\n<p class=\"has-text-color has-background has-medium-font-size\" style=\"background-color:#a7d429;color:#ffffff\"><strong>Durar\u00e0 molt la ter\u00e0pia?<\/strong><\/p>\n\n\n\n<p>La durada del tractament dep\u00e8n de cada cas, per\u00f2 no pret\u00e9n ser un cam\u00ed etern sin\u00f3 suficient per a qu\u00e8 els nens aprenguin a seleccionar i a utilitzar les eines que els calen per ser m\u00e9s feli\u00e7os i\/o solucionar el problema en el menor temps possible.<\/p>\n\n\n\n<p class=\"has-text-color has-background has-medium-font-size\" style=\"background-color:#a7d429;color:#ffffff\"><strong>Podr\u00e9 compaginar la ter\u00e0pia amb els horaris del\/de la meu\/va fill\/a?<\/strong><\/p>\n\n\n\n<p>S\u00ed, ja que el nostre horari de consulta \u00e9s tan flexible com ens \u00e9s possible per adaptar-nos a les vostres necessitats.<\/p>\n","protected":false},"excerpt":{"rendered":"<p>El\/La meu\/va fill\/a necessita realment atenci\u00f3 psicol\u00f2gica o s\u00f3n coses t\u00edpiques de l&#8217;edat? Ens resulta molt dif\u00edcil saber-ho sense con\u00e8ixer el teu cas. No obstant aix\u00f2, tota situaci\u00f3 en la nostra vida que generi pensaments, emocions i comportaments que facin sofrir als nostres fills o a nosaltres mateixos i\/o ens dificulti el dia a dia,&#8230; <\/p>\n","protected":false},"author":1,"featured_media":2978,"parent":0,"menu_order":5,"comment_status":"closed","ping_status":"closed","template":"full-width.php","meta":{"_joinchat":[],"footnotes":""},"class_list":["post-25","page","type-page","status-publish","has-post-thumbnail","hentry"],"yoast_head":"<!-- This site is optimized with the Yoast SEO plugin v25.6 - https:\/\/yoast.com\/wordpress\/plugins\/seo\/ -->\n<title>Preguntes freq\u00fcents - PSICOLOGIA INFANTIL MALLORCA<\/title>\n<meta name=\"robots\" content=\"index, follow, max-snippet:-1, max-image-preview:large, max-video-preview:-1\" \/>\n<link rel=\"canonical\" href=\"https:\/\/psicologiainfantilmallorca.com\/catala\/preguntas-frecuentes\/\" \/>\n<meta property=\"og:locale\" content=\"ca_ES\" \/>\n<meta property=\"og:type\" content=\"article\" \/>\n<meta property=\"og:title\" content=\"Preguntes freq\u00fcents - PSICOLOGIA INFANTIL MALLORCA\" \/>\n<meta property=\"og:description\" content=\"El\/La meu\/va fill\/a necessita realment atenci\u00f3 psicol\u00f2gica o s\u00f3n coses t\u00edpiques de l&#8217;edat? Ens resulta molt dif\u00edcil saber-ho sense con\u00e8ixer el teu cas. No obstant aix\u00f2, tota situaci\u00f3 en la nostra vida que generi pensaments, emocions i comportaments que facin sofrir als nostres fills o a nosaltres mateixos i\/o ens dificulti el dia a dia,...\" \/>\n<meta property=\"og:url\" content=\"https:\/\/psicologiainfantilmallorca.com\/catala\/preguntas-frecuentes\/\" \/>\n<meta property=\"og:site_name\" content=\"PSICOLOGIA INFANTIL MALLORCA\" \/>\n<meta property=\"article:modified_time\" content=\"2024-11-12T08:34:56+00:00\" \/>\n<meta property=\"og:image\" content=\"https:\/\/psicologiainfantilmallorca.com\/catala\/wp-content\/uploads\/2022\/08\/testimonios3.png\" \/>\n\t<meta property=\"og:image:width\" content=\"792\" \/>\n\t<meta property=\"og:image:height\" content=\"198\" \/>\n\t<meta property=\"og:image:type\" content=\"image\/png\" \/>\n<meta name=\"twitter:card\" content=\"summary_large_image\" \/>\n<meta name=\"twitter:label1\" content=\"Temps estimat de lectura\" \/>\n\t<meta name=\"twitter:data1\" content=\"5 minuts\" \/>\n<script type=\"application\/ld+json\" class=\"yoast-schema-graph\">{\"@context\":\"https:\/\/schema.org\",\"@graph\":[{\"@type\":\"WebPage\",\"@id\":\"https:\/\/psicologiainfantilmallorca.com\/catala\/preguntas-frecuentes\/\",\"url\":\"https:\/\/psicologiainfantilmallorca.com\/catala\/preguntas-frecuentes\/\",\"name\":\"Preguntes freq\u00fcents - PSICOLOGIA INFANTIL MALLORCA\",\"isPartOf\":{\"@id\":\"https:\/\/psicologiainfantilmallorca.com\/catala\/#website\"},\"primaryImageOfPage\":{\"@id\":\"https:\/\/psicologiainfantilmallorca.com\/catala\/preguntas-frecuentes\/#primaryimage\"},\"image\":{\"@id\":\"https:\/\/psicologiainfantilmallorca.com\/catala\/preguntas-frecuentes\/#primaryimage\"},\"thumbnailUrl\":\"https:\/\/psicologiainfantilmallorca.com\/catala\/wp-content\/uploads\/2022\/08\/testimonios3.png\",\"datePublished\":\"2015-01-09T21:15:33+00:00\",\"dateModified\":\"2024-11-12T08:34:56+00:00\",\"breadcrumb\":{\"@id\":\"https:\/\/psicologiainfantilmallorca.com\/catala\/preguntas-frecuentes\/#breadcrumb\"},\"inLanguage\":\"ca\",\"potentialAction\":[{\"@type\":\"ReadAction\",\"target\":[\"https:\/\/psicologiainfantilmallorca.com\/catala\/preguntas-frecuentes\/\"]}]},{\"@type\":\"ImageObject\",\"inLanguage\":\"ca\",\"@id\":\"https:\/\/psicologiainfantilmallorca.com\/catala\/preguntas-frecuentes\/#primaryimage\",\"url\":\"https:\/\/psicologiainfantilmallorca.com\/catala\/wp-content\/uploads\/2022\/08\/testimonios3.png\",\"contentUrl\":\"https:\/\/psicologiainfantilmallorca.com\/catala\/wp-content\/uploads\/2022\/08\/testimonios3.png\",\"width\":792,\"height\":198,\"caption\":\"Psicolog\u00eda General Sanitaria Infantil Psicolog\u00eda Educativa Duelos y p\u00e9rdidas Problemas de Adaptaci\u00f3n Trastornos del Desarrollo Conducta Alimentaria Terapia ONLINE Ingl\u00e9s en Palma Mallorca\"},{\"@type\":\"BreadcrumbList\",\"@id\":\"https:\/\/psicologiainfantilmallorca.com\/catala\/preguntas-frecuentes\/#breadcrumb\",\"itemListElement\":[{\"@type\":\"ListItem\",\"position\":1,\"name\":\"Portada\",\"item\":\"https:\/\/psicologiainfantilmallorca.com\/catala\/\"},{\"@type\":\"ListItem\",\"position\":2,\"name\":\"Preguntes freq\u00fcents\"}]},{\"@type\":\"WebSite\",\"@id\":\"https:\/\/psicologiainfantilmallorca.com\/catala\/#website\",\"url\":\"https:\/\/psicologiainfantilmallorca.com\/catala\/\",\"name\":\"PSICOLOGIA INFANTIL MALLORCA\",\"description\":\"psicologiainfantilmallorca.com\",\"potentialAction\":[{\"@type\":\"SearchAction\",\"target\":{\"@type\":\"EntryPoint\",\"urlTemplate\":\"https:\/\/psicologiainfantilmallorca.com\/catala\/?s={search_term_string}\"},\"query-input\":{\"@type\":\"PropertyValueSpecification\",\"valueRequired\":true,\"valueName\":\"search_term_string\"}}],\"inLanguage\":\"ca\"}]}<\/script>\n<!-- \/ Yoast SEO plugin. -->","yoast_head_json":{"title":"Preguntes freq\u00fcents - PSICOLOGIA INFANTIL MALLORCA","robots":{"index":"index","follow":"follow","max-snippet":"max-snippet:-1","max-image-preview":"max-image-preview:large","max-video-preview":"max-video-preview:-1"},"canonical":"https:\/\/psicologiainfantilmallorca.com\/catala\/preguntas-frecuentes\/","og_locale":"ca_ES","og_type":"article","og_title":"Preguntes freq\u00fcents - PSICOLOGIA INFANTIL MALLORCA","og_description":"El\/La meu\/va fill\/a necessita realment atenci\u00f3 psicol\u00f2gica o s\u00f3n coses t\u00edpiques de l&#8217;edat? Ens resulta molt dif\u00edcil saber-ho sense con\u00e8ixer el teu cas. No obstant aix\u00f2, tota situaci\u00f3 en la nostra vida que generi pensaments, emocions i comportaments que facin sofrir als nostres fills o a nosaltres mateixos i\/o ens dificulti el dia a dia,...","og_url":"https:\/\/psicologiainfantilmallorca.com\/catala\/preguntas-frecuentes\/","og_site_name":"PSICOLOGIA INFANTIL MALLORCA","article_modified_time":"2024-11-12T08:34:56+00:00","og_image":[{"width":792,"height":198,"url":"https:\/\/psicologiainfantilmallorca.com\/catala\/wp-content\/uploads\/2022\/08\/testimonios3.png","type":"image\/png"}],"twitter_card":"summary_large_image","twitter_misc":{"Temps estimat de lectura":"5 minuts"},"schema":{"@context":"https:\/\/schema.org","@graph":[{"@type":"WebPage","@id":"https:\/\/psicologiainfantilmallorca.com\/catala\/preguntas-frecuentes\/","url":"https:\/\/psicologiainfantilmallorca.com\/catala\/preguntas-frecuentes\/","name":"Preguntes freq\u00fcents - PSICOLOGIA INFANTIL MALLORCA","isPartOf":{"@id":"https:\/\/psicologiainfantilmallorca.com\/catala\/#website"},"primaryImageOfPage":{"@id":"https:\/\/psicologiainfantilmallorca.com\/catala\/preguntas-frecuentes\/#primaryimage"},"image":{"@id":"https:\/\/psicologiainfantilmallorca.com\/catala\/preguntas-frecuentes\/#primaryimage"},"thumbnailUrl":"https:\/\/psicologiainfantilmallorca.com\/catala\/wp-content\/uploads\/2022\/08\/testimonios3.png","datePublished":"2015-01-09T21:15:33+00:00","dateModified":"2024-11-12T08:34:56+00:00","breadcrumb":{"@id":"https:\/\/psicologiainfantilmallorca.com\/catala\/preguntas-frecuentes\/#breadcrumb"},"inLanguage":"ca","potentialAction":[{"@type":"ReadAction","target":["https:\/\/psicologiainfantilmallorca.com\/catala\/preguntas-frecuentes\/"]}]},{"@type":"ImageObject","inLanguage":"ca","@id":"https:\/\/psicologiainfantilmallorca.com\/catala\/preguntas-frecuentes\/#primaryimage","url":"https:\/\/psicologiainfantilmallorca.com\/catala\/wp-content\/uploads\/2022\/08\/testimonios3.png","contentUrl":"https:\/\/psicologiainfantilmallorca.com\/catala\/wp-content\/uploads\/2022\/08\/testimonios3.png","width":792,"height":198,"caption":"Psicolog\u00eda General Sanitaria Infantil Psicolog\u00eda Educativa Duelos y p\u00e9rdidas Problemas de Adaptaci\u00f3n Trastornos del Desarrollo Conducta Alimentaria Terapia ONLINE Ingl\u00e9s en Palma Mallorca"},{"@type":"BreadcrumbList","@id":"https:\/\/psicologiainfantilmallorca.com\/catala\/preguntas-frecuentes\/#breadcrumb","itemListElement":[{"@type":"ListItem","position":1,"name":"Portada","item":"https:\/\/psicologiainfantilmallorca.com\/catala\/"},{"@type":"ListItem","position":2,"name":"Preguntes freq\u00fcents"}]},{"@type":"WebSite","@id":"https:\/\/psicologiainfantilmallorca.com\/catala\/#website","url":"https:\/\/psicologiainfantilmallorca.com\/catala\/","name":"PSICOLOGIA INFANTIL MALLORCA","description":"psicologiainfantilmallorca.com","potentialAction":[{"@type":"SearchAction","target":{"@type":"EntryPoint","urlTemplate":"https:\/\/psicologiainfantilmallorca.com\/catala\/?s={search_term_string}"},"query-input":{"@type":"PropertyValueSpecification","valueRequired":true,"valueName":"search_term_string"}}],"inLanguage":"ca"}]}},"_links":{"self":[{"href":"https:\/\/psicologiainfantilmallorca.com\/catala\/wp-json\/wp\/v2\/pages\/25","targetHints":{"allow":["GET"]}}],"collection":[{"href":"https:\/\/psicologiainfantilmallorca.com\/catala\/wp-json\/wp\/v2\/pages"}],"about":[{"href":"https:\/\/psicologiainfantilmallorca.com\/catala\/wp-json\/wp\/v2\/types\/page"}],"author":[{"embeddable":true,"href":"https:\/\/psicologiainfantilmallorca.com\/catala\/wp-json\/wp\/v2\/users\/1"}],"replies":[{"embeddable":true,"href":"https:\/\/psicologiainfantilmallorca.com\/catala\/wp-json\/wp\/v2\/comments?post=25"}],"version-history":[{"count":165,"href":"https:\/\/psicologiainfantilmallorca.com\/catala\/wp-json\/wp\/v2\/pages\/25\/revisions"}],"predecessor-version":[{"id":3417,"href":"https:\/\/psicologiainfantilmallorca.com\/catala\/wp-json\/wp\/v2\/pages\/25\/revisions\/3417"}],"wp:featuredmedia":[{"embeddable":true,"href":"https:\/\/psicologiainfantilmallorca.com\/catala\/wp-json\/wp\/v2\/media\/2978"}],"wp:attachment":[{"href":"https:\/\/psicologiainfantilmallorca.com\/catala\/wp-json\/wp\/v2\/media?parent=25"}],"curies":[{"name":"wp","href":"https:\/\/api.w.org\/{rel}","templated":true}]}}