{"id":21,"date":"2015-01-09T21:12:26","date_gmt":"2015-01-09T21:12:26","guid":{"rendered":"http:\/\/www.psicologiasexologiamallorca.com\/?page_id=21"},"modified":"2024-11-12T10:07:18","modified_gmt":"2024-11-12T10:07:18","slug":"en-que-podem-ajudar-vos","status":"publish","type":"page","link":"https:\/\/psicologiainfantilmallorca.com\/catala\/en-que-podem-ajudar-vos\/","title":{"rendered":"En qu\u00e8 podem ajudar-vos?"},"content":{"rendered":"\n<h3 style=\"center; text-align: center;\">Feu click en aquelles problem\u00e0tiques que millor s&#8217;adaptin al que us preocupa<\/h3>\n<div class=\"filabotons1\">\n\n&nbsp;\n<div class=\"featuresbox\">\n<div class=\"featuresboxbg\">\n<h3><a href=\"https:\/\/psicologiainfantilmallorca.com\/catala\/psicologia-general-sanitaria-infantil\/\">Psicologia General Sanit\u00e0ria Infantil<\/a><\/h3>\n<\/div>\n&nbsp;\n\n<\/div>\n<div class=\"featuresbox\">\n<div class=\"featuresboxbg\">\n<h3><a href=\"\/catala\/psicologia-educativa\/\">Psicologia Educativa<\/a><\/h3>\n<\/div>\n&nbsp;\n\n<\/div>\n<div class=\"featuresbox\">\n<div class=\"featuresboxbg\">\n<h3><a href=\"https:\/\/psicologiainfantilmallorca.com\/catala\/dols-i-perdues\/\">Dols i P\u00e8rdues<\/a><\/h3>\n<\/div>\n&nbsp;\n\n<\/div>\n<\/div>\n<div class=\"clear\"><\/div>\n<div class=\"filabotons1\">\n<div class=\"featuresbox\">\n<div class=\"featuresboxbg\">\n<h3><a href=\"https:\/\/psicologiainfantilmallorca.com\/catala\/problemes-dadaptacio\/\">Problemes d\u2019Adaptaci\u00f3<\/a><\/h3>\n<\/div>\n&nbsp;\n\n<\/div>\n<div class=\"featuresbox\">\n<div class=\"featuresboxbg\">\n<h3><a href=\"https:\/\/psicologiainfantilmallorca.com\/catala\/trastorns-del-desenvolupament\/\">Trastorns del Neurodesenvolupament<\/a><\/h3>\n<\/div>\n&nbsp;\n\n<\/div>\n<div class=\"featuresbox\">\n<div class=\"featuresboxbg\">\n<h3><a href=\"https:\/\/psicologiainfantilmallorca.com\/catala\/trastorns-de-la-conducta-alimentaria\/\">Trastorns de la Conducta Aliment\u00e0ria<\/a><\/h3>\n<\/div>\n&nbsp;\n\n<\/div>\n<\/div>\n<div class=\"clear\"><\/div>\n<div class=\"filabotons1\">\n<div class=\"featuresbox\">\n<div class=\"featuresboxbg\">\n<h3><a href=\"https:\/\/psicologiainfantilmallorca.com\/catala\/terapia-online\/\">Ter\u00e0pia ONLINE<\/a><\/h3>\n<\/div>\n&nbsp;\n\n<\/div>\n<div class=\"featuresbox\">\n<div class=\"featuresboxbg\">\n<h3><a href=\"https:\/\/psicologiainfantilmallorca.com\/catala\/terapia-en-angles\/\">Ter\u00e0pia en Angl\u00e8s<\/a><\/h3>\n<\/div>\n&nbsp;\n\n<\/div>\n<\/div>\n<div class=\"clear\"><\/div>\n<div class=\"clear\"><\/div>\n\n\n<div class=\"su-spacer\" style=\"height:50px\"><\/div>\n\n\n\n<p class=\"has-text-align-center\">Coneixeu la resta de Serveis de <a href=\"https:\/\/www.psicologiasexologiamallorca.com\/catala\/en-que-podemos-ayudarte\/\">l&#8217;Institut Psicologia-Sexologia Mallorca<\/a><\/p>\n\n\n\n<p><\/p>\n\n\n\n<p><\/p>\n","protected":false},"excerpt":{"rendered":"<p>Feu click en aquelles problem\u00e0tiques que millor s&#8217;adaptin al que us preocupa &nbsp; Psicologia General Sanit\u00e0ria Infantil &nbsp; Psicologia Educativa &nbsp; Dols i P\u00e8rdues &nbsp; Problemes d\u2019Adaptaci\u00f3 &nbsp; Trastorns del Neurodesenvolupament &nbsp; Trastorns de la Conducta Aliment\u00e0ria &nbsp; Ter\u00e0pia ONLINE &nbsp; Ter\u00e0pia en Angl\u00e8s &nbsp; Coneixeu la resta de Serveis de l&#8217;Institut Psicologia-Sexologia Mallorca<\/p>\n","protected":false},"author":1,"featured_media":389,"parent":0,"menu_order":3,"comment_status":"closed","ping_status":"closed","template":"full-width.php","meta":{"_joinchat":[],"footnotes":""},"class_list":["post-21","page","type-page","status-publish","has-post-thumbnail","hentry"],"yoast_head":"<!-- This site is optimized with the Yoast SEO plugin v25.6 - https:\/\/yoast.com\/wordpress\/plugins\/seo\/ -->\n<title>Psicolog\u00eda General Sanitaria Infantil en Palma Mallorca, Psicolog\u00eda Educativa en Palma Mallorca,Duelos y p\u00e9rdidas en Palma Mallorca, Problemas de Adaptaci\u00f3n en Palma Mallorca, Trastornos del Desarrollo en Palma Mallorca, Trastornos de Conducta Alimentaria en Palma Mallorca, Terapia ONLINE en Palma Mallorca y Terapia en Ingl\u00e9s en Palma Mallorca<\/title>\n<meta name=\"description\" content=\"Psicolog\u00eda Infanto-Juvenil Mallorca es el departamento de atenci\u00f3n psicol\u00f3gica a la infancia y adolescencia Mallorca\" \/>\n<meta name=\"robots\" content=\"index, follow, max-snippet:-1, max-image-preview:large, max-video-preview:-1\" \/>\n<link rel=\"canonical\" href=\"https:\/\/psicologiainfantilmallorca.com\/catala\/en-que-podem-ajudar-vos\/\" \/>\n<meta property=\"og:locale\" content=\"ca_ES\" \/>\n<meta property=\"og:type\" content=\"article\" \/>\n<meta property=\"og:title\" content=\"Psicolog\u00eda General Sanitaria Infantil en Palma Mallorca, Psicolog\u00eda Educativa en Palma Mallorca,Duelos y p\u00e9rdidas en Palma Mallorca, Problemas de Adaptaci\u00f3n en Palma Mallorca, Trastornos del Desarrollo en Palma Mallorca, Trastornos de Conducta Alimentaria en Palma Mallorca, Terapia ONLINE en Palma Mallorca y Terapia en Ingl\u00e9s en Palma Mallorca\" \/>\n<meta property=\"og:description\" content=\"Psicolog\u00eda Infanto-Juvenil Mallorca es el departamento de atenci\u00f3n psicol\u00f3gica a la infancia y adolescencia Mallorca\" \/>\n<meta property=\"og:url\" content=\"https:\/\/psicologiainfantilmallorca.com\/catala\/en-que-podem-ajudar-vos\/\" \/>\n<meta property=\"og:site_name\" content=\"PSICOLOGIA INFANTIL MALLORCA\" \/>\n<meta property=\"article:modified_time\" content=\"2024-11-12T10:07:18+00:00\" \/>\n<meta property=\"og:image\" content=\"https:\/\/psicologiainfantilmallorca.com\/catala\/wp-content\/uploads\/2015\/01\/FullSizeRender.jpg\" \/>\n\t<meta property=\"og:image:width\" content=\"2448\" \/>\n\t<meta property=\"og:image:height\" content=\"522\" \/>\n\t<meta property=\"og:image:type\" content=\"image\/jpeg\" \/>\n<meta name=\"twitter:card\" content=\"summary_large_image\" \/>\n<meta name=\"twitter:label1\" content=\"Temps estimat de lectura\" \/>\n\t<meta name=\"twitter:data1\" content=\"1 minut\" \/>\n<script type=\"application\/ld+json\" class=\"yoast-schema-graph\">{\"@context\":\"https:\/\/schema.org\",\"@graph\":[{\"@type\":\"WebPage\",\"@id\":\"https:\/\/psicologiainfantilmallorca.com\/catala\/en-que-podem-ajudar-vos\/\",\"url\":\"https:\/\/psicologiainfantilmallorca.com\/catala\/en-que-podem-ajudar-vos\/\",\"name\":\"Psicolog\u00eda General Sanitaria Infantil en Palma Mallorca, Psicolog\u00eda Educativa en Palma Mallorca,Duelos y p\u00e9rdidas en Palma Mallorca, Problemas de Adaptaci\u00f3n en Palma Mallorca, Trastornos del Desarrollo en Palma Mallorca, Trastornos de Conducta Alimentaria en Palma Mallorca, Terapia ONLINE en Palma Mallorca y Terapia en Ingl\u00e9s en Palma Mallorca\",\"isPartOf\":{\"@id\":\"https:\/\/psicologiainfantilmallorca.com\/catala\/#website\"},\"primaryImageOfPage\":{\"@id\":\"https:\/\/psicologiainfantilmallorca.com\/catala\/en-que-podem-ajudar-vos\/#primaryimage\"},\"image\":{\"@id\":\"https:\/\/psicologiainfantilmallorca.com\/catala\/en-que-podem-ajudar-vos\/#primaryimage\"},\"thumbnailUrl\":\"https:\/\/psicologiainfantilmallorca.com\/catala\/wp-content\/uploads\/2015\/01\/FullSizeRender.jpg\",\"datePublished\":\"2015-01-09T21:12:26+00:00\",\"dateModified\":\"2024-11-12T10:07:18+00:00\",\"description\":\"Psicolog\u00eda Infanto-Juvenil Mallorca es el departamento de atenci\u00f3n psicol\u00f3gica a la infancia y adolescencia Mallorca\",\"breadcrumb\":{\"@id\":\"https:\/\/psicologiainfantilmallorca.com\/catala\/en-que-podem-ajudar-vos\/#breadcrumb\"},\"inLanguage\":\"ca\",\"potentialAction\":[{\"@type\":\"ReadAction\",\"target\":[\"https:\/\/psicologiainfantilmallorca.com\/catala\/en-que-podem-ajudar-vos\/\"]}]},{\"@type\":\"ImageObject\",\"inLanguage\":\"ca\",\"@id\":\"https:\/\/psicologiainfantilmallorca.com\/catala\/en-que-podem-ajudar-vos\/#primaryimage\",\"url\":\"https:\/\/psicologiainfantilmallorca.com\/catala\/wp-content\/uploads\/2015\/01\/FullSizeRender.jpg\",\"contentUrl\":\"https:\/\/psicologiainfantilmallorca.com\/catala\/wp-content\/uploads\/2015\/01\/FullSizeRender.jpg\",\"width\":2448,\"height\":522},{\"@type\":\"BreadcrumbList\",\"@id\":\"https:\/\/psicologiainfantilmallorca.com\/catala\/en-que-podem-ajudar-vos\/#breadcrumb\",\"itemListElement\":[{\"@type\":\"ListItem\",\"position\":1,\"name\":\"Portada\",\"item\":\"https:\/\/psicologiainfantilmallorca.com\/catala\/\"},{\"@type\":\"ListItem\",\"position\":2,\"name\":\"En qu\u00e8 podem ajudar-vos?\"}]},{\"@type\":\"WebSite\",\"@id\":\"https:\/\/psicologiainfantilmallorca.com\/catala\/#website\",\"url\":\"https:\/\/psicologiainfantilmallorca.com\/catala\/\",\"name\":\"PSICOLOGIA INFANTIL MALLORCA\",\"description\":\"psicologiainfantilmallorca.com\",\"potentialAction\":[{\"@type\":\"SearchAction\",\"target\":{\"@type\":\"EntryPoint\",\"urlTemplate\":\"https:\/\/psicologiainfantilmallorca.com\/catala\/?s={search_term_string}\"},\"query-input\":{\"@type\":\"PropertyValueSpecification\",\"valueRequired\":true,\"valueName\":\"search_term_string\"}}],\"inLanguage\":\"ca\"}]}<\/script>\n<!-- \/ Yoast SEO plugin. -->","yoast_head_json":{"title":"Psicolog\u00eda General Sanitaria Infantil en Palma Mallorca, Psicolog\u00eda Educativa en Palma Mallorca,Duelos y p\u00e9rdidas en Palma Mallorca, Problemas de Adaptaci\u00f3n en Palma Mallorca, Trastornos del Desarrollo en Palma Mallorca, Trastornos de Conducta Alimentaria en Palma Mallorca, Terapia ONLINE en Palma Mallorca y Terapia en Ingl\u00e9s en Palma Mallorca","description":"Psicolog\u00eda Infanto-Juvenil Mallorca es el departamento de atenci\u00f3n psicol\u00f3gica a la infancia y adolescencia Mallorca","robots":{"index":"index","follow":"follow","max-snippet":"max-snippet:-1","max-image-preview":"max-image-preview:large","max-video-preview":"max-video-preview:-1"},"canonical":"https:\/\/psicologiainfantilmallorca.com\/catala\/en-que-podem-ajudar-vos\/","og_locale":"ca_ES","og_type":"article","og_title":"Psicolog\u00eda General Sanitaria Infantil en Palma Mallorca, Psicolog\u00eda Educativa en Palma Mallorca,Duelos y p\u00e9rdidas en Palma Mallorca, Problemas de Adaptaci\u00f3n en Palma Mallorca, Trastornos del Desarrollo en Palma Mallorca, Trastornos de Conducta Alimentaria en Palma Mallorca, Terapia ONLINE en Palma Mallorca y Terapia en Ingl\u00e9s en Palma Mallorca","og_description":"Psicolog\u00eda Infanto-Juvenil Mallorca es el departamento de atenci\u00f3n psicol\u00f3gica a la infancia y adolescencia Mallorca","og_url":"https:\/\/psicologiainfantilmallorca.com\/catala\/en-que-podem-ajudar-vos\/","og_site_name":"PSICOLOGIA INFANTIL MALLORCA","article_modified_time":"2024-11-12T10:07:18+00:00","og_image":[{"width":2448,"height":522,"url":"https:\/\/psicologiainfantilmallorca.com\/catala\/wp-content\/uploads\/2015\/01\/FullSizeRender.jpg","type":"image\/jpeg"}],"twitter_card":"summary_large_image","twitter_misc":{"Temps estimat de lectura":"1 minut"},"schema":{"@context":"https:\/\/schema.org","@graph":[{"@type":"WebPage","@id":"https:\/\/psicologiainfantilmallorca.com\/catala\/en-que-podem-ajudar-vos\/","url":"https:\/\/psicologiainfantilmallorca.com\/catala\/en-que-podem-ajudar-vos\/","name":"Psicolog\u00eda General Sanitaria Infantil en Palma Mallorca, Psicolog\u00eda Educativa en Palma Mallorca,Duelos y p\u00e9rdidas en Palma Mallorca, Problemas de Adaptaci\u00f3n en Palma Mallorca, Trastornos del Desarrollo en Palma Mallorca, Trastornos de Conducta Alimentaria en Palma Mallorca, Terapia ONLINE en Palma Mallorca y Terapia en Ingl\u00e9s en Palma Mallorca","isPartOf":{"@id":"https:\/\/psicologiainfantilmallorca.com\/catala\/#website"},"primaryImageOfPage":{"@id":"https:\/\/psicologiainfantilmallorca.com\/catala\/en-que-podem-ajudar-vos\/#primaryimage"},"image":{"@id":"https:\/\/psicologiainfantilmallorca.com\/catala\/en-que-podem-ajudar-vos\/#primaryimage"},"thumbnailUrl":"https:\/\/psicologiainfantilmallorca.com\/catala\/wp-content\/uploads\/2015\/01\/FullSizeRender.jpg","datePublished":"2015-01-09T21:12:26+00:00","dateModified":"2024-11-12T10:07:18+00:00","description":"Psicolog\u00eda Infanto-Juvenil Mallorca es el departamento de atenci\u00f3n psicol\u00f3gica a la infancia y adolescencia Mallorca","breadcrumb":{"@id":"https:\/\/psicologiainfantilmallorca.com\/catala\/en-que-podem-ajudar-vos\/#breadcrumb"},"inLanguage":"ca","potentialAction":[{"@type":"ReadAction","target":["https:\/\/psicologiainfantilmallorca.com\/catala\/en-que-podem-ajudar-vos\/"]}]},{"@type":"ImageObject","inLanguage":"ca","@id":"https:\/\/psicologiainfantilmallorca.com\/catala\/en-que-podem-ajudar-vos\/#primaryimage","url":"https:\/\/psicologiainfantilmallorca.com\/catala\/wp-content\/uploads\/2015\/01\/FullSizeRender.jpg","contentUrl":"https:\/\/psicologiainfantilmallorca.com\/catala\/wp-content\/uploads\/2015\/01\/FullSizeRender.jpg","width":2448,"height":522},{"@type":"BreadcrumbList","@id":"https:\/\/psicologiainfantilmallorca.com\/catala\/en-que-podem-ajudar-vos\/#breadcrumb","itemListElement":[{"@type":"ListItem","position":1,"name":"Portada","item":"https:\/\/psicologiainfantilmallorca.com\/catala\/"},{"@type":"ListItem","position":2,"name":"En qu\u00e8 podem ajudar-vos?"}]},{"@type":"WebSite","@id":"https:\/\/psicologiainfantilmallorca.com\/catala\/#website","url":"https:\/\/psicologiainfantilmallorca.com\/catala\/","name":"PSICOLOGIA INFANTIL MALLORCA","description":"psicologiainfantilmallorca.com","potentialAction":[{"@type":"SearchAction","target":{"@type":"EntryPoint","urlTemplate":"https:\/\/psicologiainfantilmallorca.com\/catala\/?s={search_term_string}"},"query-input":{"@type":"PropertyValueSpecification","valueRequired":true,"valueName":"search_term_string"}}],"inLanguage":"ca"}]}},"_links":{"self":[{"href":"https:\/\/psicologiainfantilmallorca.com\/catala\/wp-json\/wp\/v2\/pages\/21","targetHints":{"allow":["GET"]}}],"collection":[{"href":"https:\/\/psicologiainfantilmallorca.com\/catala\/wp-json\/wp\/v2\/pages"}],"about":[{"href":"https:\/\/psicologiainfantilmallorca.com\/catala\/wp-json\/wp\/v2\/types\/page"}],"author":[{"embeddable":true,"href":"https:\/\/psicologiainfantilmallorca.com\/catala\/wp-json\/wp\/v2\/users\/1"}],"replies":[{"embeddable":true,"href":"https:\/\/psicologiainfantilmallorca.com\/catala\/wp-json\/wp\/v2\/comments?post=21"}],"version-history":[{"count":164,"href":"https:\/\/psicologiainfantilmallorca.com\/catala\/wp-json\/wp\/v2\/pages\/21\/revisions"}],"predecessor-version":[{"id":3420,"href":"https:\/\/psicologiainfantilmallorca.com\/catala\/wp-json\/wp\/v2\/pages\/21\/revisions\/3420"}],"wp:featuredmedia":[{"embeddable":true,"href":"https:\/\/psicologiainfantilmallorca.com\/catala\/wp-json\/wp\/v2\/media\/389"}],"wp:attachment":[{"href":"https:\/\/psicologiainfantilmallorca.com\/catala\/wp-json\/wp\/v2\/media?parent=21"}],"curies":[{"name":"wp","href":"https:\/\/api.w.org\/{rel}","templated":true}]}}