{"id":19,"date":"2015-01-09T21:09:11","date_gmt":"2015-01-09T21:09:11","guid":{"rendered":"http:\/\/www.psicologiasexologiamallorca.com\/?page_id=19"},"modified":"2024-02-12T20:32:18","modified_gmt":"2024-02-12T20:32:18","slug":"qui-som","status":"publish","type":"page","link":"https:\/\/psicologiainfantilmallorca.com\/catala\/qui-som\/","title":{"rendered":"Qui Som?"},"content":{"rendered":"<div id=\"pl-19\" class=\"panel-layout\">\n<div id=\"pg-19-0\" class=\"panel-grid panel-no-style\">\n<div id=\"pgc-19-0-0\" class=\"panel-grid-cell\" data-weight=\"1\">\n<div id=\"panel-19-0-0-0\" class=\"so-panel widget widget_sow-editor panel-first-child panel-last-child\" data-index=\"0\" data-style=\"{&quot;background_image_attachment&quot;:false,&quot;background_display&quot;:&quot;tile&quot;}\">\n<div class=\"so-widget-sow-editor so-widget-sow-editor-base\">\n<div class=\"siteorigin-widget-tinymce textwidget\">\n<p><span style=\"color: #99cc00;\"><strong>Psicologia Infanto-Juvenil Mallorca<\/strong> <\/span>\u00e9s el departament d\u2019atenci\u00f3 psicol\u00f2gica a la inf\u00e0ncia i l\u2019adolesc\u00e8ncia pertanyent a l\u2019Institut Psicologia-Sexologia Mallorca. Aquest departament neix per a donar resposta a les necessitats d\u2019aquesta poblaci\u00f3 i aix\u00ed construir el seu benestar psicol\u00f2gic des de l\u2019arrel m\u00e9s primerenca.<\/p>\n<p>A <span style=\"color: #99cc00;\"><strong>Psicologia Infanto-Juvenil Mallorca<\/strong> <\/span>sabem que la fam\u00edlia \u00e9s el sistema b\u00e0sic sobre el qual constru\u00efm la nostra identitat i la nostra salut psicol\u00f2gica, i desitgem poder servir-vos d\u2019ajuda per a superar les dificultats que existeixin. Per a aix\u00f2, oferim qualificaci\u00f3 i experi\u00e8ncia en l\u2019avaluaci\u00f3, diagn\u00f2stic i tractament d\u2019una gran varietat de problemes o trastorns psicol\u00f2gics en l\u2019\u00e0rea infanto-juvenil. Les nostres professionals es formen cont\u00ednuament i estan actualitzades en les novetats terap\u00e8utiques d\u2019aquesta \u00e0rea. Treballem dia a dia per a garantir-vos una atenci\u00f3 especialitzada, basada en aquells tractaments que han demostrat la seva efic\u00e0cia.<\/p>\n<p>Benvinguts a <span style=\"color: #99cc00;\"><strong>Psicologia Infanto-Juvenil Mallorca<\/strong><\/span>\u2026 volem cuidar de tu i de les persones que m\u00e9s t\u2019importen.<\/p>\n<p><\/p>\n<p style=\"text-align: justify;\"><div class=\"su-spacer\" style=\"height:20px\"><\/div>\n<h3><strong>Per qu\u00e8 triar Psicologia Infanto-Juvenil Mallorca?<\/strong><\/h3>\n<p>A m\u00e9s del descrit anteriorment, a Psicologia Infanto-Juvenil Mallorca desitgem aportar a la poblaci\u00f3 un servei especialitzat sobre els temes en els quals treballem i que podeu trobar en <a href=\"\/catala\/en-que-podem-ajudar-vos\/\/\">En qu\u00e8 podem ajudar-vos?<\/a><\/p>\n<p>Ens dediquem espec\u00edficament als problemes psicol\u00f2gics, dificultats d&#8217;aprenentatge i problemes de comportament, en els quals hem decidit especialitzar-nos i podem oferir el millor servei. D&#8217;aquesta manera, les fam\u00edlies que acudeixen al centre compten amb aquesta garantia de qualitat i comprom\u00eds.<\/p>\n<\/div>\n<\/div>\n<\/div>\n<\/div>\n<\/div>\n<\/div>\n\n\n<div class=\"wp-block-columns is-layout-flex wp-container-core-columns-is-layout-9d6595d7 wp-block-columns-is-layout-flex\">\n<div class=\"wp-block-column is-vertically-aligned-center is-layout-flow wp-block-column-is-layout-flow\">\n<div class=\"wp-block-columns is-layout-flex wp-container-core-columns-is-layout-9d6595d7 wp-block-columns-is-layout-flex\">\n<div class=\"wp-block-column is-layout-flow wp-block-column-is-layout-flow\" style=\"flex-basis:100%\">\n<div class=\"wp-block-group\"><div class=\"wp-block-group__inner-container is-layout-flow wp-block-group-is-layout-flow\"><div class=\"filabotons\"><div class=\"section-teammember\"><div class=\"ourteam_col \"><div class=\"ourteam_thumb\"><a href=\"https:\/\/psicologiainfantilmallorca.com\/catala\/our-team\/ainafiolveny\/\" title=\"Aina Fiol Veny\"><img loading=\"lazy\" decoding=\"async\" width=\"206\" height=\"275\" src=\"https:\/\/psicologiainfantilmallorca.com\/catala\/wp-content\/uploads\/2019\/06\/foto_aina.jpg\" class=\"attachment-270x275 size-270x275 wp-post-image\" alt=\"\" srcset=\"https:\/\/psicologiainfantilmallorca.com\/catala\/wp-content\/uploads\/2019\/06\/foto_aina.jpg 1500w, https:\/\/psicologiainfantilmallorca.com\/catala\/wp-content\/uploads\/2019\/06\/foto_aina-225x300.jpg 225w, https:\/\/psicologiainfantilmallorca.com\/catala\/wp-content\/uploads\/2019\/06\/foto_aina-768x1024.jpg 768w\" sizes=\"auto, (max-width: 206px) 100vw, 206px\" \/><\/a><\/div><div class=\"title_day_time\"><a href=\"https:\/\/psicologiainfantilmallorca.com\/catala\/our-team\/ainafiolveny\/\"><h4>Aina Fiol Veny<\/h4><\/a><div class=\"day_time\"><span class=\"member-desination\">Psic\u00f2loga General Sanit\u00e0ria Col\u00b7legiada N\u00ba B-02615<\/span><\/div><\/div><\/div><div class=\"ourteam_col \"><div class=\"ourteam_thumb\"><a href=\"https:\/\/psicologiainfantilmallorca.com\/catala\/our-team\/monica\/\" title=\"M\u00f3nica Arca P\u00e9rez\"><img loading=\"lazy\" decoding=\"async\" width=\"193\" height=\"275\" src=\"https:\/\/psicologiainfantilmallorca.com\/catala\/wp-content\/uploads\/2024\/02\/image0-scaled.jpeg\" class=\"attachment-270x275 size-270x275 wp-post-image\" alt=\"\" srcset=\"https:\/\/psicologiainfantilmallorca.com\/catala\/wp-content\/uploads\/2024\/02\/image0-scaled.jpeg 1795w, https:\/\/psicologiainfantilmallorca.com\/catala\/wp-content\/uploads\/2024\/02\/image0-210x300.jpeg 210w, https:\/\/psicologiainfantilmallorca.com\/catala\/wp-content\/uploads\/2024\/02\/image0-718x1024.jpeg 718w, https:\/\/psicologiainfantilmallorca.com\/catala\/wp-content\/uploads\/2024\/02\/image0-768x1095.jpeg 768w, https:\/\/psicologiainfantilmallorca.com\/catala\/wp-content\/uploads\/2024\/02\/image0-1077x1536.jpeg 1077w, https:\/\/psicologiainfantilmallorca.com\/catala\/wp-content\/uploads\/2024\/02\/image0-1436x2048.jpeg 1436w\" sizes=\"auto, (max-width: 193px) 100vw, 193px\" \/><\/a><\/div><div class=\"title_day_time\"><a href=\"https:\/\/psicologiainfantilmallorca.com\/catala\/our-team\/monica\/\"><h4>M\u00f3nica Arca P\u00e9rez<\/h4><\/a><div class=\"day_time\"><span class=\"member-desination\">Psic\u00f2loga General Sanit\u00e0ria Col\u00b7legiada N\u00ba B-02760<\/span><\/div><\/div><\/div><div class=\"ourteam_col  last\"><div class=\"ourteam_thumb\"><a href=\"https:\/\/psicologiainfantilmallorca.com\/catala\/our-team\/arancha\/\" title=\"Arancha Lorente Galiano\"><img loading=\"lazy\" decoding=\"async\" width=\"270\" height=\"238\" src=\"https:\/\/psicologiainfantilmallorca.com\/catala\/wp-content\/uploads\/2024\/05\/ARANCHA.jpg\" class=\"attachment-270x275 size-270x275 wp-post-image\" alt=\"\" srcset=\"https:\/\/psicologiainfantilmallorca.com\/catala\/wp-content\/uploads\/2024\/05\/ARANCHA.jpg 2048w, https:\/\/psicologiainfantilmallorca.com\/catala\/wp-content\/uploads\/2024\/05\/ARANCHA-300x265.jpg 300w, https:\/\/psicologiainfantilmallorca.com\/catala\/wp-content\/uploads\/2024\/05\/ARANCHA-1024x904.jpg 1024w, https:\/\/psicologiainfantilmallorca.com\/catala\/wp-content\/uploads\/2024\/05\/ARANCHA-768x678.jpg 768w, https:\/\/psicologiainfantilmallorca.com\/catala\/wp-content\/uploads\/2024\/05\/ARANCHA-1536x1356.jpg 1536w\" sizes=\"auto, (max-width: 270px) 100vw, 270px\" \/><\/a><\/div><div class=\"title_day_time\"><a href=\"https:\/\/psicologiainfantilmallorca.com\/catala\/our-team\/arancha\/\"><h4>Arancha Lorente Galiano<\/h4><\/a><div class=\"day_time\"><span class=\"member-desination\">Psic\u00f2loga General Sanit\u00e0ria Col\u00b7legiada. B-03674<\/span><\/div><\/div><\/div><div class=\"clear\"><\/div><div class=\"ourteam_col \"><div class=\"ourteam_thumb\"><a href=\"https:\/\/psicologiainfantilmallorca.com\/catala\/our-team\/marta-costoya-muniz\/\" title=\"Marta Costoya Mu\u00f1iz\"><img loading=\"lazy\" decoding=\"async\" width=\"225\" height=\"275\" src=\"https:\/\/psicologiainfantilmallorca.com\/catala\/wp-content\/uploads\/2025\/06\/psicologa-marta-costoya-colegiada-b-03923.jpg\" class=\"attachment-270x275 size-270x275 wp-post-image\" alt=\"Psic\u00f2loga Marta Costoya: Col\u00b7legiada N\u00fam. B-03923\" srcset=\"https:\/\/psicologiainfantilmallorca.com\/catala\/wp-content\/uploads\/2025\/06\/psicologa-marta-costoya-colegiada-b-03923.jpg 300w, https:\/\/psicologiainfantilmallorca.com\/catala\/wp-content\/uploads\/2025\/06\/psicologa-marta-costoya-colegiada-b-03923-246x300.jpg 246w\" sizes=\"auto, (max-width: 225px) 100vw, 225px\" \/><\/a><\/div><div class=\"title_day_time\"><a href=\"https:\/\/psicologiainfantilmallorca.com\/catala\/our-team\/marta-costoya-muniz\/\"><h4>Marta Costoya Mu\u00f1iz<\/h4><\/a><div class=\"day_time\"><span class=\"member-desination\">Psic\u00f2loga General Sanit\u00e0ria Col\u00b7legiada N\u00fam. B-03923<\/span><\/div><\/div><\/div><\/div><\/div>\n<\/div><\/div>\n<\/div>\n<\/div>\n<\/div>\n<\/div>\n\n\n\n<p><\/p>\n","protected":false},"excerpt":{"rendered":"<p>Psicologia Infanto-Juvenil Mallorca \u00e9s el departament d\u2019atenci\u00f3 psicol\u00f2gica a la inf\u00e0ncia i l\u2019adolesc\u00e8ncia pertanyent a l\u2019Institut Psicologia-Sexologia Mallorca. Aquest departament neix per a donar resposta a les necessitats d\u2019aquesta poblaci\u00f3 i aix\u00ed construir el seu benestar psicol\u00f2gic des de l\u2019arrel m\u00e9s primerenca. A Psicologia Infanto-Juvenil Mallorca sabem que la fam\u00edlia \u00e9s el sistema b\u00e0sic sobre&#8230; <\/p>\n","protected":false},"author":1,"featured_media":3167,"parent":0,"menu_order":2,"comment_status":"closed","ping_status":"closed","template":"full-width.php","meta":{"_joinchat":[],"footnotes":""},"class_list":["post-19","page","type-page","status-publish","has-post-thumbnail","hentry"],"yoast_head":"<!-- This site is optimized with the Yoast SEO plugin v25.6 - https:\/\/yoast.com\/wordpress\/plugins\/seo\/ -->\n<title>Psicolog\u00eda General Sanitaria Infantil en Palma Mallorca, Psicolog\u00eda Educativa en Palma Mallorca,Duelos y p\u00e9rdidas en Palma Mallorca, Problemas de Adaptaci\u00f3n en Palma Mallorca, Trastornos del Desarrollo en Palma Mallorca, Trastornos de Conducta Alimentaria en Palma Mallorca, Terapia ONLINE en Palma Mallorca y Terapia en Ingl\u00e9s en Palma Mallorca<\/title>\n<meta name=\"description\" content=\"Psicolog\u00eda Infanto-Juvenil Mallorca es el departamento de atenci\u00f3n psicol\u00f3gica a la infancia y adolescencia Mallorca\" \/>\n<meta name=\"robots\" content=\"index, follow, max-snippet:-1, max-image-preview:large, max-video-preview:-1\" \/>\n<link rel=\"canonical\" href=\"https:\/\/psicologiainfantilmallorca.com\/catala\/qui-som\/\" \/>\n<meta property=\"og:locale\" content=\"ca_ES\" \/>\n<meta property=\"og:type\" content=\"article\" \/>\n<meta property=\"og:title\" content=\"Psicolog\u00eda General Sanitaria Infantil en Palma Mallorca, Psicolog\u00eda Educativa en Palma Mallorca,Duelos y p\u00e9rdidas en Palma Mallorca, Problemas de Adaptaci\u00f3n en Palma Mallorca, Trastornos del Desarrollo en Palma Mallorca, Trastornos de Conducta Alimentaria en Palma Mallorca, Terapia ONLINE en Palma Mallorca y Terapia en Ingl\u00e9s en Palma Mallorca\" \/>\n<meta property=\"og:description\" content=\"Psicolog\u00eda Infanto-Juvenil Mallorca es el departamento de atenci\u00f3n psicol\u00f3gica a la infancia y adolescencia Mallorca\" \/>\n<meta property=\"og:url\" content=\"https:\/\/psicologiainfantilmallorca.com\/catala\/qui-som\/\" \/>\n<meta property=\"og:site_name\" content=\"PSICOLOGIA INFANTIL MALLORCA\" \/>\n<meta property=\"article:modified_time\" content=\"2024-02-12T20:32:18+00:00\" \/>\n<meta property=\"og:image\" content=\"https:\/\/psicologiainfantilmallorca.com\/catala\/wp-content\/uploads\/2022\/10\/fondotauleta.png\" \/>\n\t<meta property=\"og:image:width\" content=\"1713\" \/>\n\t<meta property=\"og:image:height\" content=\"626\" \/>\n\t<meta property=\"og:image:type\" content=\"image\/png\" \/>\n<meta name=\"twitter:card\" content=\"summary_large_image\" \/>\n<meta name=\"twitter:label1\" content=\"Temps estimat de lectura\" \/>\n\t<meta name=\"twitter:data1\" content=\"2 minuts\" \/>\n<script type=\"application\/ld+json\" class=\"yoast-schema-graph\">{\"@context\":\"https:\/\/schema.org\",\"@graph\":[{\"@type\":\"WebPage\",\"@id\":\"https:\/\/psicologiainfantilmallorca.com\/catala\/qui-som\/\",\"url\":\"https:\/\/psicologiainfantilmallorca.com\/catala\/qui-som\/\",\"name\":\"Psicolog\u00eda General Sanitaria Infantil en Palma Mallorca, Psicolog\u00eda Educativa en Palma Mallorca,Duelos y p\u00e9rdidas en Palma Mallorca, Problemas de Adaptaci\u00f3n en Palma Mallorca, Trastornos del Desarrollo en Palma Mallorca, Trastornos de Conducta Alimentaria en Palma Mallorca, Terapia ONLINE en Palma Mallorca y Terapia en Ingl\u00e9s en Palma Mallorca\",\"isPartOf\":{\"@id\":\"https:\/\/psicologiainfantilmallorca.com\/catala\/#website\"},\"primaryImageOfPage\":{\"@id\":\"https:\/\/psicologiainfantilmallorca.com\/catala\/qui-som\/#primaryimage\"},\"image\":{\"@id\":\"https:\/\/psicologiainfantilmallorca.com\/catala\/qui-som\/#primaryimage\"},\"thumbnailUrl\":\"https:\/\/psicologiainfantilmallorca.com\/catala\/wp-content\/uploads\/2022\/10\/fondotauleta.png\",\"datePublished\":\"2015-01-09T21:09:11+00:00\",\"dateModified\":\"2024-02-12T20:32:18+00:00\",\"description\":\"Psicolog\u00eda Infanto-Juvenil Mallorca es el departamento de atenci\u00f3n psicol\u00f3gica a la infancia y adolescencia Mallorca\",\"breadcrumb\":{\"@id\":\"https:\/\/psicologiainfantilmallorca.com\/catala\/qui-som\/#breadcrumb\"},\"inLanguage\":\"ca\",\"potentialAction\":[{\"@type\":\"ReadAction\",\"target\":[\"https:\/\/psicologiainfantilmallorca.com\/catala\/qui-som\/\"]}]},{\"@type\":\"ImageObject\",\"inLanguage\":\"ca\",\"@id\":\"https:\/\/psicologiainfantilmallorca.com\/catala\/qui-som\/#primaryimage\",\"url\":\"https:\/\/psicologiainfantilmallorca.com\/catala\/wp-content\/uploads\/2022\/10\/fondotauleta.png\",\"contentUrl\":\"https:\/\/psicologiainfantilmallorca.com\/catala\/wp-content\/uploads\/2022\/10\/fondotauleta.png\",\"width\":1713,\"height\":626},{\"@type\":\"BreadcrumbList\",\"@id\":\"https:\/\/psicologiainfantilmallorca.com\/catala\/qui-som\/#breadcrumb\",\"itemListElement\":[{\"@type\":\"ListItem\",\"position\":1,\"name\":\"Portada\",\"item\":\"https:\/\/psicologiainfantilmallorca.com\/catala\/\"},{\"@type\":\"ListItem\",\"position\":2,\"name\":\"Qui Som?\"}]},{\"@type\":\"WebSite\",\"@id\":\"https:\/\/psicologiainfantilmallorca.com\/catala\/#website\",\"url\":\"https:\/\/psicologiainfantilmallorca.com\/catala\/\",\"name\":\"PSICOLOGIA INFANTIL MALLORCA\",\"description\":\"psicologiainfantilmallorca.com\",\"potentialAction\":[{\"@type\":\"SearchAction\",\"target\":{\"@type\":\"EntryPoint\",\"urlTemplate\":\"https:\/\/psicologiainfantilmallorca.com\/catala\/?s={search_term_string}\"},\"query-input\":{\"@type\":\"PropertyValueSpecification\",\"valueRequired\":true,\"valueName\":\"search_term_string\"}}],\"inLanguage\":\"ca\"}]}<\/script>\n<!-- \/ Yoast SEO plugin. -->","yoast_head_json":{"title":"Psicolog\u00eda General Sanitaria Infantil en Palma Mallorca, Psicolog\u00eda Educativa en Palma Mallorca,Duelos y p\u00e9rdidas en Palma Mallorca, Problemas de Adaptaci\u00f3n en Palma Mallorca, Trastornos del Desarrollo en Palma Mallorca, Trastornos de Conducta Alimentaria en Palma Mallorca, Terapia ONLINE en Palma Mallorca y Terapia en Ingl\u00e9s en Palma Mallorca","description":"Psicolog\u00eda Infanto-Juvenil Mallorca es el departamento de atenci\u00f3n psicol\u00f3gica a la infancia y adolescencia Mallorca","robots":{"index":"index","follow":"follow","max-snippet":"max-snippet:-1","max-image-preview":"max-image-preview:large","max-video-preview":"max-video-preview:-1"},"canonical":"https:\/\/psicologiainfantilmallorca.com\/catala\/qui-som\/","og_locale":"ca_ES","og_type":"article","og_title":"Psicolog\u00eda General Sanitaria Infantil en Palma Mallorca, Psicolog\u00eda Educativa en Palma Mallorca,Duelos y p\u00e9rdidas en Palma Mallorca, Problemas de Adaptaci\u00f3n en Palma Mallorca, Trastornos del Desarrollo en Palma Mallorca, Trastornos de Conducta Alimentaria en Palma Mallorca, Terapia ONLINE en Palma Mallorca y Terapia en Ingl\u00e9s en Palma Mallorca","og_description":"Psicolog\u00eda Infanto-Juvenil Mallorca es el departamento de atenci\u00f3n psicol\u00f3gica a la infancia y adolescencia Mallorca","og_url":"https:\/\/psicologiainfantilmallorca.com\/catala\/qui-som\/","og_site_name":"PSICOLOGIA INFANTIL MALLORCA","article_modified_time":"2024-02-12T20:32:18+00:00","og_image":[{"width":1713,"height":626,"url":"https:\/\/psicologiainfantilmallorca.com\/catala\/wp-content\/uploads\/2022\/10\/fondotauleta.png","type":"image\/png"}],"twitter_card":"summary_large_image","twitter_misc":{"Temps estimat de lectura":"2 minuts"},"schema":{"@context":"https:\/\/schema.org","@graph":[{"@type":"WebPage","@id":"https:\/\/psicologiainfantilmallorca.com\/catala\/qui-som\/","url":"https:\/\/psicologiainfantilmallorca.com\/catala\/qui-som\/","name":"Psicolog\u00eda General Sanitaria Infantil en Palma Mallorca, Psicolog\u00eda Educativa en Palma Mallorca,Duelos y p\u00e9rdidas en Palma Mallorca, Problemas de Adaptaci\u00f3n en Palma Mallorca, Trastornos del Desarrollo en Palma Mallorca, Trastornos de Conducta Alimentaria en Palma Mallorca, Terapia ONLINE en Palma Mallorca y Terapia en Ingl\u00e9s en Palma Mallorca","isPartOf":{"@id":"https:\/\/psicologiainfantilmallorca.com\/catala\/#website"},"primaryImageOfPage":{"@id":"https:\/\/psicologiainfantilmallorca.com\/catala\/qui-som\/#primaryimage"},"image":{"@id":"https:\/\/psicologiainfantilmallorca.com\/catala\/qui-som\/#primaryimage"},"thumbnailUrl":"https:\/\/psicologiainfantilmallorca.com\/catala\/wp-content\/uploads\/2022\/10\/fondotauleta.png","datePublished":"2015-01-09T21:09:11+00:00","dateModified":"2024-02-12T20:32:18+00:00","description":"Psicolog\u00eda Infanto-Juvenil Mallorca es el departamento de atenci\u00f3n psicol\u00f3gica a la infancia y adolescencia Mallorca","breadcrumb":{"@id":"https:\/\/psicologiainfantilmallorca.com\/catala\/qui-som\/#breadcrumb"},"inLanguage":"ca","potentialAction":[{"@type":"ReadAction","target":["https:\/\/psicologiainfantilmallorca.com\/catala\/qui-som\/"]}]},{"@type":"ImageObject","inLanguage":"ca","@id":"https:\/\/psicologiainfantilmallorca.com\/catala\/qui-som\/#primaryimage","url":"https:\/\/psicologiainfantilmallorca.com\/catala\/wp-content\/uploads\/2022\/10\/fondotauleta.png","contentUrl":"https:\/\/psicologiainfantilmallorca.com\/catala\/wp-content\/uploads\/2022\/10\/fondotauleta.png","width":1713,"height":626},{"@type":"BreadcrumbList","@id":"https:\/\/psicologiainfantilmallorca.com\/catala\/qui-som\/#breadcrumb","itemListElement":[{"@type":"ListItem","position":1,"name":"Portada","item":"https:\/\/psicologiainfantilmallorca.com\/catala\/"},{"@type":"ListItem","position":2,"name":"Qui Som?"}]},{"@type":"WebSite","@id":"https:\/\/psicologiainfantilmallorca.com\/catala\/#website","url":"https:\/\/psicologiainfantilmallorca.com\/catala\/","name":"PSICOLOGIA INFANTIL MALLORCA","description":"psicologiainfantilmallorca.com","potentialAction":[{"@type":"SearchAction","target":{"@type":"EntryPoint","urlTemplate":"https:\/\/psicologiainfantilmallorca.com\/catala\/?s={search_term_string}"},"query-input":{"@type":"PropertyValueSpecification","valueRequired":true,"valueName":"search_term_string"}}],"inLanguage":"ca"}]}},"_links":{"self":[{"href":"https:\/\/psicologiainfantilmallorca.com\/catala\/wp-json\/wp\/v2\/pages\/19","targetHints":{"allow":["GET"]}}],"collection":[{"href":"https:\/\/psicologiainfantilmallorca.com\/catala\/wp-json\/wp\/v2\/pages"}],"about":[{"href":"https:\/\/psicologiainfantilmallorca.com\/catala\/wp-json\/wp\/v2\/types\/page"}],"author":[{"embeddable":true,"href":"https:\/\/psicologiainfantilmallorca.com\/catala\/wp-json\/wp\/v2\/users\/1"}],"replies":[{"embeddable":true,"href":"https:\/\/psicologiainfantilmallorca.com\/catala\/wp-json\/wp\/v2\/comments?post=19"}],"version-history":[{"count":187,"href":"https:\/\/psicologiainfantilmallorca.com\/catala\/wp-json\/wp\/v2\/pages\/19\/revisions"}],"predecessor-version":[{"id":3298,"href":"https:\/\/psicologiainfantilmallorca.com\/catala\/wp-json\/wp\/v2\/pages\/19\/revisions\/3298"}],"wp:featuredmedia":[{"embeddable":true,"href":"https:\/\/psicologiainfantilmallorca.com\/catala\/wp-json\/wp\/v2\/media\/3167"}],"wp:attachment":[{"href":"https:\/\/psicologiainfantilmallorca.com\/catala\/wp-json\/wp\/v2\/media?parent=19"}],"curies":[{"name":"wp","href":"https:\/\/api.w.org\/{rel}","templated":true}]}}