{"id":1213,"date":"2019-02-20T08:08:08","date_gmt":"2019-02-20T08:08:08","guid":{"rendered":"http:\/\/www.psicologiasexologiamallorca.com\/?page_id=1213"},"modified":"2022-10-10T09:19:50","modified_gmt":"2022-10-10T09:19:50","slug":"testimonios","status":"publish","type":"page","link":"https:\/\/psicologiainfantilmallorca.com\/catala\/testimonios\/","title":{"rendered":"Testimonis"},"content":{"rendered":"<div class=\"strong-view strong-view-id-2 default wpmtst-default image-right dark strong-pager\" data-count=4 data-pager-var=strong_pager_id_2 data-state=idle><div class=\"strong-content strong-paginated strong-normal columns-1\"><div class=\"wpmtst-testimonial testimonial post-1606\"><div class=\"wpmtst-testimonial-inner testimonial-inner\"><div    class=\"wpmtst-testimonial-content testimonial-content\"><div class=\"wpmtst-testimonial-image testimonial-image\"><img loading=\"lazy\" decoding=\"async\" width=\"75\" height=\"75\" src=\"https:\/\/psicologiainfantilmallorca.com\/catala\/wp-content\/uploads\/2021\/07\/quote-75x75.png\" class=\"attachment-widget-thumbnail size-widget-thumbnail wp-post-image\" alt=\"\" srcset=\"https:\/\/psicologiainfantilmallorca.com\/catala\/wp-content\/uploads\/2021\/07\/quote-75x75.png 75w, https:\/\/psicologiainfantilmallorca.com\/catala\/wp-content\/uploads\/2021\/07\/quote.png 300w, https:\/\/psicologiainfantilmallorca.com\/catala\/wp-content\/uploads\/2021\/07\/quote-150x150.png 150w\" sizes=\"auto, (max-width: 75px) 100vw, 75px\" \/><\/div><div class=\"maybe-clear\"><\/div><p><em>Acudimos a consulta porque nuestros hijos peque\u00f1os no paraban de pelearse, tener celos entre ellos, etc. y no consegu\u00edamos manejar la situaci\u00f3n. La psic\u00f3loga nos ayud\u00f3 much\u00edsimo y, aunque hay que seguir trabajando d\u00eda a d\u00eda, ya no tenemos ni la mitad de dificultades y nos sentimos m\u00e1s seguros<\/em><\/p><\/div><div class=\"clear\"><\/div><\/div><\/div><div class=\"wpmtst-testimonial testimonial post-3045\"><div class=\"wpmtst-testimonial-inner testimonial-inner\"><div    class=\"wpmtst-testimonial-content testimonial-content\"><div class=\"wpmtst-testimonial-image testimonial-image\"><img loading=\"lazy\" decoding=\"async\" width=\"75\" height=\"75\" src=\"https:\/\/psicologiainfantilmallorca.com\/catala\/wp-content\/uploads\/2021\/07\/quote-75x75.png\" class=\"attachment-widget-thumbnail size-widget-thumbnail wp-post-image\" alt=\"\" srcset=\"https:\/\/psicologiainfantilmallorca.com\/catala\/wp-content\/uploads\/2021\/07\/quote-75x75.png 75w, https:\/\/psicologiainfantilmallorca.com\/catala\/wp-content\/uploads\/2021\/07\/quote.png 300w, https:\/\/psicologiainfantilmallorca.com\/catala\/wp-content\/uploads\/2021\/07\/quote-150x150.png 150w\" sizes=\"auto, (max-width: 75px) 100vw, 75px\" \/><\/div><div class=\"maybe-clear\"><\/div><p><em>Realmente venir a terapia me ha hecho cambiar como persona y como era mi forma de pensar y opini\u00f3n respecto a mi vida. Venir con una edad medianamente temprana y una etapa rara como es la adolescencia puede ser de las cosas de las que m\u00e1s me podr\u00e9 sentir orgullosa en un futuro lejano porque a lo mejor sin esto, no habr\u00eda llegado muy lejos o me habr\u00eda rendido muy pronto.<\/em><\/p><p><em>Me puedo sentir orgullosa de haber sido valiente y no haberme rendido, por afrontar mis problemas en vez de evitarlos, por haber decidido contar lo que se me pasaba por la mente y no haber seguido call\u00e1ndomelo y por poder haber sacado fuerzas para despertarme cada ma\u00f1ana y no lamentar haberlo hecho como hac\u00eda antes.<\/em><\/p><p><em>Gracias a esto he aprendido much\u00edsimas cosas, pero sobre todo a valorar mi vida como lo merece.<\/em><\/p><\/div><div class=\"clear\"><\/div><\/div><\/div><div class=\"wpmtst-testimonial testimonial post-1608\"><div class=\"wpmtst-testimonial-inner testimonial-inner\"><div    class=\"wpmtst-testimonial-content testimonial-content\"><div class=\"wpmtst-testimonial-image testimonial-image\"><img loading=\"lazy\" decoding=\"async\" width=\"75\" height=\"75\" src=\"https:\/\/psicologiainfantilmallorca.com\/catala\/wp-content\/uploads\/2021\/07\/quote-75x75.png\" class=\"attachment-widget-thumbnail size-widget-thumbnail wp-post-image\" alt=\"\" srcset=\"https:\/\/psicologiainfantilmallorca.com\/catala\/wp-content\/uploads\/2021\/07\/quote-75x75.png 75w, https:\/\/psicologiainfantilmallorca.com\/catala\/wp-content\/uploads\/2021\/07\/quote.png 300w, https:\/\/psicologiainfantilmallorca.com\/catala\/wp-content\/uploads\/2021\/07\/quote-150x150.png 150w\" sizes=\"auto, (max-width: 75px) 100vw, 75px\" \/><\/div><div class=\"maybe-clear\"><\/div><p><em>Tengo 16 a\u00f1os y ya hab\u00eda ido antes a otras psic\u00f3logas pero con ninguna me hab\u00eda sentido tan bien. Me entendi\u00f3 desde el primer momento y me ayud\u00f3 mucho con mis problemas de autoestima. He pasado de casi no tener amigos y no atreverme a ir a la playa para no mostrar mi cuerpo, a tener una vida totalmente normal en esos aspectos. Millones de gracias<\/em><\/p><\/div><div class=\"clear\"><\/div><\/div><\/div><div class=\"wpmtst-testimonial testimonial post-2594\"><div class=\"wpmtst-testimonial-inner testimonial-inner\"><div    class=\"wpmtst-testimonial-content testimonial-content\"><div class=\"wpmtst-testimonial-image testimonial-image\"><img loading=\"lazy\" decoding=\"async\" width=\"75\" height=\"75\" src=\"https:\/\/psicologiainfantilmallorca.com\/catala\/wp-content\/uploads\/2021\/07\/quote-75x75.png\" class=\"attachment-widget-thumbnail size-widget-thumbnail wp-post-image\" alt=\"\" srcset=\"https:\/\/psicologiainfantilmallorca.com\/catala\/wp-content\/uploads\/2021\/07\/quote-75x75.png 75w, https:\/\/psicologiainfantilmallorca.com\/catala\/wp-content\/uploads\/2021\/07\/quote.png 300w, https:\/\/psicologiainfantilmallorca.com\/catala\/wp-content\/uploads\/2021\/07\/quote-150x150.png 150w\" sizes=\"auto, (max-width: 75px) 100vw, 75px\" \/><\/div><div class=\"maybe-clear\"><\/div><p><em>No sab\u00edamos qu\u00e9 hacer cuando le diagnosticaron TDAH a mi hijo de 9 a\u00f1os. Me recomendaron el centro y tanto mi marido como yo estamos muy satisfechos con el progreso que ha hecho y tambi\u00e9n con el que hemos hecho nosotros para comprender la nueva situaci\u00f3n. Lo mejor: el abordaje con toda la familia en conjunto.<\/em><\/p><\/div><div class=\"clear\"><\/div><\/div><\/div><\/div><\/div>\n","protected":false},"excerpt":{"rendered":"","protected":false},"author":1,"featured_media":2880,"parent":0,"menu_order":0,"comment_status":"closed","ping_status":"closed","template":"testimonial.php","meta":{"_joinchat":[],"footnotes":""},"class_list":["post-1213","page","type-page","status-publish","has-post-thumbnail","hentry"],"yoast_head":"<!-- This site is optimized with the Yoast SEO plugin v25.6 - https:\/\/yoast.com\/wordpress\/plugins\/seo\/ -->\n<title>Testimonis - PSICOLOGIA INFANTIL MALLORCA<\/title>\n<meta name=\"robots\" content=\"index, follow, max-snippet:-1, max-image-preview:large, max-video-preview:-1\" \/>\n<link rel=\"canonical\" href=\"https:\/\/psicologiainfantilmallorca.com\/catala\/testimonios\/\" \/>\n<meta property=\"og:locale\" content=\"ca_ES\" \/>\n<meta property=\"og:type\" content=\"article\" \/>\n<meta property=\"og:title\" content=\"Testimonis - PSICOLOGIA INFANTIL MALLORCA\" \/>\n<meta property=\"og:url\" content=\"https:\/\/psicologiainfantilmallorca.com\/catala\/testimonios\/\" \/>\n<meta property=\"og:site_name\" content=\"PSICOLOGIA INFANTIL MALLORCA\" \/>\n<meta property=\"article:modified_time\" content=\"2022-10-10T09:19:50+00:00\" \/>\n<meta property=\"og:image\" content=\"https:\/\/psicologiainfantilmallorca.com\/catala\/wp-content\/uploads\/2022\/08\/testimonios2.png\" \/>\n\t<meta property=\"og:image:width\" content=\"792\" \/>\n\t<meta property=\"og:image:height\" content=\"198\" \/>\n\t<meta property=\"og:image:type\" content=\"image\/png\" \/>\n<meta name=\"twitter:card\" content=\"summary_large_image\" \/>\n<script type=\"application\/ld+json\" class=\"yoast-schema-graph\">{\"@context\":\"https:\/\/schema.org\",\"@graph\":[{\"@type\":\"WebPage\",\"@id\":\"https:\/\/psicologiainfantilmallorca.com\/catala\/testimonios\/\",\"url\":\"https:\/\/psicologiainfantilmallorca.com\/catala\/testimonios\/\",\"name\":\"Testimonis - PSICOLOGIA INFANTIL MALLORCA\",\"isPartOf\":{\"@id\":\"https:\/\/psicologiainfantilmallorca.com\/catala\/#website\"},\"primaryImageOfPage\":{\"@id\":\"https:\/\/psicologiainfantilmallorca.com\/catala\/testimonios\/#primaryimage\"},\"image\":{\"@id\":\"https:\/\/psicologiainfantilmallorca.com\/catala\/testimonios\/#primaryimage\"},\"thumbnailUrl\":\"https:\/\/psicologiainfantilmallorca.com\/catala\/wp-content\/uploads\/2022\/08\/testimonios2.png\",\"datePublished\":\"2019-02-20T08:08:08+00:00\",\"dateModified\":\"2022-10-10T09:19:50+00:00\",\"breadcrumb\":{\"@id\":\"https:\/\/psicologiainfantilmallorca.com\/catala\/testimonios\/#breadcrumb\"},\"inLanguage\":\"ca\",\"potentialAction\":[{\"@type\":\"ReadAction\",\"target\":[\"https:\/\/psicologiainfantilmallorca.com\/catala\/testimonios\/\"]}]},{\"@type\":\"ImageObject\",\"inLanguage\":\"ca\",\"@id\":\"https:\/\/psicologiainfantilmallorca.com\/catala\/testimonios\/#primaryimage\",\"url\":\"https:\/\/psicologiainfantilmallorca.com\/catala\/wp-content\/uploads\/2022\/08\/testimonios2.png\",\"contentUrl\":\"https:\/\/psicologiainfantilmallorca.com\/catala\/wp-content\/uploads\/2022\/08\/testimonios2.png\",\"width\":792,\"height\":198},{\"@type\":\"BreadcrumbList\",\"@id\":\"https:\/\/psicologiainfantilmallorca.com\/catala\/testimonios\/#breadcrumb\",\"itemListElement\":[{\"@type\":\"ListItem\",\"position\":1,\"name\":\"Portada\",\"item\":\"https:\/\/psicologiainfantilmallorca.com\/catala\/\"},{\"@type\":\"ListItem\",\"position\":2,\"name\":\"Testimonis\"}]},{\"@type\":\"WebSite\",\"@id\":\"https:\/\/psicologiainfantilmallorca.com\/catala\/#website\",\"url\":\"https:\/\/psicologiainfantilmallorca.com\/catala\/\",\"name\":\"PSICOLOGIA INFANTIL MALLORCA\",\"description\":\"psicologiainfantilmallorca.com\",\"potentialAction\":[{\"@type\":\"SearchAction\",\"target\":{\"@type\":\"EntryPoint\",\"urlTemplate\":\"https:\/\/psicologiainfantilmallorca.com\/catala\/?s={search_term_string}\"},\"query-input\":{\"@type\":\"PropertyValueSpecification\",\"valueRequired\":true,\"valueName\":\"search_term_string\"}}],\"inLanguage\":\"ca\"}]}<\/script>\n<!-- \/ Yoast SEO plugin. -->","yoast_head_json":{"title":"Testimonis - PSICOLOGIA INFANTIL MALLORCA","robots":{"index":"index","follow":"follow","max-snippet":"max-snippet:-1","max-image-preview":"max-image-preview:large","max-video-preview":"max-video-preview:-1"},"canonical":"https:\/\/psicologiainfantilmallorca.com\/catala\/testimonios\/","og_locale":"ca_ES","og_type":"article","og_title":"Testimonis - PSICOLOGIA INFANTIL MALLORCA","og_url":"https:\/\/psicologiainfantilmallorca.com\/catala\/testimonios\/","og_site_name":"PSICOLOGIA INFANTIL MALLORCA","article_modified_time":"2022-10-10T09:19:50+00:00","og_image":[{"width":792,"height":198,"url":"https:\/\/psicologiainfantilmallorca.com\/catala\/wp-content\/uploads\/2022\/08\/testimonios2.png","type":"image\/png"}],"twitter_card":"summary_large_image","schema":{"@context":"https:\/\/schema.org","@graph":[{"@type":"WebPage","@id":"https:\/\/psicologiainfantilmallorca.com\/catala\/testimonios\/","url":"https:\/\/psicologiainfantilmallorca.com\/catala\/testimonios\/","name":"Testimonis - PSICOLOGIA INFANTIL MALLORCA","isPartOf":{"@id":"https:\/\/psicologiainfantilmallorca.com\/catala\/#website"},"primaryImageOfPage":{"@id":"https:\/\/psicologiainfantilmallorca.com\/catala\/testimonios\/#primaryimage"},"image":{"@id":"https:\/\/psicologiainfantilmallorca.com\/catala\/testimonios\/#primaryimage"},"thumbnailUrl":"https:\/\/psicologiainfantilmallorca.com\/catala\/wp-content\/uploads\/2022\/08\/testimonios2.png","datePublished":"2019-02-20T08:08:08+00:00","dateModified":"2022-10-10T09:19:50+00:00","breadcrumb":{"@id":"https:\/\/psicologiainfantilmallorca.com\/catala\/testimonios\/#breadcrumb"},"inLanguage":"ca","potentialAction":[{"@type":"ReadAction","target":["https:\/\/psicologiainfantilmallorca.com\/catala\/testimonios\/"]}]},{"@type":"ImageObject","inLanguage":"ca","@id":"https:\/\/psicologiainfantilmallorca.com\/catala\/testimonios\/#primaryimage","url":"https:\/\/psicologiainfantilmallorca.com\/catala\/wp-content\/uploads\/2022\/08\/testimonios2.png","contentUrl":"https:\/\/psicologiainfantilmallorca.com\/catala\/wp-content\/uploads\/2022\/08\/testimonios2.png","width":792,"height":198},{"@type":"BreadcrumbList","@id":"https:\/\/psicologiainfantilmallorca.com\/catala\/testimonios\/#breadcrumb","itemListElement":[{"@type":"ListItem","position":1,"name":"Portada","item":"https:\/\/psicologiainfantilmallorca.com\/catala\/"},{"@type":"ListItem","position":2,"name":"Testimonis"}]},{"@type":"WebSite","@id":"https:\/\/psicologiainfantilmallorca.com\/catala\/#website","url":"https:\/\/psicologiainfantilmallorca.com\/catala\/","name":"PSICOLOGIA INFANTIL MALLORCA","description":"psicologiainfantilmallorca.com","potentialAction":[{"@type":"SearchAction","target":{"@type":"EntryPoint","urlTemplate":"https:\/\/psicologiainfantilmallorca.com\/catala\/?s={search_term_string}"},"query-input":{"@type":"PropertyValueSpecification","valueRequired":true,"valueName":"search_term_string"}}],"inLanguage":"ca"}]}},"_links":{"self":[{"href":"https:\/\/psicologiainfantilmallorca.com\/catala\/wp-json\/wp\/v2\/pages\/1213","targetHints":{"allow":["GET"]}}],"collection":[{"href":"https:\/\/psicologiainfantilmallorca.com\/catala\/wp-json\/wp\/v2\/pages"}],"about":[{"href":"https:\/\/psicologiainfantilmallorca.com\/catala\/wp-json\/wp\/v2\/types\/page"}],"author":[{"embeddable":true,"href":"https:\/\/psicologiainfantilmallorca.com\/catala\/wp-json\/wp\/v2\/users\/1"}],"replies":[{"embeddable":true,"href":"https:\/\/psicologiainfantilmallorca.com\/catala\/wp-json\/wp\/v2\/comments?post=1213"}],"version-history":[{"count":52,"href":"https:\/\/psicologiainfantilmallorca.com\/catala\/wp-json\/wp\/v2\/pages\/1213\/revisions"}],"predecessor-version":[{"id":3059,"href":"https:\/\/psicologiainfantilmallorca.com\/catala\/wp-json\/wp\/v2\/pages\/1213\/revisions\/3059"}],"wp:featuredmedia":[{"embeddable":true,"href":"https:\/\/psicologiainfantilmallorca.com\/catala\/wp-json\/wp\/v2\/media\/2880"}],"wp:attachment":[{"href":"https:\/\/psicologiainfantilmallorca.com\/catala\/wp-json\/wp\/v2\/media?parent=1213"}],"curies":[{"name":"wp","href":"https:\/\/api.w.org\/{rel}","templated":true}]}}